{"id":683,"date":"2024-12-17T10:33:24","date_gmt":"2024-12-17T10:33:24","guid":{"rendered":"https:\/\/americanpremiernutritions.com\/?post_type=product&#038;p=683"},"modified":"2026-03-14T10:06:43","modified_gmt":"2026-03-14T10:06:43","slug":"glutamine-k4","status":"publish","type":"product","link":"https:\/\/californiafitnessproducts.com\/it\/product\/glutamine-k4\/","title":{"rendered":"GLUTAMINE K4"},"content":{"rendered":"<h2 data-start=\"98\" data-end=\"149\"><strong data-start=\"104\" data-end=\"147\">Applied Nutrition \u2013 L-Glutamine 4000 mg<\/strong><\/h2>\n<h3 data-start=\"150\" data-end=\"213\">L\u2019acide amin\u00e9 cl\u00e9 pour la r\u00e9cup\u00e9ration et la performance.<\/h3>\n<p data-start=\"215\" data-end=\"455\"><strong data-start=\"218\" data-end=\"234\">La glutamine<\/strong>, l\u2019acide amin\u00e9 le plus abondant du corps, repr\u00e9sente plus de <strong data-start=\"296\" data-end=\"344\">60 % des acides amin\u00e9s libres dans le muscle<\/strong>. Id\u00e9ale pour les sportifs, elle soutient la r\u00e9cup\u00e9ration et la sant\u00e9 musculaire apr\u00e8s chaque s\u00e9ance intense.<\/p>\n<h3 data-start=\"457\" data-end=\"513\">\u2705 <strong data-start=\"463\" data-end=\"511\">Pourquoi choisir nos capsules de glutamine ?<\/strong><\/h3>\n<ul data-start=\"514\" data-end=\"895\">\n<li data-start=\"514\" data-end=\"565\">\n<p data-start=\"516\" data-end=\"565\">\ud83d\udd39 <strong data-start=\"519\" data-end=\"551\">4 000 mg de L-Glutamine pure<\/strong> par portion<\/p>\n<\/li>\n<li data-start=\"566\" data-end=\"627\">\n<p data-start=\"568\" data-end=\"627\">\ud83d\udd39 <strong data-start=\"571\" data-end=\"597\">Qualit\u00e9 pharmaceutique<\/strong> et test\u00e9e pour les athl\u00e8tes<\/p>\n<\/li>\n<li data-start=\"628\" data-end=\"730\">\n<p data-start=\"630\" data-end=\"730\">\ud83d\udd39 <strong data-start=\"633\" data-end=\"654\">G\u00e9lules v\u00e9g\u00e9tales<\/strong> \u2013 adapt\u00e9es \u00e0 tous (restrictions alimentaires, religieuses ou culturelles)<\/p>\n<\/li>\n<li data-start=\"731\" data-end=\"756\">\n<p data-start=\"733\" data-end=\"756\">\ud83d\udd39 <strong data-start=\"736\" data-end=\"754\">Certifi\u00e9 Halal<\/strong><\/p>\n<\/li>\n<li data-start=\"757\" data-end=\"818\">\n<p data-start=\"759\" data-end=\"818\">\ud83d\udd39 <strong data-start=\"762\" data-end=\"782\">Faciles \u00e0 avaler<\/strong> pour une prise rapide et pratique<\/p>\n<\/li>\n<li data-start=\"819\" data-end=\"895\">\n<p data-start=\"821\" data-end=\"895\">\ud83d\udd39 <strong data-start=\"824\" data-end=\"872\">Aide \u00e0 restaurer les niveaux d\u2019acides amin\u00e9s<\/strong> apr\u00e8s l\u2019entra\u00eenement<\/p>\n<\/li>\n<\/ul>\n<p data-start=\"897\" data-end=\"1030\">\ud83d\udcaa <strong data-start=\"900\" data-end=\"914\">R\u00e9sultat :<\/strong> r\u00e9cup\u00e9ration optimis\u00e9e, soutien de la masse musculaire et meilleure pr\u00e9paration pour vos prochaines performances.<\/p>\n<p>Utilisation recommand\u00e9e: Prendre 1 dose de 4 capsules par jour. Il est pr\u00e9f\u00e9rable de consommer la glutamine apr\u00e8s l&rsquo;entra\u00eenement pour aider \u00e0 restaurer les niveaux de glutamine musculaire \u00e9puis\u00e9s. Avertissement<em> : les compl\u00e9ments alimentaires ne se substituent pas \u00e0 une alimentation vari\u00e9e et \u00e9quilibr\u00e9e. Ne pas d\u00e9passer le dosage recommand\u00e9 et tenir hors de port\u00e9e des enfants.<\/em><\/p>\n<h5>INFORMAZIONI NUTRIZIONALI<\/h5>\n<p><strong>QUANTIT\u00c9 DE PORTION<br \/>\n<\/strong><strong>Taille de la portion :<\/strong> 4 capsules | <strong>Portion par contenant :<\/strong>\u00a030<\/p>\n<p><strong>Quantit\u00e9 par portion : <\/strong>L-Glutamine 4000 mg<\/p>\n<p><strong>INGR\u00c9DIENTS<br \/>\n<\/strong>L-Glutamine, HPMC (enveloppe de capsule v\u00e9g\u00e9tarienne).<\/p>","protected":false},"excerpt":{"rendered":"<p data-start=\"91\" data-end=\"191\">\ud83d\udca5 <strong data-start=\"138\" data-end=\"189\">L-Glutamine Pure : Boostez votre R\u00e9cup\u00e9ration !<\/strong><\/p>\n<p data-start=\"194\" data-end=\"232\">\ud83d\udd39 Qualit\u00e9 pharmaceutique 100 % pure<\/p>\n<p data-start=\"235\" data-end=\"281\">\ud83d\udd39 Restaure les acides amin\u00e9s apr\u00e8s l\u2019effort<\/p>\n<p data-start=\"284\" data-end=\"317\">\ud83d\udd39 \u00c9nergie et endurance accrues<\/p>\n<p data-start=\"320\" data-end=\"356\">\ud83d\udd39 R\u00e9cup\u00e9ration rapide et efficace<\/p>\n<p data-start=\"359\" data-end=\"395\">\ud83d\udd39 D\u00e9finition musculaire optimis\u00e9e<\/p>","protected":false},"featured_media":709,"template":"","meta":{"_acf_changed":false},"product_brand":[],"product_cat":[52,56,46],"product_tag":[66,64],"class_list":{"0":"post-683","1":"product","2":"type-product","3":"status-publish","4":"has-post-thumbnail","6":"product_cat-acides-amines","7":"product_cat-bien-etre","8":"product_cat-energie-et-vitalite","9":"product_tag-complements","10":"product_tag-performance","12":"first","13":"outofstock","14":"taxable","15":"shipping-taxable","16":"purchasable","17":"product-type-simple"},"acf":[],"_links":{"self":[{"href":"https:\/\/californiafitnessproducts.com\/it\/wp-json\/wp\/v2\/product\/683","targetHints":{"allow":["GET"]}}],"collection":[{"href":"https:\/\/californiafitnessproducts.com\/it\/wp-json\/wp\/v2\/product"}],"about":[{"href":"https:\/\/californiafitnessproducts.com\/it\/wp-json\/wp\/v2\/types\/product"}],"version-history":[{"count":2,"href":"https:\/\/californiafitnessproducts.com\/it\/wp-json\/wp\/v2\/product\/683\/revisions"}],"predecessor-version":[{"id":37797,"href":"https:\/\/californiafitnessproducts.com\/it\/wp-json\/wp\/v2\/product\/683\/revisions\/37797"}],"wp:featuredmedia":[{"embeddable":true,"href":"https:\/\/californiafitnessproducts.com\/it\/wp-json\/wp\/v2\/media\/709"}],"wp:attachment":[{"href":"https:\/\/californiafitnessproducts.com\/it\/wp-json\/wp\/v2\/media?parent=683"}],"wp:term":[{"taxonomy":"product_brand","embeddable":true,"href":"https:\/\/californiafitnessproducts.com\/it\/wp-json\/wp\/v2\/product_brand?post=683"},{"taxonomy":"product_cat","embeddable":true,"href":"https:\/\/californiafitnessproducts.com\/it\/wp-json\/wp\/v2\/product_cat?post=683"},{"taxonomy":"product_tag","embeddable":true,"href":"https:\/\/californiafitnessproducts.com\/it\/wp-json\/wp\/v2\/product_tag?post=683"}],"curies":[{"name":"wp","href":"https:\/\/api.w.org\/{rel}","templated":true}]}}