{"id":466,"date":"2024-12-17T10:40:20","date_gmt":"2024-12-17T10:40:20","guid":{"rendered":"https:\/\/americanpremiernutritions.com\/?post_type=product&#038;p=466"},"modified":"2025-10-16T14:21:05","modified_gmt":"2025-10-16T14:21:05","slug":"bcaa-3000mg-duo-pack","status":"publish","type":"product","link":"https:\/\/californiafitnessproducts.com\/it\/product\/bcaa-3000mg-duo-pack\/","title":{"rendered":"BCAA 3000MG - CONFEZIONE DOPPIA"},"content":{"rendered":"<h5>DESCRIZIONE<\/h5>\n<h3 data-start=\"97\" data-end=\"145\">\ud83d\udcaa <strong data-start=\"104\" data-end=\"143\">BCAA \u2013 L\u2019Essentiel pour Vos Muscles<\/strong><\/h3>\n<p data-start=\"147\" data-end=\"307\">Il <strong data-start=\"151\" data-end=\"159\">BCAA<\/strong> (L-Leucine, L-Valine, L-Isoleucine) sont des acides amin\u00e9s essentiels que votre corps ne peut pas fabriquer.<br data-start=\"268\" data-end=\"271\" \/>Indispensables aux sportifs, ils :<\/p>\n<ul data-start=\"309\" data-end=\"549\">\n<li data-start=\"309\" data-end=\"375\">\n<p data-start=\"311\" data-end=\"375\">\ud83d\udd25 <strong data-start=\"314\" data-end=\"345\">Stimulent la prise de masse<\/strong> et la croissance musculaire<\/p>\n<\/li>\n<li data-start=\"376\" data-end=\"431\">\n<p data-start=\"378\" data-end=\"431\">\ud83d\udee1\ufe0f <strong data-start=\"382\" data-end=\"407\">Prot\u00e8gent vos muscles<\/strong> contre la d\u00e9gradation<\/p>\n<\/li>\n<li data-start=\"432\" data-end=\"490\">\n<p data-start=\"434\" data-end=\"490\">\u26a1 <strong data-start=\"436\" data-end=\"471\">Fournissent une \u00e9nergie directe<\/strong> pendant l\u2019effort<\/p>\n<\/li>\n<li data-start=\"491\" data-end=\"549\">\n<p data-start=\"493\" data-end=\"549\">\u23f1\ufe0f <strong data-start=\"496\" data-end=\"526\">Acc\u00e9l\u00e8rent la r\u00e9cup\u00e9ration<\/strong> apr\u00e8s l\u2019entra\u00eenement<\/p>\n<\/li>\n<\/ul>\n<p data-start=\"551\" data-end=\"619\">\ud83d\udca5 <strong data-start=\"554\" data-end=\"566\">R\u00e9sultat<\/strong> : plus de force, plus de volume, moins de fatigue.<\/p>\n<p><em>L\u2019apport journalier recommand\u00e9 indiqu\u00e9 ne doit pas \u00eatre d\u00e9pass\u00e9. Les compl\u00e9ments alimentaires ne <\/em><em>remplacent pas une alimentation vari\u00e9e et \u00e9quilibr\u00e9e et un mode de vie sain. Tenir hors de port\u00e9e des enfants. Stocker dans un endroit frais, sec et \u00e0 l\u2019abri de la lumi\u00e8re.<\/em><\/p>\n<p><strong>2 BOITES DE 120 COMPRIMES<\/strong><\/p>","protected":false},"excerpt":{"rendered":"<p><strong data-start=\"31\" data-end=\"70\">BCAA \u2013 L\u2019indispensable du sportif :<\/strong><br data-start=\"70\" data-end=\"73\" \/>\ud83d\udcaa <strong data-start=\"76\" data-end=\"112\" data-is-only-node=\"\">Plus de muscle, moins de casse !<\/strong><br data-start=\"112\" data-end=\"115\" \/>Pris avant et apr\u00e8s l\u2019entra\u00eenement, les BCAA stimulent la prise de masse et prot\u00e8gent vos fibres musculaires du catabolisme.<\/p>\n<p>Offre de 2 bo\u00eetes de 120 tablettes<\/p>","protected":false},"featured_media":494,"template":"","meta":{"_acf_changed":false},"product_brand":[63],"product_cat":[52,46,48],"product_tag":[66,64],"class_list":{"0":"post-466","1":"product","2":"type-product","3":"status-publish","4":"has-post-thumbnail","6":"product_brand-california-fitness-products","7":"product_cat-acides-amines","8":"product_cat-energie-et-vitalite","9":"product_cat-proteines","10":"product_tag-complements","11":"product_tag-performance","13":"first","14":"instock","15":"sale","16":"taxable","17":"shipping-taxable","18":"purchasable","19":"product-type-simple"},"acf":[],"_links":{"self":[{"href":"https:\/\/californiafitnessproducts.com\/it\/wp-json\/wp\/v2\/product\/466","targetHints":{"allow":["GET"]}}],"collection":[{"href":"https:\/\/californiafitnessproducts.com\/it\/wp-json\/wp\/v2\/product"}],"about":[{"href":"https:\/\/californiafitnessproducts.com\/it\/wp-json\/wp\/v2\/types\/product"}],"version-history":[{"count":1,"href":"https:\/\/californiafitnessproducts.com\/it\/wp-json\/wp\/v2\/product\/466\/revisions"}],"predecessor-version":[{"id":23171,"href":"https:\/\/californiafitnessproducts.com\/it\/wp-json\/wp\/v2\/product\/466\/revisions\/23171"}],"wp:featuredmedia":[{"embeddable":true,"href":"https:\/\/californiafitnessproducts.com\/it\/wp-json\/wp\/v2\/media\/494"}],"wp:attachment":[{"href":"https:\/\/californiafitnessproducts.com\/it\/wp-json\/wp\/v2\/media?parent=466"}],"wp:term":[{"taxonomy":"product_brand","embeddable":true,"href":"https:\/\/californiafitnessproducts.com\/it\/wp-json\/wp\/v2\/product_brand?post=466"},{"taxonomy":"product_cat","embeddable":true,"href":"https:\/\/californiafitnessproducts.com\/it\/wp-json\/wp\/v2\/product_cat?post=466"},{"taxonomy":"product_tag","embeddable":true,"href":"https:\/\/californiafitnessproducts.com\/it\/wp-json\/wp\/v2\/product_tag?post=466"}],"curies":[{"name":"wp","href":"https:\/\/api.w.org\/{rel}","templated":true}]}}