{"id":435,"date":"2024-12-17T10:32:02","date_gmt":"2024-12-17T10:32:02","guid":{"rendered":"https:\/\/americanpremiernutritions.com\/?post_type=product&#038;p=435"},"modified":"2025-10-17T09:13:50","modified_gmt":"2025-10-17T09:13:50","slug":"silhouette-perfect-wellness-pack","status":"publish","type":"product","link":"https:\/\/californiafitnessproducts.com\/it\/product\/silhouette-perfect-wellness-pack\/","title":{"rendered":"SILHOUETTE PERFECT &amp; WELLNESS PACK"},"content":{"rendered":"<p data-start=\"82\" data-end=\"268\">\ud83d\udca5 <strong data-start=\"85\" data-end=\"123\">PACK COMPLET BIEN-\u00caTRE &amp; \u00c9NERGIE !<\/strong> \ud83d\udca5<br data-start=\"126\" data-end=\"129\" \/>Tout ce qu\u2019il vous faut pour <strong data-start=\"158\" data-end=\"183\">contr\u00f4ler votre poids<\/strong>, booster votre <strong data-start=\"199\" data-end=\"211\">vitalit\u00e9<\/strong> et prendre soin de votre <strong data-start=\"237\" data-end=\"264\">peau, cheveux et ongles<\/strong> !<\/p>\n<p data-start=\"270\" data-end=\"393\">\u2705 <strong data-start=\"272\" data-end=\"297\">1 PERFECT LINE BURNER<\/strong><br data-start=\"297\" data-end=\"300\" \/>\u2705 <strong data-start=\"302\" data-end=\"311\">1 CLA<\/strong><br data-start=\"311\" data-end=\"314\" \/>\u2705 <strong data-start=\"316\" data-end=\"337\">1 LIFE\u2019S VITALITY<\/strong><br data-start=\"337\" data-end=\"340\" \/>\ud83c\udf81 <strong data-start=\"343\" data-end=\"374\">1 SKIN, HAIR &amp; NAILS OFFERT<\/strong> (valeur 19,90)<\/p>\n<p>BRUCIATORE DI LINEA PERFETTO<\/p>\n<p><img fetchpriority=\"high\" decoding=\"async\" class=\"wp-image-23187\" src=\"https:\/\/californiafitnessproducts.com\/wp-content\/uploads\/2024\/12\/PERFECT-LINE-BURNER-90S-10642-HS-SFB02-90-JC-1.jpg\" alt=\"\" width=\"621\" height=\"340\" srcset=\"https:\/\/californiafitnessproducts.com\/wp-content\/uploads\/2024\/12\/PERFECT-LINE-BURNER-90S-10642-HS-SFB02-90-JC-1.jpg 2180w, https:\/\/californiafitnessproducts.com\/wp-content\/uploads\/2024\/12\/PERFECT-LINE-BURNER-90S-10642-HS-SFB02-90-JC-1-650x356.jpg 650w, https:\/\/californiafitnessproducts.com\/wp-content\/uploads\/2024\/12\/PERFECT-LINE-BURNER-90S-10642-HS-SFB02-90-JC-1-300x164.jpg 300w, https:\/\/californiafitnessproducts.com\/wp-content\/uploads\/2024\/12\/PERFECT-LINE-BURNER-90S-10642-HS-SFB02-90-JC-1-1024x560.jpg 1024w, https:\/\/californiafitnessproducts.com\/wp-content\/uploads\/2024\/12\/PERFECT-LINE-BURNER-90S-10642-HS-SFB02-90-JC-1-768x420.jpg 768w, https:\/\/californiafitnessproducts.com\/wp-content\/uploads\/2024\/12\/PERFECT-LINE-BURNER-90S-10642-HS-SFB02-90-JC-1-1536x841.jpg 1536w, https:\/\/californiafitnessproducts.com\/wp-content\/uploads\/2024\/12\/PERFECT-LINE-BURNER-90S-10642-HS-SFB02-90-JC-1-2048x1121.jpg 2048w, https:\/\/californiafitnessproducts.com\/wp-content\/uploads\/2024\/12\/PERFECT-LINE-BURNER-90S-10642-HS-SFB02-90-JC-1-18x10.jpg 18w\" sizes=\"(max-width: 621px) 100vw, 621px\" \/><\/p>\n<p>FORMULA DI DIFESA<\/p>\n<p><img decoding=\"async\" class=\"alignnone wp-image-22699\" src=\"https:\/\/californiafitnessproducts.com\/wp-content\/uploads\/2024\/12\/IMMUNE-MMXX-90S-10642-VLI438-03-90-JC.png\" alt=\"DEFENSE FORMULA\" width=\"621\" height=\"340\" srcset=\"https:\/\/californiafitnessproducts.com\/wp-content\/uploads\/2024\/12\/IMMUNE-MMXX-90S-10642-VLI438-03-90-JC.png 2180w, https:\/\/californiafitnessproducts.com\/wp-content\/uploads\/2024\/12\/IMMUNE-MMXX-90S-10642-VLI438-03-90-JC-650x356.png 650w, https:\/\/californiafitnessproducts.com\/wp-content\/uploads\/2024\/12\/IMMUNE-MMXX-90S-10642-VLI438-03-90-JC-300x164.png 300w, https:\/\/californiafitnessproducts.com\/wp-content\/uploads\/2024\/12\/IMMUNE-MMXX-90S-10642-VLI438-03-90-JC-1024x560.png 1024w, https:\/\/californiafitnessproducts.com\/wp-content\/uploads\/2024\/12\/IMMUNE-MMXX-90S-10642-VLI438-03-90-JC-768x420.png 768w, https:\/\/californiafitnessproducts.com\/wp-content\/uploads\/2024\/12\/IMMUNE-MMXX-90S-10642-VLI438-03-90-JC-1536x841.png 1536w, https:\/\/californiafitnessproducts.com\/wp-content\/uploads\/2024\/12\/IMMUNE-MMXX-90S-10642-VLI438-03-90-JC-2048x1121.png 2048w, https:\/\/californiafitnessproducts.com\/wp-content\/uploads\/2024\/12\/IMMUNE-MMXX-90S-10642-VLI438-03-90-JC-18x10.png 18w\" sizes=\"(max-width: 621px) 100vw, 621px\" \/><\/p>\n<p>CLA<\/p>\n<p><img decoding=\"async\" class=\"alignnone wp-image-22689\" src=\"https:\/\/californiafitnessproducts.com\/wp-content\/uploads\/2024\/12\/CLA-60S-106942-RVS-280-V02F-60-JC.png\" alt=\"\" width=\"621\" height=\"340\" srcset=\"https:\/\/californiafitnessproducts.com\/wp-content\/uploads\/2024\/12\/CLA-60S-106942-RVS-280-V02F-60-JC.png 2180w, https:\/\/californiafitnessproducts.com\/wp-content\/uploads\/2024\/12\/CLA-60S-106942-RVS-280-V02F-60-JC-650x356.png 650w, https:\/\/californiafitnessproducts.com\/wp-content\/uploads\/2024\/12\/CLA-60S-106942-RVS-280-V02F-60-JC-300x164.png 300w, https:\/\/californiafitnessproducts.com\/wp-content\/uploads\/2024\/12\/CLA-60S-106942-RVS-280-V02F-60-JC-1024x560.png 1024w, https:\/\/californiafitnessproducts.com\/wp-content\/uploads\/2024\/12\/CLA-60S-106942-RVS-280-V02F-60-JC-768x420.png 768w, https:\/\/californiafitnessproducts.com\/wp-content\/uploads\/2024\/12\/CLA-60S-106942-RVS-280-V02F-60-JC-1536x841.png 1536w, https:\/\/californiafitnessproducts.com\/wp-content\/uploads\/2024\/12\/CLA-60S-106942-RVS-280-V02F-60-JC-2048x1121.png 2048w, https:\/\/californiafitnessproducts.com\/wp-content\/uploads\/2024\/12\/CLA-60S-106942-RVS-280-V02F-60-JC-18x10.png 18w\" sizes=\"(max-width: 621px) 100vw, 621px\" \/><\/p>\n<p><strong>Livraison:<\/strong> depuis UE ou USA<\/p>\n<p><strong>Avertissement:<\/strong> les compl\u00e9ments alimentaires ne se substituent pas \u00e0 une alimentation vari\u00e9e et \u00e9quilibr\u00e9e. Ne pas d\u00e9passer le dosage recommand\u00e9e. Tenir hors de port\u00e9e des enfants.<\/p>","protected":false},"excerpt":{"rendered":"<p data-start=\"395\" data-end=\"476\">\ud83d\udd25 <strong data-start=\"398\" data-end=\"474\">Un pack unique pour des r\u00e9sultats visibles et un corps en pleine forme !<\/strong><\/p>","protected":false},"featured_media":452,"template":"","meta":{"_acf_changed":false},"product_brand":[63],"product_cat":[52,56,53,46,58,55,57],"product_tag":[66,65,64],"class_list":{"0":"post-435","1":"product","2":"type-product","3":"status-publish","4":"has-post-thumbnail","6":"product_brand-california-fitness-products","7":"product_cat-acides-amines","8":"product_cat-bien-etre","9":"product_cat-controle-de-poids","10":"product_cat-energie-et-vitalite","11":"product_cat-mineraux","12":"product_cat-nouveaute","13":"product_cat-vitamines","14":"product_tag-complements","15":"product_tag-controle-silhouette","16":"product_tag-performance","18":"first","19":"instock","20":"sale","21":"taxable","22":"shipping-taxable","23":"purchasable","24":"product-type-simple"},"acf":[],"_links":{"self":[{"href":"https:\/\/californiafitnessproducts.com\/it\/wp-json\/wp\/v2\/product\/435","targetHints":{"allow":["GET"]}}],"collection":[{"href":"https:\/\/californiafitnessproducts.com\/it\/wp-json\/wp\/v2\/product"}],"about":[{"href":"https:\/\/californiafitnessproducts.com\/it\/wp-json\/wp\/v2\/types\/product"}],"version-history":[{"count":2,"href":"https:\/\/californiafitnessproducts.com\/it\/wp-json\/wp\/v2\/product\/435\/revisions"}],"predecessor-version":[{"id":23320,"href":"https:\/\/californiafitnessproducts.com\/it\/wp-json\/wp\/v2\/product\/435\/revisions\/23320"}],"wp:featuredmedia":[{"embeddable":true,"href":"https:\/\/californiafitnessproducts.com\/it\/wp-json\/wp\/v2\/media\/452"}],"wp:attachment":[{"href":"https:\/\/californiafitnessproducts.com\/it\/wp-json\/wp\/v2\/media?parent=435"}],"wp:term":[{"taxonomy":"product_brand","embeddable":true,"href":"https:\/\/californiafitnessproducts.com\/it\/wp-json\/wp\/v2\/product_brand?post=435"},{"taxonomy":"product_cat","embeddable":true,"href":"https:\/\/californiafitnessproducts.com\/it\/wp-json\/wp\/v2\/product_cat?post=435"},{"taxonomy":"product_tag","embeddable":true,"href":"https:\/\/californiafitnessproducts.com\/it\/wp-json\/wp\/v2\/product_tag?post=435"}],"curies":[{"name":"wp","href":"https:\/\/api.w.org\/{rel}","templated":true}]}}