{"id":332,"date":"2024-12-17T10:31:37","date_gmt":"2024-12-17T10:31:37","guid":{"rendered":"https:\/\/americanpremiernutritions.com\/?post_type=product&#038;p=332"},"modified":"2025-10-16T16:39:59","modified_gmt":"2025-10-16T16:39:59","slug":"tan-spray-jan-tana-ultra-1-set","status":"publish","type":"product","link":"https:\/\/californiafitnessproducts.com\/it\/product\/tan-spray-jan-tana-ultra-1-set\/","title":{"rendered":"TAN SPRAY JAN TANA ULTRA 1 SET"},"content":{"rendered":"<h3 data-start=\"1509\" data-end=\"1575\">\ud83c\udfc6 <strong data-start=\"1516\" data-end=\"1575\">Soyez pr\u00eat \u00e0 briller sur sc\u00e8ne \u2013 commandez maintenant !<\/strong><\/h3>\n<h4 data-start=\"165\" data-end=\"219\">\u2600\ufe0f <strong data-start=\"171\" data-end=\"219\">COMMENT APPLIQUER VOTRE TAN \u2013 GUIDE JAN TANA<\/strong><\/h4>\n<h3 data-start=\"221\" data-end=\"264\">\ud83d\uddd3\ufe0f <strong data-start=\"229\" data-end=\"264\">La semaine avant la comp\u00e9tition<\/strong><\/h3>\n<ul data-start=\"265\" data-end=\"763\">\n<li data-start=\"265\" data-end=\"381\">\n<p data-start=\"267\" data-end=\"381\">Prenez une douche chaque jour avec <strong data-start=\"302\" data-end=\"324\">Jan Tana Skin Prep<\/strong> pour <strong data-start=\"330\" data-end=\"350\">exfolier la peau<\/strong> et la pr\u00e9parer \u00e0 la couleur.<\/p>\n<\/li>\n<li data-start=\"382\" data-end=\"476\">\n<p data-start=\"384\" data-end=\"476\">Apr\u00e8s la douche, <strong data-start=\"401\" data-end=\"422\">s\u00e9chez l\u00e9g\u00e8rement<\/strong> votre peau, puis vaporisez <strong data-start=\"450\" data-end=\"473\">Jan Tana Green Away<\/strong>.<\/p>\n<\/li>\n<li data-start=\"477\" data-end=\"573\">\n<p data-start=\"479\" data-end=\"573\">Appliquez <strong data-start=\"489\" data-end=\"517\">Green Away sous les bras<\/strong> pour rester frais \u2014 <strong data-start=\"538\" data-end=\"569\">n\u2019utilisez pas de d\u00e9odorant<\/strong> !<\/p>\n<\/li>\n<li data-start=\"574\" data-end=\"763\">\n<p data-start=\"576\" data-end=\"763\">Laissez s\u00e9cher compl\u00e8tement, puis vaporisez <strong data-start=\"620\" data-end=\"656\">une seule couche de Hi-Def Color<\/strong> pour cr\u00e9er votre <strong data-start=\"674\" data-end=\"694\">base de bronzage<\/strong>.<br data-start=\"695\" data-end=\"698\" \/>\u26a0\ufe0f <strong data-start=\"701\" data-end=\"763\">Ne pas appliquer Ultra 1 avant le jour de la comp\u00e9tition !<\/strong><\/p>\n<\/li>\n<\/ul>\n<hr data-start=\"765\" data-end=\"768\" \/>\n<h3 data-start=\"770\" data-end=\"807\">\ud83c\udf05 <strong data-start=\"777\" data-end=\"807\">Le matin de la comp\u00e9tition<\/strong><\/h3>\n<ul data-start=\"808\" data-end=\"976\">\n<li data-start=\"808\" data-end=\"868\">\n<p data-start=\"810\" data-end=\"868\">Vaporisez <strong data-start=\"820\" data-end=\"865\">une application de Jan Tana Ultra 1 Color<\/strong>.<\/p>\n<\/li>\n<li data-start=\"869\" data-end=\"976\">\n<p data-start=\"871\" data-end=\"976\"><strong data-start=\"871\" data-end=\"909\">Bodybuilders et Women\u2019s Physique :<\/strong> vous pouvez appliquer <strong data-start=\"932\" data-end=\"948\">deux couches<\/strong> pour un rendu plus intense.<\/p>\n<\/li>\n<\/ul>\n<hr data-start=\"978\" data-end=\"981\" \/>\n<h3 data-start=\"983\" data-end=\"1018\">\ud83c\udfaf <strong data-start=\"990\" data-end=\"1018\">En coulisses (Backstage)<\/strong><\/h3>\n<ul data-start=\"1019\" data-end=\"1502\">\n<li data-start=\"1019\" data-end=\"1187\">\n<p data-start=\"1021\" data-end=\"1187\">Pour <strong data-start=\"1026\" data-end=\"1071\">cacher tatouages et petites imperfections<\/strong>, appliquez <strong data-start=\"1083\" data-end=\"1108\">Jan Tana Tattoo Cover<\/strong>, puis estompez avec <strong data-start=\"1129\" data-end=\"1145\">Hi-Def Color<\/strong> ou <strong data-start=\"1149\" data-end=\"1166\">Ultra 1 Color<\/strong> autour de la zone.<\/p>\n<\/li>\n<li data-start=\"1188\" data-end=\"1327\">\n<p data-start=\"1190\" data-end=\"1327\">Appliquez ensuite <strong data-start=\"1208\" data-end=\"1226\">Jan Tana Glaze<\/strong> pour <strong data-start=\"1232\" data-end=\"1269\">sublimer la d\u00e9finition musculaire<\/strong>.<br data-start=\"1270\" data-end=\"1273\" \/>\u26a0\ufe0f <strong data-start=\"1278\" data-end=\"1325\">Ne pas appliquer le glaze sur Tattoo Cover.<\/strong><\/p>\n<\/li>\n<li data-start=\"1328\" data-end=\"1502\">\n<p data-start=\"1330\" data-end=\"1502\">Vaporisez le glaze dans la paume, <strong data-start=\"1364\" data-end=\"1397\">r\u00e9chauffez-le entre vos mains<\/strong>, puis <strong data-start=\"1404\" data-end=\"1435\">\u00e9talez-le sur chaque muscle<\/strong> selon sa forme.<br data-start=\"1451\" data-end=\"1454\" \/>R\u00e9p\u00e9tez l\u2019op\u00e9ration pour chaque zone du corps.<\/p>\n<\/li>\n<\/ul>\n<hr data-start=\"1504\" data-end=\"1507\" \/>\n<h3 data-start=\"1509\" data-end=\"1575\">\ud83c\udfc6 <strong data-start=\"1516\" data-end=\"1575\">Soyez pr\u00eat \u00e0 briller sur sc\u00e8ne \u2013 commandez maintenant !<\/strong><\/h3>\n<h4 data-start=\"1577\" data-end=\"1601\">\u26a0\ufe0f \u00c0 ne pas faire :<\/h4>\n<ul data-start=\"1602\" data-end=\"1967\">\n<li data-start=\"1602\" data-end=\"1678\">\n<p data-start=\"1604\" data-end=\"1678\">N\u2019appliquez <strong data-start=\"1616\" data-end=\"1651\">aucun autre produit de bronzage<\/strong> avant ou apr\u00e8s Jan Tana.<\/p>\n<\/li>\n<li data-start=\"1679\" data-end=\"1739\">\n<p data-start=\"1681\" data-end=\"1739\"><strong data-start=\"1681\" data-end=\"1707\">Pas besoin de solarium<\/strong> : la couleur Jan Tana suffit.<\/p>\n<\/li>\n<li data-start=\"1740\" data-end=\"1857\">\n<p data-start=\"1742\" data-end=\"1857\">N\u2019utilisez <strong data-start=\"1753\" data-end=\"1819\">aucune huile, spray de cuisson ou produit contenant du p\u00e9trole<\/strong> \u2014 cela ferait couler votre couleur.<\/p>\n<\/li>\n<li data-start=\"1858\" data-end=\"1967\">\n<p data-start=\"1860\" data-end=\"1967\"><strong data-start=\"1860\" data-end=\"1879\">Aucun d\u00e9odorant<\/strong> avant ou apr\u00e8s : il modifie le pH de la peau et peut <strong data-start=\"1933\" data-end=\"1966\">tourner vos aisselles au vert<\/strong>.<\/p>\n<\/li>\n<\/ul>","protected":false},"excerpt":{"rendered":"<p><strong>Jan Tana Ultra 1 Color Spray 118 ml set de 3 pi\u00e8ces<\/strong><\/p>\n<p>C&rsquo;est le Tan officiel et le seul autoris\u00e9 par toutes les f\u00e9d\u00e9rations de fitness et bodybuilding.n.<\/p>\n<h3 data-start=\"132\" data-end=\"171\">\ud83d\udca5\u00a0<strong data-start=\"172\" data-end=\"223\">Sublimez votre peau avec <em data-start=\"199\" data-end=\"220\">la couleur gagnante<\/em>!<\/strong><br data-start=\"223\" data-end=\"226\" \/>Convient \u00e0 <strong data-start=\"237\" data-end=\"263\">tous les types de peau<\/strong>, s\u2019applique <strong data-start=\"276\" data-end=\"297\">en une seule fois<\/strong> et <strong data-start=\"301\" data-end=\"325\">s\u00e8che instantan\u00e9ment<\/strong> pour un <strong data-start=\"334\" data-end=\"382\">r\u00e9sultat uniforme, \u00e9clatant et professionnel<\/strong>.<\/h3>","protected":false},"featured_media":360,"template":"","meta":{"_acf_changed":false},"product_brand":[],"product_cat":[51],"product_tag":[],"class_list":{"0":"post-332","1":"product","2":"type-product","3":"status-publish","4":"has-post-thumbnail","6":"product_cat-accessoires","8":"first","9":"instock","10":"taxable","11":"shipping-taxable","12":"purchasable","13":"product-type-simple"},"acf":[],"_links":{"self":[{"href":"https:\/\/californiafitnessproducts.com\/it\/wp-json\/wp\/v2\/product\/332","targetHints":{"allow":["GET"]}}],"collection":[{"href":"https:\/\/californiafitnessproducts.com\/it\/wp-json\/wp\/v2\/product"}],"about":[{"href":"https:\/\/californiafitnessproducts.com\/it\/wp-json\/wp\/v2\/types\/product"}],"version-history":[{"count":1,"href":"https:\/\/californiafitnessproducts.com\/it\/wp-json\/wp\/v2\/product\/332\/revisions"}],"predecessor-version":[{"id":23221,"href":"https:\/\/californiafitnessproducts.com\/it\/wp-json\/wp\/v2\/product\/332\/revisions\/23221"}],"wp:featuredmedia":[{"embeddable":true,"href":"https:\/\/californiafitnessproducts.com\/it\/wp-json\/wp\/v2\/media\/360"}],"wp:attachment":[{"href":"https:\/\/californiafitnessproducts.com\/it\/wp-json\/wp\/v2\/media?parent=332"}],"wp:term":[{"taxonomy":"product_brand","embeddable":true,"href":"https:\/\/californiafitnessproducts.com\/it\/wp-json\/wp\/v2\/product_brand?post=332"},{"taxonomy":"product_cat","embeddable":true,"href":"https:\/\/californiafitnessproducts.com\/it\/wp-json\/wp\/v2\/product_cat?post=332"},{"taxonomy":"product_tag","embeddable":true,"href":"https:\/\/californiafitnessproducts.com\/it\/wp-json\/wp\/v2\/product_tag?post=332"}],"curies":[{"name":"wp","href":"https:\/\/api.w.org\/{rel}","templated":true}]}}