{"id":327,"date":"2024-12-17T10:31:37","date_gmt":"2024-12-17T10:31:37","guid":{"rendered":"https:\/\/americanpremiernutritions.com\/?post_type=product&#038;p=327"},"modified":"2025-10-16T16:16:03","modified_gmt":"2025-10-16T16:16:03","slug":"pilulier-small","status":"publish","type":"product","link":"https:\/\/californiafitnessproducts.com\/it\/product\/pilulier-small\/","title":{"rendered":"PILULIER SMALL"},"content":{"rendered":"<h2 data-start=\"137\" data-end=\"204\">\ud83d\udc8a <strong data-start=\"143\" data-end=\"204\">PillMaster \u2013 Pilulier 5 compartiments pratique et robuste<\/strong><\/h2>\n<p data-start=\"206\" data-end=\"383\">Organisez facilement vos <strong data-start=\"231\" data-end=\"259\">compl\u00e9ments alimentaires<\/strong>, <strong data-start=\"261\" data-end=\"274\">vitamine<\/strong> ou <strong data-start=\"278\" data-end=\"290\">capsules<\/strong> avec le <strong data-start=\"299\" data-end=\"313\">PillMaster<\/strong>, votre alli\u00e9 au quotidien pour une suppl\u00e9mentation bien structur\u00e9e.<\/p>\n<p data-start=\"385\" data-end=\"677\">Ses <strong data-start=\"389\" data-end=\"408\">5 compartiments<\/strong> permettent de pr\u00e9parer vos prises du <strong data-start=\"446\" data-end=\"467\">matin, midi, soir<\/strong>, ou encore vos compl\u00e9ments <strong data-start=\"495\" data-end=\"528\">avant et apr\u00e8s l\u2019entra\u00eenement<\/strong>. Compact et l\u00e9ger, il se glisse facilement dans un sac de sport, un sac \u00e0 main ou une mallette \u2013 id\u00e9al pour le <strong data-start=\"640\" data-end=\"650\">bureau<\/strong> ou les <strong data-start=\"658\" data-end=\"674\">d\u00e9placements<\/strong>.<\/p>\n<h3 data-start=\"684\" data-end=\"710\">\u2705 <strong data-start=\"690\" data-end=\"710\">Caract\u00e9ristiques<\/strong><\/h3>\n<ul data-start=\"711\" data-end=\"976\">\n<li data-start=\"711\" data-end=\"771\">\n<p data-start=\"713\" data-end=\"771\">5 compartiments pratiques pour une organisation optimale<\/p>\n<\/li>\n<li data-start=\"772\" data-end=\"834\">\n<p data-start=\"774\" data-end=\"834\">Id\u00e9al pour une utilisation <strong data-start=\"801\" data-end=\"832\">quotidienne ou hebdomadaire<\/strong><\/p>\n<\/li>\n<li data-start=\"835\" data-end=\"892\">\n<p data-start=\"837\" data-end=\"892\"><strong data-start=\"837\" data-end=\"866\">Lave-vaisselle compatible<\/strong> et <strong data-start=\"870\" data-end=\"890\">100 % recyclable<\/strong><\/p>\n<\/li>\n<li data-start=\"893\" data-end=\"947\">\n<p data-start=\"895\" data-end=\"947\">Fabrication <strong data-start=\"907\" data-end=\"945\">de qualit\u00e9 allemande \u2013 Buchsteiner<\/strong><\/p>\n<\/li>\n<li data-start=\"948\" data-end=\"976\">\n<p data-start=\"950\" data-end=\"976\">Dimensions : <strong data-start=\"963\" data-end=\"976\">13 x 8 cm<\/strong><\/p>\n<\/li>\n<\/ul>","protected":false},"excerpt":{"rendered":"<article class=\"text-token-text-primary w-full focus:outline-none [--shadow-height:45px] has-data-writing-block:pointer-events-none has-data-writing-block:-mt-(--shadow-height) has-data-writing-block:pt-(--shadow-height) [&amp;:has([data-writing-block])&gt;*]:pointer-events-auto scroll-mt-[calc(var(--header-height)+min(200px,max(70px,20svh)))]\" dir=\"auto\" data-turn-id=\"request-WEB:1c79f1bf-60f4-43b0-9349-8b81ca3b4361-12\" data-testid=\"conversation-turn-26\" data-scroll-anchor=\"true\" data-turn=\"assistant\">\n<div class=\"text-base my-auto mx-auto pb-10 [--thread-content-margin:--spacing(4)] thread-sm:[--thread-content-margin:--spacing(6)] thread-lg:[--thread-content-margin:--spacing(16)] px-(--thread-content-margin)\">\n<div class=\"[--thread-content-max-width:40rem] thread-lg:[--thread-content-max-width:48rem] mx-auto max-w-(--thread-content-max-width) flex-1 group\/turn-messages focus-visible:outline-hidden relative flex w-full min-w-0 flex-col agent-turn\">\n<div class=\"flex max-w-full flex-col grow\">\n<div class=\"min-h-8 text-message relative flex w-full flex-col items-end gap-2 text-start break-words whitespace-normal [.text-message+&amp;]:mt-1\" dir=\"auto\" data-message-author-role=\"assistant\" data-message-id=\"9513ebd3-9da9-47db-8afe-89b874b02ab2\" data-message-model-slug=\"gpt-5\">\n<div class=\"flex w-full flex-col gap-1 empty:hidden first:pt-[1px]\">\n<div class=\"markdown prose dark:prose-invert w-full break-words light markdown-new-styling\">\n<h3 data-start=\"983\" data-end=\"1082\">\ud83d\udcbc <strong data-start=\"990\" data-end=\"1082\">PillMaster \u2013 votre solution simple et hygi\u00e9nique pour ne jamais oublier vos compl\u00e9ments.<\/strong><\/h3>\n<\/div>\n<\/div>\n<\/div>\n<\/div>\n<\/div>\n<\/div>\n<\/article>\n","protected":false},"featured_media":363,"template":"","meta":{"_acf_changed":false},"product_brand":[],"product_cat":[51],"product_tag":[],"class_list":{"0":"post-327","1":"product","2":"type-product","3":"status-publish","4":"has-post-thumbnail","6":"product_cat-accessoires","8":"first","9":"instock","10":"taxable","11":"shipping-taxable","12":"purchasable","13":"product-type-simple"},"acf":[],"_links":{"self":[{"href":"https:\/\/californiafitnessproducts.com\/it\/wp-json\/wp\/v2\/product\/327","targetHints":{"allow":["GET"]}}],"collection":[{"href":"https:\/\/californiafitnessproducts.com\/it\/wp-json\/wp\/v2\/product"}],"about":[{"href":"https:\/\/californiafitnessproducts.com\/it\/wp-json\/wp\/v2\/types\/product"}],"version-history":[{"count":1,"href":"https:\/\/californiafitnessproducts.com\/it\/wp-json\/wp\/v2\/product\/327\/revisions"}],"predecessor-version":[{"id":23211,"href":"https:\/\/californiafitnessproducts.com\/it\/wp-json\/wp\/v2\/product\/327\/revisions\/23211"}],"wp:featuredmedia":[{"embeddable":true,"href":"https:\/\/californiafitnessproducts.com\/it\/wp-json\/wp\/v2\/media\/363"}],"wp:attachment":[{"href":"https:\/\/californiafitnessproducts.com\/it\/wp-json\/wp\/v2\/media?parent=327"}],"wp:term":[{"taxonomy":"product_brand","embeddable":true,"href":"https:\/\/californiafitnessproducts.com\/it\/wp-json\/wp\/v2\/product_brand?post=327"},{"taxonomy":"product_cat","embeddable":true,"href":"https:\/\/californiafitnessproducts.com\/it\/wp-json\/wp\/v2\/product_cat?post=327"},{"taxonomy":"product_tag","embeddable":true,"href":"https:\/\/californiafitnessproducts.com\/it\/wp-json\/wp\/v2\/product_tag?post=327"}],"curies":[{"name":"wp","href":"https:\/\/api.w.org\/{rel}","templated":true}]}}