{"id":325,"date":"2024-12-17T10:31:37","date_gmt":"2024-12-17T10:31:37","guid":{"rendered":"https:\/\/americanpremiernutritions.com\/?post_type=product&#038;p=325"},"modified":"2024-12-17T10:31:49","modified_gmt":"2024-12-17T10:31:49","slug":"power-tower","status":"publish","type":"product","link":"https:\/\/californiafitnessproducts.com\/it\/product\/power-tower\/","title":{"rendered":"POWER TOWER"},"content":{"rendered":"<p><strong>Original Buchsteiner PowerTower \u00ae offre beaucoup d&rsquo;avantages :<\/strong><\/p>\n<p>Un conteneur en 3 parties, si pratique pour 3 portions de suppl\u00e9ments de nutrition sportive\u00a0: pour les portions de prot\u00e9ines ou les compl\u00e9ments en tablettes, rien de plus simple d\u00e9sormais \u00e0 emporter avec soi au chantier, au bureau ou \u00e0 glisser dans son sac de sport\u00a0! Les\u00a0<strong>PowerTower\u00a0<\/strong>sont combinables entre elles, vous pouvez ainsi visser autant de containers que n\u00e9cessaire\u00a0pour tous vos suppl\u00e9ments en poudre et aussi en comprim\u00e9s !<\/p>\n<p>Chaque bo\u00eete offre un volume de 180 ml\/ccm (6 Oz ). Compl\u00e8tement \u00e9tanche, sans odeur, fabriqu\u00e9 dans des mati\u00e8res premi\u00e8res de haute qualit\u00e9, r\u00e9pondant aux exigences EU du domaine alimentaire, r\u00e9sistant au lave-vaisselle et 100% recyclable.<\/p>\n<p>2 couleurs de bouchon\u00a0\u00e0 choix : rouge ou noir<\/p>","protected":false},"excerpt":{"rendered":"<p>Original Buchsteiner PowerTower \u00ae est votre accessoire fonctionnel\u00a0 indispensable pour emporter vos poudres et tablettes partout avec vous !<\/p>","protected":false},"featured_media":359,"template":"","meta":{"_acf_changed":false},"product_brand":[],"product_cat":[51],"product_tag":[],"class_list":{"0":"post-325","1":"product","2":"type-product","3":"status-publish","4":"has-post-thumbnail","6":"product_cat-accessoires","8":"first","9":"instock","10":"sale","11":"taxable","12":"shipping-taxable","13":"purchasable","14":"product-type-variable","15":"has-default-attributes"},"acf":[],"_links":{"self":[{"href":"https:\/\/californiafitnessproducts.com\/it\/wp-json\/wp\/v2\/product\/325","targetHints":{"allow":["GET"]}}],"collection":[{"href":"https:\/\/californiafitnessproducts.com\/it\/wp-json\/wp\/v2\/product"}],"about":[{"href":"https:\/\/californiafitnessproducts.com\/it\/wp-json\/wp\/v2\/types\/product"}],"version-history":[{"count":0,"href":"https:\/\/californiafitnessproducts.com\/it\/wp-json\/wp\/v2\/product\/325\/revisions"}],"wp:featuredmedia":[{"embeddable":true,"href":"https:\/\/californiafitnessproducts.com\/it\/wp-json\/wp\/v2\/media\/359"}],"wp:attachment":[{"href":"https:\/\/californiafitnessproducts.com\/it\/wp-json\/wp\/v2\/media?parent=325"}],"wp:term":[{"taxonomy":"product_brand","embeddable":true,"href":"https:\/\/californiafitnessproducts.com\/it\/wp-json\/wp\/v2\/product_brand?post=325"},{"taxonomy":"product_cat","embeddable":true,"href":"https:\/\/californiafitnessproducts.com\/it\/wp-json\/wp\/v2\/product_cat?post=325"},{"taxonomy":"product_tag","embeddable":true,"href":"https:\/\/californiafitnessproducts.com\/it\/wp-json\/wp\/v2\/product_tag?post=325"}],"curies":[{"name":"wp","href":"https:\/\/api.w.org\/{rel}","templated":true}]}}