{"id":311,"date":"2024-12-17T10:31:36","date_gmt":"2024-12-17T10:31:36","guid":{"rendered":"https:\/\/americanpremiernutritions.com\/?post_type=product&#038;p=311"},"modified":"2026-03-18T10:37:13","modified_gmt":"2026-03-18T10:37:13","slug":"creatine-monohydrate-dymatize-creapure-300g","status":"publish","type":"product","link":"https:\/\/californiafitnessproducts.com\/it\/product\/creatine-monohydrate-dymatize-creapure-300g\/","title":{"rendered":"CREATINE MONOHYDRATE DYMATIZE CREAPURE\u00ae 300g"},"content":{"rendered":"<div id=\"short_description_block\">\n<div id=\"short_description_content\" class=\"rte align_justify\">\n<h2 data-start=\"118\" data-end=\"171\"><strong data-start=\"124\" data-end=\"169\">Creatine Monohydrate Creapure\u00ae Micronis\u00e9e 300g<\/strong><\/h2>\n<h3 data-start=\"172\" data-end=\"246\">La cr\u00e9atine de r\u00e9f\u00e9rence mondiale \u2013 puret\u00e9 et performance garanties.<\/h3>\n<p data-start=\"248\" data-end=\"453\">\ud83d\udd2c <strong data-start=\"251\" data-end=\"270\">Made in Germany<\/strong>, cette cr\u00e9atine monohydrate Creapure\u00ae est reconnue comme la plus pure du march\u00e9 (<strong data-start=\"352\" data-end=\"363\">99,95 %<\/strong>). Sa forme micronis\u00e9e assure une <strong data-start=\"397\" data-end=\"424\">absorption ultra-rapide<\/strong> et une tol\u00e9rance optimale.<\/p>\n<h3 data-start=\"455\" data-end=\"492\">\u2705 <strong data-start=\"461\" data-end=\"490\">Les atouts de Creapure\u00ae :<\/strong><\/h3>\n<p data-start=\"495\" data-end=\"570\">\ud83d\udd39 <strong data-start=\"498\" data-end=\"524\">Particules ultra-fines<\/strong> \u2192 assimilation optimale et digestion facile<\/p>\n<p data-start=\"573\" data-end=\"623\">\ud83d\udd39 <strong data-start=\"576\" data-end=\"621\">Boost de force et de puissance musculaire<\/strong><\/p>\n<p data-start=\"626\" data-end=\"685\">\ud83d\udd39 <strong data-start=\"629\" data-end=\"683\">Favorise des gains musculaires rapides et visibles<\/strong><\/p>\n<p data-start=\"688\" data-end=\"743\">\ud83d\udd39 <strong data-start=\"691\" data-end=\"719\">Am\u00e9liore la r\u00e9cup\u00e9ration<\/strong> et retarde la fatigue<\/p>\n<p data-start=\"746\" data-end=\"803\">\ud83d\udd39 <strong data-start=\"749\" data-end=\"768\">Puret\u00e9 garantie<\/strong> \u2013 z\u00e9ro impuret\u00e9s, z\u00e9ro compromis<\/p>\n<p data-start=\"805\" data-end=\"896\">\ud83d\udcaa <strong data-start=\"808\" data-end=\"822\">R\u00e9sultat :<\/strong> plus de puissance, plus de volume, plus de performance \u00e0 chaque s\u00e9ance.<\/p>\n<p><strong><span dir=\"auto\">Conseils d&rsquo;utilisation :<\/span><\/strong><br \/>\n<span dir=\"auto\">1 portion par jour apporte 3 g de cr\u00e9atine. L&rsquo;effet b\u00e9n\u00e9fique est obtenu avec une dose quotidienne de 3 g de cr\u00e9atine, recommand\u00e9e pendant au moins 4 \u00e0 6 semaines. Conseils de pr\u00e9paration (1 portion)\u00a0: M\u00e9langer 1 mesure (\u2248 3,4 g) dans de l&rsquo;eau ou une boisson sucr\u00e9e sans caf\u00e9ine.<\/span><\/p>\n<p><strong>INFOS NUTRITIONNELLES: 1 dose 3 g<\/strong><\/p>\n<\/div>\n<\/div>\n<p><strong>Ingredienti:<\/strong> creatina monoidrato (100% Creapure).<\/p>\n<p><strong>Precauzioni d'uso:<\/strong>\u00a0La creatina non \u00e8 raccomandata per un uso permanente, per i bambini e gli adolescenti e per le persone che soffrono di insufficienza renale. Il consumo regolare pu\u00f2 portare a un aumento di peso. Non superare la dose giornaliera raccomandata. Questo prodotto \u00e8 destinato agli adulti che svolgono attivit\u00e0 fisica intensa. Tenere fuori dalla portata dei bambini. Questo prodotto non sostituisce una dieta varia e uno stile di vita sano. Non \u00e8 raccomandato per le donne in gravidanza o in allattamento. Conservare in un luogo fresco e asciutto. Lotto\/Non aperto, da consumarsi preferibilmente entro: vedi scatola ed etichetta.<\/p>","protected":false},"excerpt":{"rendered":"<p data-start=\"182\" data-end=\"383\">La cr\u00e9atine contribue \u00e0 am\u00e9liorer les performances physiques lors d\u2019exercices courts, r\u00e9p\u00e9t\u00e9s et de haute intensit\u00e9, notamment pendant les entra\u00eenements intensifs et les activit\u00e9s sportives exigeantes.<\/p>\n<p data-start=\"385\" data-end=\"580\">\u2022 <strong data-start=\"387\" data-end=\"412\">Excellente solubilit\u00e9<\/strong> pour une absorption optimale<br data-start=\"441\" data-end=\"444\" \/>\u2022 <strong data-start=\"446\" data-end=\"459\">Sans go\u00fbt<\/strong>, id\u00e9ale \u00e0 m\u00e9langer avec vos boissons pr\u00e9f\u00e9r\u00e9es<br data-start=\"506\" data-end=\"509\" \/>\u2022 <strong data-start=\"511\" data-end=\"539\">Convient aux v\u00e9g\u00e9taliens<\/strong><br data-start=\"539\" data-end=\"542\" data-is-only-node=\"\" \/>\u2022 <strong data-start=\"544\" data-end=\"559\">Sans gluten<\/strong><br data-start=\"559\" data-end=\"562\" \/>\u2022 <strong data-start=\"564\" data-end=\"580\">Sans lactose<\/strong><\/p>","protected":false},"featured_media":414,"template":"","meta":{"_acf_changed":false},"product_brand":[76],"product_cat":[46,47,72],"product_tag":[66],"class_list":{"0":"post-311","1":"product","2":"type-product","3":"status-publish","4":"has-post-thumbnail","6":"product_brand-dymatize","7":"product_cat-energie-et-vitalite","8":"product_cat-gainer","9":"product_cat-masse-musculaire","10":"product_tag-complements","12":"first","13":"instock","14":"taxable","15":"shipping-taxable","16":"purchasable","17":"product-type-simple"},"acf":[],"_links":{"self":[{"href":"https:\/\/californiafitnessproducts.com\/it\/wp-json\/wp\/v2\/product\/311","targetHints":{"allow":["GET"]}}],"collection":[{"href":"https:\/\/californiafitnessproducts.com\/it\/wp-json\/wp\/v2\/product"}],"about":[{"href":"https:\/\/californiafitnessproducts.com\/it\/wp-json\/wp\/v2\/types\/product"}],"version-history":[{"count":5,"href":"https:\/\/californiafitnessproducts.com\/it\/wp-json\/wp\/v2\/product\/311\/revisions"}],"predecessor-version":[{"id":37984,"href":"https:\/\/californiafitnessproducts.com\/it\/wp-json\/wp\/v2\/product\/311\/revisions\/37984"}],"wp:featuredmedia":[{"embeddable":true,"href":"https:\/\/californiafitnessproducts.com\/it\/wp-json\/wp\/v2\/media\/414"}],"wp:attachment":[{"href":"https:\/\/californiafitnessproducts.com\/it\/wp-json\/wp\/v2\/media?parent=311"}],"wp:term":[{"taxonomy":"product_brand","embeddable":true,"href":"https:\/\/californiafitnessproducts.com\/it\/wp-json\/wp\/v2\/product_brand?post=311"},{"taxonomy":"product_cat","embeddable":true,"href":"https:\/\/californiafitnessproducts.com\/it\/wp-json\/wp\/v2\/product_cat?post=311"},{"taxonomy":"product_tag","embeddable":true,"href":"https:\/\/californiafitnessproducts.com\/it\/wp-json\/wp\/v2\/product_tag?post=311"}],"curies":[{"name":"wp","href":"https:\/\/api.w.org\/{rel}","templated":true}]}}