{"id":731,"date":"2024-12-17T10:33:46","date_gmt":"2024-12-17T10:33:46","guid":{"rendered":"https:\/\/americanpremiernutritions.com\/?post_type=product&#038;p=731"},"modified":"2025-12-02T01:22:32","modified_gmt":"2025-12-02T01:22:32","slug":"gants-paw-grizzly-comfort-noir","status":"publish","type":"product","link":"https:\/\/californiafitnessproducts.com\/es\/product\/gants-paw-grizzly-comfort-noir\/","title":{"rendered":"GANTS | PAW GRIZZLY COMFORT NOIR"},"content":{"rendered":"<p>Gants de Fitness Comfort Paw, noir en cuir avec bande ajustable de soutien du poignet.<br \/>\nCaract\u00e9ristiques :<br \/>\nPaume en cuir doublement cousue pour une plus grande durabilit\u00e9<br \/>\nPoignet enti\u00e8rement r\u00e9glable pour un maximum de soutien et de flexibilit\u00e9<\/p>","protected":false},"excerpt":{"rendered":"<p>Gants de Fitness Comfort Paw, noir en cuir avec bande ajustable de soutien du poignet.<\/p>","protected":false},"featured_media":741,"template":"","meta":{"_acf_changed":false},"product_brand":[],"product_cat":[51],"product_tag":[],"class_list":{"0":"post-731","1":"product","2":"type-product","3":"status-publish","4":"has-post-thumbnail","6":"product_cat-accessoires","8":"first","9":"instock","10":"taxable","11":"shipping-taxable","12":"purchasable","13":"product-type-variable"},"acf":[],"_links":{"self":[{"href":"https:\/\/californiafitnessproducts.com\/es\/wp-json\/wp\/v2\/product\/731","targetHints":{"allow":["GET"]}}],"collection":[{"href":"https:\/\/californiafitnessproducts.com\/es\/wp-json\/wp\/v2\/product"}],"about":[{"href":"https:\/\/californiafitnessproducts.com\/es\/wp-json\/wp\/v2\/types\/product"}],"version-history":[{"count":1,"href":"https:\/\/californiafitnessproducts.com\/es\/wp-json\/wp\/v2\/product\/731\/revisions"}],"predecessor-version":[{"id":28290,"href":"https:\/\/californiafitnessproducts.com\/es\/wp-json\/wp\/v2\/product\/731\/revisions\/28290"}],"wp:featuredmedia":[{"embeddable":true,"href":"https:\/\/californiafitnessproducts.com\/es\/wp-json\/wp\/v2\/media\/741"}],"wp:attachment":[{"href":"https:\/\/californiafitnessproducts.com\/es\/wp-json\/wp\/v2\/media?parent=731"}],"wp:term":[{"taxonomy":"product_brand","embeddable":true,"href":"https:\/\/californiafitnessproducts.com\/es\/wp-json\/wp\/v2\/product_brand?post=731"},{"taxonomy":"product_cat","embeddable":true,"href":"https:\/\/californiafitnessproducts.com\/es\/wp-json\/wp\/v2\/product_cat?post=731"},{"taxonomy":"product_tag","embeddable":true,"href":"https:\/\/californiafitnessproducts.com\/es\/wp-json\/wp\/v2\/product_tag?post=731"}],"curies":[{"name":"wp","href":"https:\/\/api.w.org\/{rel}","templated":true}]}}