{"id":690,"date":"2024-12-17T10:33:24","date_gmt":"2024-12-17T10:33:24","guid":{"rendered":"https:\/\/americanpremiernutritions.com\/?post_type=product&#038;p=690"},"modified":"2025-12-02T01:22:31","modified_gmt":"2025-12-02T01:22:31","slug":"genouilleres-knee-sleeves","status":"publish","type":"product","link":"https:\/\/californiafitnessproducts.com\/es\/product\/genouilleres-knee-sleeves\/","title":{"rendered":"GENOUILLERES &#8211; KNEE SLEEVES"},"content":{"rendered":"<p>Les manchons de genou sont fabriqu\u00e9s en n\u00e9opr\u00e8ne d&rsquo;une \u00e9paisseur de 5 mm. Con\u00e7ues et fabriqu\u00e9es pour offrir un confort et un soutien ultimes pendant tous vos exercices d&rsquo;entra\u00eenement. Ces manchons de genou de haute qualit\u00e9 sont vendus par paire.<\/p>","protected":false},"excerpt":{"rendered":"<p>Les manchons de genou sont fabriqu\u00e9s en n\u00e9opr\u00e8ne d&rsquo;une \u00e9paisseur de 5 mm. Con\u00e7ues et fabriqu\u00e9es pour offrir un confort et un soutien ultimes pendant tous vos exercices d&rsquo;entra\u00eenement. Ces manchons de genou de haute qualit\u00e9 sont vendus par paire.<\/p>","protected":false},"featured_media":717,"template":"","meta":{"_acf_changed":false},"product_brand":[],"product_cat":[51],"product_tag":[],"class_list":{"0":"post-690","1":"product","2":"type-product","3":"status-publish","4":"has-post-thumbnail","6":"product_cat-accessoires","8":"first","9":"instock","10":"taxable","11":"shipping-taxable","12":"purchasable","13":"product-type-simple"},"acf":[],"_links":{"self":[{"href":"https:\/\/californiafitnessproducts.com\/es\/wp-json\/wp\/v2\/product\/690","targetHints":{"allow":["GET"]}}],"collection":[{"href":"https:\/\/californiafitnessproducts.com\/es\/wp-json\/wp\/v2\/product"}],"about":[{"href":"https:\/\/californiafitnessproducts.com\/es\/wp-json\/wp\/v2\/types\/product"}],"version-history":[{"count":0,"href":"https:\/\/californiafitnessproducts.com\/es\/wp-json\/wp\/v2\/product\/690\/revisions"}],"wp:featuredmedia":[{"embeddable":true,"href":"https:\/\/californiafitnessproducts.com\/es\/wp-json\/wp\/v2\/media\/717"}],"wp:attachment":[{"href":"https:\/\/californiafitnessproducts.com\/es\/wp-json\/wp\/v2\/media?parent=690"}],"wp:term":[{"taxonomy":"product_brand","embeddable":true,"href":"https:\/\/californiafitnessproducts.com\/es\/wp-json\/wp\/v2\/product_brand?post=690"},{"taxonomy":"product_cat","embeddable":true,"href":"https:\/\/californiafitnessproducts.com\/es\/wp-json\/wp\/v2\/product_cat?post=690"},{"taxonomy":"product_tag","embeddable":true,"href":"https:\/\/californiafitnessproducts.com\/es\/wp-json\/wp\/v2\/product_tag?post=690"}],"curies":[{"name":"wp","href":"https:\/\/api.w.org\/{rel}","templated":true}]}}