{"id":688,"date":"2024-12-17T10:33:24","date_gmt":"2024-12-17T10:33:24","guid":{"rendered":"https:\/\/americanpremiernutritions.com\/?post_type=product&#038;p=688"},"modified":"2025-12-02T01:22:31","modified_gmt":"2025-12-02T01:22:31","slug":"calcium-vitamin-d3","status":"publish","type":"product","link":"https:\/\/californiafitnessproducts.com\/es\/product\/calcium-vitamin-d3\/","title":{"rendered":"CALCIUM-VITAMIN D3"},"content":{"rendered":"<p>Ce compl\u00e9ment quotidien convient aux personnes de tout \u00e2ge.<br \/>\nPour construire et maintenir une masse osseuse solide<br \/>\nPour les jeunes en pleine croissance.<br \/>\nPendant la grossesse et l&rsquo;allaitement.<\/p>\n<p>60 Tablettes<\/p>\n<p>Utilisation: Prendre 1 tablette par jour avec de la nourriture ou selon les indications du r\u00e9f\u00e9rent m\u00e9dical. Avertissement : les compl\u00e9ments alimentaires ne se substituent pas \u00e0 une alimentation vari\u00e9e et \u00e9quilibr\u00e9e. Ne pas d\u00e9passer le dosage recommand\u00e9 et tenir hors de port\u00e9e des enfants.<\/p>","protected":false},"excerpt":{"rendered":"<p>Pour construire et maintenir une masse osseuse solide quel que soit l&rsquo;\u00e2ge.<\/p>","protected":false},"featured_media":715,"template":"","meta":{"_acf_changed":false},"product_brand":[62],"product_cat":[56,46,58,55,57],"product_tag":[66,64],"class_list":{"0":"post-688","1":"product","2":"type-product","3":"status-publish","4":"has-post-thumbnail","6":"product_brand-american-premier-nutrition","7":"product_cat-bien-etre","8":"product_cat-energie-et-vitalite","9":"product_cat-mineraux","10":"product_cat-nouveaute","11":"product_cat-vitamines","12":"product_tag-complements","13":"product_tag-performance","15":"first","16":"instock","17":"taxable","18":"shipping-taxable","19":"purchasable","20":"product-type-simple"},"acf":[],"_links":{"self":[{"href":"https:\/\/californiafitnessproducts.com\/es\/wp-json\/wp\/v2\/product\/688","targetHints":{"allow":["GET"]}}],"collection":[{"href":"https:\/\/californiafitnessproducts.com\/es\/wp-json\/wp\/v2\/product"}],"about":[{"href":"https:\/\/californiafitnessproducts.com\/es\/wp-json\/wp\/v2\/types\/product"}],"version-history":[{"count":0,"href":"https:\/\/californiafitnessproducts.com\/es\/wp-json\/wp\/v2\/product\/688\/revisions"}],"wp:featuredmedia":[{"embeddable":true,"href":"https:\/\/californiafitnessproducts.com\/es\/wp-json\/wp\/v2\/media\/715"}],"wp:attachment":[{"href":"https:\/\/californiafitnessproducts.com\/es\/wp-json\/wp\/v2\/media?parent=688"}],"wp:term":[{"taxonomy":"product_brand","embeddable":true,"href":"https:\/\/californiafitnessproducts.com\/es\/wp-json\/wp\/v2\/product_brand?post=688"},{"taxonomy":"product_cat","embeddable":true,"href":"https:\/\/californiafitnessproducts.com\/es\/wp-json\/wp\/v2\/product_cat?post=688"},{"taxonomy":"product_tag","embeddable":true,"href":"https:\/\/californiafitnessproducts.com\/es\/wp-json\/wp\/v2\/product_tag?post=688"}],"curies":[{"name":"wp","href":"https:\/\/api.w.org\/{rel}","templated":true}]}}