{"id":675,"date":"2024-12-17T10:40:23","date_gmt":"2024-12-17T10:40:23","guid":{"rendered":"https:\/\/americanpremiernutritions.com\/?post_type=product&#038;p=675"},"modified":"2025-10-17T16:25:51","modified_gmt":"2025-10-17T16:25:51","slug":"creatine-tri-phase-90-tabs-duo-pack","status":"publish","type":"product","link":"https:\/\/californiafitnessproducts.com\/es\/product\/creatine-tri-phase-90-tabs-duo-pack\/","title":{"rendered":"CREATINA TRI-PHASE 90 TABS - DUO PACK"},"content":{"rendered":"<h3 data-start=\"140\" data-end=\"199\"><strong data-start=\"144\" data-end=\"199\">3 Sources de Cr\u00e9atine pour une Performance Maximale<\/strong><\/h3>\n<p data-start=\"201\" data-end=\"352\">Cette formule innovante associe <strong data-start=\"233\" data-end=\"277\">trois formes compl\u00e9mentaires de cr\u00e9atine<\/strong> afin d\u2019optimiser la force, la r\u00e9cup\u00e9ration et la croissance musculaire :<\/p>\n<ul data-start=\"354\" data-end=\"765\">\n<li data-start=\"354\" data-end=\"499\">\n<p data-start=\"356\" data-end=\"499\">\ud83d\udca5 <strong data-start=\"359\" data-end=\"393\">Cr\u00e9atine Monohydrate (4800 mg)<\/strong> \u2013 La forme la plus \u00e9tudi\u00e9e et la plus efficace pour <strong data-start=\"446\" data-end=\"496\">augmenter la puissance et le volume musculaire<\/strong>.<\/p>\n<\/li>\n<li data-start=\"500\" data-end=\"638\">\n<p data-start=\"502\" data-end=\"638\">\u26a1 <strong data-start=\"504\" data-end=\"544\">Cr\u00e9atine Alpha-C\u00e9toglutarate (51 mg)<\/strong> \u2013 Favorise une <strong data-start=\"560\" data-end=\"584\">meilleure absorption<\/strong> et soutient la <strong data-start=\"600\" data-end=\"635\">production d\u2019\u00e9nergie cellulaire<\/strong>.<\/p>\n<\/li>\n<li data-start=\"639\" data-end=\"765\">\n<p data-start=\"641\" data-end=\"765\">\ud83d\udd0b <strong data-start=\"644\" data-end=\"674\">Cr\u00e9atine Pyruvate (150 mg)<\/strong> \u2013 Am\u00e9liore l\u2019<strong data-start=\"688\" data-end=\"712\">endurance musculaire<\/strong> et acc\u00e9l\u00e8re la <strong data-start=\"728\" data-end=\"762\">r\u00e9cup\u00e9ration post-entra\u00eenement<\/strong>.<\/p>\n<\/li>\n<\/ul>\n<p data-start=\"767\" data-end=\"947\">Ensemble, ces trois sources de cr\u00e9atine agissent en synergie pour <strong data-start=\"833\" data-end=\"862\">stimuler les performances<\/strong>, <strong data-start=\"864\" data-end=\"902\">favoriser la prise de masse maigre<\/strong> et <strong data-start=\"906\" data-end=\"944\">accro\u00eetre la r\u00e9sistance \u00e0 l\u2019effort<\/strong>.<\/p>\n<p data-start=\"229\" data-end=\"800\">\ud83d\udd25 <strong data-start=\"232\" data-end=\"262\">Boostez votre entra\u00eenement<\/strong> gr\u00e2ce \u00e0 une formule qui :<br data-start=\"288\" data-end=\"291\" \/>\u2705 <strong data-start=\"293\" data-end=\"330\">Favorise la croissance musculaire<\/strong> en hydratant les cellules<br data-start=\"356\" data-end=\"359\" \/>\u2705 <strong data-start=\"361\" data-end=\"396\">Recharge vos r\u00e9serves d\u2019\u00e9nergie<\/strong> pour aller plus loin<br data-start=\"417\" data-end=\"420\" \/>\u2705 <strong data-start=\"422\" data-end=\"460\">Optimise la synth\u00e8se des prot\u00e9ines<\/strong> et r\u00e9duit leur d\u00e9gradation<br data-start=\"487\" data-end=\"490\" \/>\u2705 <strong data-start=\"492\" data-end=\"520\">Acc\u00e9l\u00e8re la r\u00e9cup\u00e9ration<\/strong> apr\u00e8s l\u2019effort<br data-start=\"535\" data-end=\"538\" \/>\u2705 <strong data-start=\"540\" data-end=\"584\">Augmente la masse et la force musculaire<\/strong><br data-start=\"584\" data-end=\"587\" \/>\u2705 <strong data-start=\"589\" data-end=\"648\">Stimule la prise de poids saine et le gain de puissance<\/strong><br data-start=\"648\" data-end=\"651\" \/>\u2705 <strong data-start=\"653\" data-end=\"676\">Repousse la fatigue<\/strong> et am\u00e9liore la performance sur les efforts intenses<br data-start=\"728\" data-end=\"731\" \/>\u2705 <strong data-start=\"733\" data-end=\"770\">Maximise la croissance anabolique<\/strong> pour des r\u00e9sultats visibles<\/p>\n<p data-start=\"802\" data-end=\"873\">\ud83d\udca5 <strong data-start=\"805\" data-end=\"819\">R\u00e9sultat :<\/strong> plus de force, plus d\u2019endurance, plus de r\u00e9sultats.<\/p>\n<p data-start=\"802\" data-end=\"873\"><strong>2 bo\u00eetes de Creatine Tri-phase 90 tablettes<\/strong><\/p>\n<p>USO RECOMENDADO: 3 comprimidos con zumo de frutas 1 a 2 veces al d\u00eda, antes y\/o despu\u00e9s del entrenamiento. Tomar en ciclos de 4 a 6 semanas, despu\u00e9s hacer una pausa de 4 a 6 semanas y volver a empezar. Advertencia: los complementos alimenticios no sustituyen una dieta variada y equilibrada. No superar la dosis recomendada. Mantener fuera del alcance de los ni\u00f1os.<\/p>\n<p><strong>Livraison rapide:<\/strong> depuis UE ou USA<\/p>","protected":false},"excerpt":{"rendered":"<h3 data-start=\"163\" data-end=\"227\"><strong data-start=\"171\" data-end=\"225\">Intensit\u00e9 et puissance garanties \u00e0 chaque s\u00e9ance ! C<\/strong>reatine Tri-Phase : la force de 3 cr\u00e9atines r\u00e9unies pour des r\u00e9sultats explosifs.<\/h3>","protected":false},"featured_media":704,"template":"","meta":{"_acf_changed":false},"product_brand":[63],"product_cat":[46,72],"product_tag":[66],"class_list":{"0":"post-675","1":"product","2":"type-product","3":"status-publish","4":"has-post-thumbnail","6":"product_brand-california-fitness-products","7":"product_cat-energie-et-vitalite","8":"product_cat-masse-musculaire","9":"product_tag-complements","11":"first","12":"instock","13":"sale","14":"taxable","15":"shipping-taxable","16":"purchasable","17":"product-type-simple"},"acf":[],"_links":{"self":[{"href":"https:\/\/californiafitnessproducts.com\/es\/wp-json\/wp\/v2\/product\/675","targetHints":{"allow":["GET"]}}],"collection":[{"href":"https:\/\/californiafitnessproducts.com\/es\/wp-json\/wp\/v2\/product"}],"about":[{"href":"https:\/\/californiafitnessproducts.com\/es\/wp-json\/wp\/v2\/types\/product"}],"version-history":[{"count":1,"href":"https:\/\/californiafitnessproducts.com\/es\/wp-json\/wp\/v2\/product\/675\/revisions"}],"predecessor-version":[{"id":23159,"href":"https:\/\/californiafitnessproducts.com\/es\/wp-json\/wp\/v2\/product\/675\/revisions\/23159"}],"wp:featuredmedia":[{"embeddable":true,"href":"https:\/\/californiafitnessproducts.com\/es\/wp-json\/wp\/v2\/media\/704"}],"wp:attachment":[{"href":"https:\/\/californiafitnessproducts.com\/es\/wp-json\/wp\/v2\/media?parent=675"}],"wp:term":[{"taxonomy":"product_brand","embeddable":true,"href":"https:\/\/californiafitnessproducts.com\/es\/wp-json\/wp\/v2\/product_brand?post=675"},{"taxonomy":"product_cat","embeddable":true,"href":"https:\/\/californiafitnessproducts.com\/es\/wp-json\/wp\/v2\/product_cat?post=675"},{"taxonomy":"product_tag","embeddable":true,"href":"https:\/\/californiafitnessproducts.com\/es\/wp-json\/wp\/v2\/product_tag?post=675"}],"curies":[{"name":"wp","href":"https:\/\/api.w.org\/{rel}","templated":true}]}}