{"id":623,"date":"2024-12-17T10:40:09","date_gmt":"2024-12-17T10:40:09","guid":{"rendered":"https:\/\/americanpremiernutritions.com\/?post_type=product&#038;p=623"},"modified":"2025-12-02T01:22:31","modified_gmt":"2025-12-02T01:22:31","slug":"cla-1000mg","status":"publish","type":"product","link":"https:\/\/californiafitnessproducts.com\/es\/product\/cla-1000mg\/","title":{"rendered":"CLA 1000MG"},"content":{"rendered":"<p data-start=\"107\" data-end=\"311\"><strong data-start=\"107\" data-end=\"133\">QU&rsquo;EST-CE QUE LE CLA ?<\/strong><br data-start=\"133\" data-end=\"136\" \/>Le CLA (Acide Linol\u00e9ique Conjugu\u00e9) est un om\u00e9ga-6 aux bienfaits puissants : un antioxydant naturel qui aide \u00e0 r\u00e9duire la masse grasse tout en favorisant la masse musculaire.<\/p>\n<p data-start=\"313\" data-end=\"385\">Oui, vous avez bien lu : <strong data-start=\"338\" data-end=\"383\">un acide gras qui agit sur les graisses !<\/strong><\/p>\n<p data-start=\"387\" data-end=\"525\">R\u00e9sultat : un alli\u00e9 incontournable pour affiner votre silhouette, sculpter votre corps et atteindre vos objectifs forme plus rapidement.<\/p>\n<p><em><strong>Utilisation:<\/strong> 1 g\u00e9lule par jour. Avertissement: les compl\u00e9ments alimentaires ne doivent pas \u00eatre utilis\u00e9s en tant que substituts d&rsquo;une alimentation vari\u00e9e et \u00e9quilibr\u00e9e et un mode de vie sain. Ne pas d\u00e9passer la dose journali\u00e8re conseill\u00e9e et tenir hors de port\u00e9e des enfants.<\/em><\/p>\n<h4><strong>1 BOITE DE 60 GELULES<\/strong><\/h4>","protected":false},"excerpt":{"rendered":"<p data-start=\"66\" data-end=\"316\"><strong data-start=\"66\" data-end=\"99\">CLA \u2013 SCULPTEUR DE SILHOUETTE<\/strong><br data-start=\"99\" data-end=\"102\" \/>Cet om\u00e9ga-6 puissant agit l\u00e0 o\u00f9 \u00e7a compte : il favorise la prise de masse musculaire tout en r\u00e9duisant la masse grasse. V\u00e9ritable antioxydant, le CLA transforme les graisses en \u00e9nergie et affine votre silhouette.<\/p>\n<p data-start=\"318\" data-end=\"398\">Associez-le \u00e0 <strong data-start=\"332\" data-end=\"355\">PERFECT LINE BURNER<\/strong> pour des r\u00e9sultats visibles et rapides !<\/p>","protected":false},"featured_media":638,"template":"","meta":{"_acf_changed":false},"product_brand":[63],"product_cat":[56,53,46,57],"product_tag":[66,65,64],"class_list":{"0":"post-623","1":"product","2":"type-product","3":"status-publish","4":"has-post-thumbnail","6":"product_brand-california-fitness-products","7":"product_cat-bien-etre","8":"product_cat-controle-de-poids","9":"product_cat-energie-et-vitalite","10":"product_cat-vitamines","11":"product_tag-complements","12":"product_tag-controle-silhouette","13":"product_tag-performance","15":"first","16":"instock","17":"taxable","18":"shipping-taxable","19":"purchasable","20":"product-type-simple"},"acf":[],"_links":{"self":[{"href":"https:\/\/californiafitnessproducts.com\/es\/wp-json\/wp\/v2\/product\/623","targetHints":{"allow":["GET"]}}],"collection":[{"href":"https:\/\/californiafitnessproducts.com\/es\/wp-json\/wp\/v2\/product"}],"about":[{"href":"https:\/\/californiafitnessproducts.com\/es\/wp-json\/wp\/v2\/types\/product"}],"version-history":[{"count":1,"href":"https:\/\/californiafitnessproducts.com\/es\/wp-json\/wp\/v2\/product\/623\/revisions"}],"predecessor-version":[{"id":21822,"href":"https:\/\/californiafitnessproducts.com\/es\/wp-json\/wp\/v2\/product\/623\/revisions\/21822"}],"wp:featuredmedia":[{"embeddable":true,"href":"https:\/\/californiafitnessproducts.com\/es\/wp-json\/wp\/v2\/media\/638"}],"wp:attachment":[{"href":"https:\/\/californiafitnessproducts.com\/es\/wp-json\/wp\/v2\/media?parent=623"}],"wp:term":[{"taxonomy":"product_brand","embeddable":true,"href":"https:\/\/californiafitnessproducts.com\/es\/wp-json\/wp\/v2\/product_brand?post=623"},{"taxonomy":"product_cat","embeddable":true,"href":"https:\/\/californiafitnessproducts.com\/es\/wp-json\/wp\/v2\/product_cat?post=623"},{"taxonomy":"product_tag","embeddable":true,"href":"https:\/\/californiafitnessproducts.com\/es\/wp-json\/wp\/v2\/product_tag?post=623"}],"curies":[{"name":"wp","href":"https:\/\/api.w.org\/{rel}","templated":true}]}}