{"id":556,"date":"2024-12-17T10:32:52","date_gmt":"2024-12-17T10:32:52","guid":{"rendered":"https:\/\/americanpremiernutritions.com\/?post_type=product&#038;p=556"},"modified":"2026-02-24T11:33:11","modified_gmt":"2026-02-24T11:33:11","slug":"creatine-3000","status":"publish","type":"product","link":"https:\/\/californiafitnessproducts.com\/es\/product\/creatine-3000\/","title":{"rendered":"CREATINE 3000"},"content":{"rendered":"<h3 data-start=\"130\" data-end=\"176\"><strong data-start=\"137\" data-end=\"174\">Monohydrate de Cr\u00e9atine \u2013 3000 mg<\/strong><\/h3>\n<p data-start=\"268\" data-end=\"415\">Boostez vos performances avec la cr\u00e9atine monohydrate la plus pure et la plus efficace !<br data-start=\"356\" data-end=\"359\" \/>Formul\u00e9e pour les sportifs exigeants, cette cr\u00e9atine :<\/p>\n<ul data-start=\"417\" data-end=\"845\">\n<li data-start=\"417\" data-end=\"496\">\n<p data-start=\"419\" data-end=\"496\">\u26a1 <strong data-start=\"421\" data-end=\"460\">Am\u00e9liore les performances physiques<\/strong> lors d\u2019efforts courts et intenses<\/p>\n<\/li>\n<li data-start=\"497\" data-end=\"557\">\n<p data-start=\"499\" data-end=\"557\">\ud83d\udcaa <strong data-start=\"502\" data-end=\"555\">Optimise la puissance et l\u2019explosivit\u00e9 musculaire<\/strong><\/p>\n<\/li>\n<li data-start=\"558\" data-end=\"652\">\n<p data-start=\"560\" data-end=\"652\">\ud83d\udd2c <strong data-start=\"563\" data-end=\"587\">Cliniquement prouv\u00e9e<\/strong> : 3000 mg (3 g) de cr\u00e9atine monohydrate micronis\u00e9e par portion<\/p>\n<\/li>\n<li data-start=\"653\" data-end=\"759\">\n<p data-start=\"655\" data-end=\"759\">\ud83c\udf31 <strong data-start=\"658\" data-end=\"678\">Capsule v\u00e9g\u00e9tale<\/strong> \u2013 id\u00e9ale pour toutes les restrictions alimentaires, religieuses ou culturelles<\/p>\n<\/li>\n<li data-start=\"760\" data-end=\"845\">\n<p data-start=\"762\" data-end=\"845\">\ud83c\udfc5 <strong data-start=\"765\" data-end=\"801\">Qualit\u00e9 test\u00e9e pour les athl\u00e8tes<\/strong> \u2013 performance garantie en toute confiance<\/p>\n<\/li>\n<\/ul>\n<p data-start=\"847\" data-end=\"958\">\ud83d\udd25 <strong data-start=\"850\" data-end=\"864\">R\u00e9sultat :<\/strong> plus de force, plus d\u2019endurance, plus de r\u00e9sultats d\u00e8s vos entra\u00eenements \u00e0 haute intensit\u00e9.<\/p>\n<p>BOITE de 120 Capsules | 120g | 30 portions<\/p>\n<p>Une portion de 4 Capsules fournit 3000mg (3g) de cr\u00e9atine monohydrate.<\/p>\n<p>\u2705<strong data-start=\"179\" data-end=\"197\">Certifi\u00e9 Halal<\/strong> | \ud83c\udfcb\ufe0f <strong data-start=\"204\" data-end=\"231\">Test\u00e9 pour les athl\u00e8tes<\/strong> | \ud83c\udf31 <strong data-start=\"237\" data-end=\"264\">Capsules 100% v\u00e9g\u00e9tales<\/strong><\/p>\n<p><strong>La cr\u00e9atine est un Boosteur de Performance<\/strong><\/p>\n<p><strong><em>Utilisation:\u00a04 caspules par jour avec un peu de liquide vous procurent 3 g de cr\u00e9atine.<\/em> Lea las advertencias y siga las instrucciones de uso detalladas en la etiqueta.<\/strong><\/p>\n<hr \/>\n<h4><strong>INFORMACI\u00d3N NUTRICIONAL<\/strong><\/h4>\n<p><strong style=\"color: #666666; font-size: 14px;\">Suplemento diet\u00e9tico de creatina<\/strong><span style=\"color: #666666; font-size: 14px;\">.\u00a0<\/span><strong style=\"color: #666666; font-size: 14px;\">Ingredientes:\u00a0<\/strong><span style=\"color: #666666; font-size: 14px;\">Cr\u00e9atine monohydrate, capsule v\u00e9g\u00e9tarienne (hydroxypropylmethylcellulose). <\/span><strong style=\"color: #666666; font-size: 14px;\">Modo de empleo :<\/strong><span style=\"color: #666666; font-size: 14px;\">\u00a0Durante 4 semanas, tome 4 c\u00e1psulas al d\u00eda con un gran vaso de agua. A continuaci\u00f3n, deje de tomarlo durante 4 semanas. La creatina mejora el rendimiento f\u00edsico en adultos durante series sucesivas de ejercicio de corta duraci\u00f3n y alta intensidad. El efecto beneficioso se obtiene con 3 g de creatina al d\u00eda (4 c\u00e1psulas). <\/span><strong style=\"color: #666666; font-size: 14px;\">Precauciones de uso :<\/strong><span style=\"color: #666666; font-size: 14px;\">\u00a0La creatina no est\u00e1 recomendada para uso permanente, para ni\u00f1os y adolescentes, ni para personas que sufran insuficiencia renal. Su consumo regular puede provocar un aumento de peso. No supere la dosis diaria recomendada. Este producto est\u00e1 destinado a adultos que realizan ejercicio f\u00edsico intenso. Mantener fuera del alcance de los ni\u00f1os. Este producto no sustituye una dieta variada y un estilo de vida saludable. No recomendado para mujeres embarazadas o en periodo de lactancia.<\/span><\/p>","protected":false},"excerpt":{"rendered":"<p>Boostez vos performances, repoussez vos limites.<\/p>","protected":false},"featured_media":568,"template":"","meta":{"_acf_changed":false},"product_brand":[],"product_cat":[46,72],"product_tag":[66],"class_list":{"0":"post-556","1":"product","2":"type-product","3":"status-publish","4":"has-post-thumbnail","6":"product_cat-energie-et-vitalite","7":"product_cat-masse-musculaire","8":"product_tag-complements","10":"first","11":"instock","12":"taxable","13":"shipping-taxable","14":"purchasable","15":"product-type-simple"},"acf":[],"_links":{"self":[{"href":"https:\/\/californiafitnessproducts.com\/es\/wp-json\/wp\/v2\/product\/556","targetHints":{"allow":["GET"]}}],"collection":[{"href":"https:\/\/californiafitnessproducts.com\/es\/wp-json\/wp\/v2\/product"}],"about":[{"href":"https:\/\/californiafitnessproducts.com\/es\/wp-json\/wp\/v2\/types\/product"}],"version-history":[{"count":2,"href":"https:\/\/californiafitnessproducts.com\/es\/wp-json\/wp\/v2\/product\/556\/revisions"}],"predecessor-version":[{"id":36039,"href":"https:\/\/californiafitnessproducts.com\/es\/wp-json\/wp\/v2\/product\/556\/revisions\/36039"}],"wp:featuredmedia":[{"embeddable":true,"href":"https:\/\/californiafitnessproducts.com\/es\/wp-json\/wp\/v2\/media\/568"}],"wp:attachment":[{"href":"https:\/\/californiafitnessproducts.com\/es\/wp-json\/wp\/v2\/media?parent=556"}],"wp:term":[{"taxonomy":"product_brand","embeddable":true,"href":"https:\/\/californiafitnessproducts.com\/es\/wp-json\/wp\/v2\/product_brand?post=556"},{"taxonomy":"product_cat","embeddable":true,"href":"https:\/\/californiafitnessproducts.com\/es\/wp-json\/wp\/v2\/product_cat?post=556"},{"taxonomy":"product_tag","embeddable":true,"href":"https:\/\/californiafitnessproducts.com\/es\/wp-json\/wp\/v2\/product_tag?post=556"}],"curies":[{"name":"wp","href":"https:\/\/api.w.org\/{rel}","templated":true}]}}