{"id":461,"date":"2024-12-17T10:32:20","date_gmt":"2024-12-17T10:32:20","guid":{"rendered":"https:\/\/americanpremiernutritions.com\/?post_type=product&#038;p=461"},"modified":"2025-10-15T16:09:45","modified_gmt":"2025-10-15T16:09:45","slug":"collagen-peptides-duo-pack","status":"publish","type":"product","link":"https:\/\/californiafitnessproducts.com\/es\/product\/collagen-peptides-duo-pack\/","title":{"rendered":"COLLAGEN PEPTIDES DUO PACK"},"content":{"rendered":"<h3 data-start=\"81\" data-end=\"129\">\u2728 <strong data-start=\"87\" data-end=\"127\">Complexe Collag\u00e8ne \u2013 Type I, III &amp; B<\/strong><\/h3>\n<p data-start=\"131\" data-end=\"417\">\ud83d\udc8e <strong data-start=\"134\" data-end=\"152\">Soutien global<\/strong> : peau, articulations, os, cartilage, tendons et ligaments<br data-start=\"211\" data-end=\"214\" \/>\ud83d\udca7 <strong data-start=\"217\" data-end=\"243\">Peau ferme &amp; \u00e9lastique<\/strong> : le collag\u00e8ne aide \u00e0 retenir l\u2019eau et \u00e0 pr\u00e9server la jeunesse de la peau<br data-start=\"317\" data-end=\"320\" \/>\ud83d\udcaa <strong data-start=\"323\" data-end=\"343\">Force &amp; maintien<\/strong> : contribue \u00e0 la solidit\u00e9 du tissu conjonctif et au renforcement des os<\/p>\n<p data-start=\"419\" data-end=\"454\">\ud83c\udf31 <strong data-start=\"422\" data-end=\"450\">Formule clean &amp; efficace<\/strong> :<\/p>\n<ul data-start=\"455\" data-end=\"604\">\n<li data-start=\"455\" data-end=\"507\">\n<p data-start=\"457\" data-end=\"507\">\u2705 <strong data-start=\"459\" data-end=\"476\">Sans glucides<\/strong> \u2013 compatible low carb &amp; keto<\/p>\n<\/li>\n<li data-start=\"508\" data-end=\"544\">\n<p data-start=\"510\" data-end=\"544\">\u2705 <strong data-start=\"512\" data-end=\"542\">Sans gluten &amp; sans lactose<\/strong><\/p>\n<\/li>\n<li data-start=\"545\" data-end=\"604\">\n<p data-start=\"547\" data-end=\"604\">\u2705 <strong data-start=\"549\" data-end=\"573\">Enrichi en alo\u00e9 vera<\/strong> pour une absorption optimale<\/p>\n<\/li>\n<\/ul>\n<p data-start=\"606\" data-end=\"732\">\ud83d\udca1 <strong data-start=\"609\" data-end=\"623\">Id\u00e9al pour<\/strong> : ceux qui veulent pr\u00e9server la sant\u00e9 articulaire, la beaut\u00e9 de leur peau et rester actifs plus longtemps.<\/p>\n<p>2 BOITES DE 120 GELULES<\/p>\n<h3 data-start=\"114\" data-end=\"154\"><strong data-start=\"120\" data-end=\"152\">Tout savoir sur le Collag\u00e8ne<\/strong><\/h3>\n<p data-start=\"156\" data-end=\"317\">Le <strong data-start=\"159\" data-end=\"172\">collag\u00e8ne<\/strong> est la prot\u00e9ine la plus abondante du corps, essentielle \u00e0 la <strong data-start=\"234\" data-end=\"256\">fermet\u00e9 de la peau<\/strong>, \u00e0 la <strong data-start=\"263\" data-end=\"284\">sant\u00e9 des cheveux<\/strong> et au <strong data-start=\"291\" data-end=\"314\">maintien des tissus<\/strong>.<\/p>\n<p data-start=\"319\" data-end=\"556\">\ud83d\udc8e <strong data-start=\"322\" data-end=\"353\">Peau plus ferme &amp; \u00e9lastique<\/strong> \u2013 lutte contre les signes de l\u2019\u00e2ge<br data-start=\"388\" data-end=\"391\" \/>\ud83d\udc86\u200d\u2640\ufe0f <strong data-start=\"397\" data-end=\"431\">Cheveux plus forts &amp; brillants<\/strong> \u2013 stimule la croissance et r\u00e9duit la chute<br data-start=\"474\" data-end=\"477\" \/>\ud83d\udcaa <strong data-start=\"480\" data-end=\"498\">Soutien global<\/strong> \u2013 participe au bon \u00e9tat des articulations et des tissus<\/p>\n<p data-start=\"558\" data-end=\"698\">Un apport suppl\u00e9mentaire en collag\u00e8ne aide \u00e0 retrouver une <strong data-start=\"617\" data-end=\"635\">peau \u00e9clatante<\/strong>, des <strong data-start=\"641\" data-end=\"668\">cheveux en pleine sant\u00e9<\/strong> et un <strong data-start=\"675\" data-end=\"695\">corps revitalis\u00e9<\/strong>.<\/p>\n<p>Avertissement: les compl\u00e9ments alimentaires ne se substituent pas \u00e0 une alimentation vari\u00e9e et \u00e9quilibr\u00e9e. Ne pas d\u00e9passer le dosage recommand\u00e9e. Tenir hors de port\u00e9e des enfants.<\/p>","protected":false},"excerpt":{"rendered":"<p>Le collag\u00e8ne est le <strong>principal composant de la peau et du tissu conjonctif<\/strong> mais aussi des os, du cartilage, des tendons, des ligaments et des dents dont il assure le renforcement et le maintien. Le collag\u00e8ne est un \u00e9l\u00e9ment important dans l&rsquo;apparence de la peau puisqu&rsquo;il a la capacit\u00e9 de lier une grande quantit\u00e9 d&rsquo;eau et aide \u00e0 maintenir une peau ferme et \u00e9lastique. COLLAGEN PEPTIDES est votre alli\u00e9 pour l&rsquo;entretien de la peau et des tissus corporels.<\/p>","protected":false},"featured_media":489,"template":"","meta":{"_acf_changed":false},"product_brand":[63],"product_cat":[56,46,54,57],"product_tag":[66,64],"class_list":{"0":"post-461","1":"product","2":"type-product","3":"status-publish","4":"has-post-thumbnail","6":"product_brand-california-fitness-products","7":"product_cat-bien-etre","8":"product_cat-energie-et-vitalite","9":"product_cat-vitalite-masculine","10":"product_cat-vitamines","11":"product_tag-complements","12":"product_tag-performance","14":"first","15":"instock","16":"sale","17":"taxable","18":"shipping-taxable","19":"purchasable","20":"product-type-simple"},"acf":[],"_links":{"self":[{"href":"https:\/\/californiafitnessproducts.com\/es\/wp-json\/wp\/v2\/product\/461","targetHints":{"allow":["GET"]}}],"collection":[{"href":"https:\/\/californiafitnessproducts.com\/es\/wp-json\/wp\/v2\/product"}],"about":[{"href":"https:\/\/californiafitnessproducts.com\/es\/wp-json\/wp\/v2\/types\/product"}],"version-history":[{"count":1,"href":"https:\/\/californiafitnessproducts.com\/es\/wp-json\/wp\/v2\/product\/461\/revisions"}],"predecessor-version":[{"id":21830,"href":"https:\/\/californiafitnessproducts.com\/es\/wp-json\/wp\/v2\/product\/461\/revisions\/21830"}],"wp:featuredmedia":[{"embeddable":true,"href":"https:\/\/californiafitnessproducts.com\/es\/wp-json\/wp\/v2\/media\/489"}],"wp:attachment":[{"href":"https:\/\/californiafitnessproducts.com\/es\/wp-json\/wp\/v2\/media?parent=461"}],"wp:term":[{"taxonomy":"product_brand","embeddable":true,"href":"https:\/\/californiafitnessproducts.com\/es\/wp-json\/wp\/v2\/product_brand?post=461"},{"taxonomy":"product_cat","embeddable":true,"href":"https:\/\/californiafitnessproducts.com\/es\/wp-json\/wp\/v2\/product_cat?post=461"},{"taxonomy":"product_tag","embeddable":true,"href":"https:\/\/californiafitnessproducts.com\/es\/wp-json\/wp\/v2\/product_tag?post=461"}],"curies":[{"name":"wp","href":"https:\/\/api.w.org\/{rel}","templated":true}]}}