{"id":389,"date":"2024-12-17T10:31:51","date_gmt":"2024-12-17T10:31:51","guid":{"rendered":"https:\/\/americanpremiernutritions.com\/?post_type=product&#038;p=389"},"modified":"2026-02-18T15:28:25","modified_gmt":"2026-02-18T15:28:25","slug":"magnesium-375-mg","status":"publish","type":"product","link":"https:\/\/californiafitnessproducts.com\/es\/product\/magnesium-375-mg\/","title":{"rendered":"MAGNESIUM 375 MG"},"content":{"rendered":"<h2 data-start=\"113\" data-end=\"171\"><strong data-start=\"116\" data-end=\"171\">Magn\u00e9sium \u2013 Soutien Musculaire, \u00c9nergie et Vitalit\u00e9<\/strong><\/h2>\n<h3 data-start=\"173\" data-end=\"235\"><strong data-start=\"177\" data-end=\"235\">Retrouvez force, \u00e9quilibre et bien-\u00eatre au quotidien !<\/strong><\/h3>\n<p data-start=\"237\" data-end=\"594\">Le <strong data-start=\"240\" data-end=\"253\">magn\u00e9sium<\/strong> est un <strong data-start=\"261\" data-end=\"282\">min\u00e9ral essentiel<\/strong> contribuant au maintien d\u2019une <strong data-start=\"313\" data-end=\"342\">fonction musculaire saine<\/strong> et au <strong data-start=\"349\" data-end=\"390\">bon fonctionnement du syst\u00e8me nerveux<\/strong>.<br data-start=\"391\" data-end=\"394\" \/>Il soutient efficacement les muscles, notamment lors de <strong data-start=\"450\" data-end=\"488\">p\u00e9riodes d\u2019inconfort ou de crampes<\/strong>, et aide \u00e0 <strong data-start=\"500\" data-end=\"522\">r\u00e9duire la fatigue<\/strong> ainsi que la <strong data-start=\"536\" data-end=\"562\">sensation de faiblesse<\/strong> li\u00e9e \u00e0 un apport insuffisant.<\/p>\n<p data-start=\"596\" data-end=\"776\">Essentiel \u00e9galement pour la <strong data-start=\"624\" data-end=\"640\">sant\u00e9 des os<\/strong>, le magn\u00e9sium agit en synergie avec le <strong data-start=\"680\" data-end=\"691\">calcium<\/strong> et le <strong data-start=\"698\" data-end=\"711\">phosphore<\/strong> pour maintenir une <strong data-start=\"731\" data-end=\"773\">structure osseuse solide et \u00e9quilibr\u00e9e<\/strong>.<\/p>\n<hr data-start=\"778\" data-end=\"781\" \/>\n<h3 data-start=\"783\" data-end=\"804\"><strong data-start=\"787\" data-end=\"804\">Utilisation :<\/strong><\/h3>\n<p data-start=\"805\" data-end=\"854\">Prendre <strong data-start=\"813\" data-end=\"835\">1 capsule par jour<\/strong> avec un peu d\u2019eau.<\/p>\n<hr data-start=\"856\" data-end=\"859\" \/>\n<h3 data-start=\"861\" data-end=\"891\"><strong data-start=\"865\" data-end=\"891\">Precauciones de uso :<\/strong><\/h3>\n<ul data-start=\"892\" data-end=\"1267\">\n<li data-start=\"892\" data-end=\"943\">\n<p data-start=\"894\" data-end=\"943\">Ne pas d\u00e9passer l\u2019apport journalier recommand\u00e9.<\/p>\n<\/li>\n<li data-start=\"944\" data-end=\"1056\">\n<p data-start=\"946\" data-end=\"1056\">Les compl\u00e9ments alimentaires ne remplacent pas une alimentation vari\u00e9e et \u00e9quilibr\u00e9e ni un mode de vie sain.<\/p>\n<\/li>\n<li data-start=\"1057\" data-end=\"1098\">\n<p data-start=\"1059\" data-end=\"1098\">Tenir <strong data-start=\"1065\" data-end=\"1095\">hors de port\u00e9e des enfants<\/strong>.<\/p>\n<\/li>\n<li data-start=\"1099\" data-end=\"1130\">\n<p data-start=\"1101\" data-end=\"1130\"><strong data-start=\"1101\" data-end=\"1128\">Non adapt\u00e9 aux enfants.<\/strong><\/p>\n<\/li>\n<li data-start=\"1131\" data-end=\"1197\">\n<p data-start=\"1133\" data-end=\"1197\">Une consommation excessive peut avoir des <strong data-start=\"1175\" data-end=\"1194\">effets laxatifs<\/strong>.<\/p>\n<\/li>\n<li data-start=\"1198\" data-end=\"1267\">\n<p data-start=\"1200\" data-end=\"1267\">Conserver dans un endroit <strong data-start=\"1226\" data-end=\"1266\">frais, sec et \u00e0 l\u2019abri de la lumi\u00e8re<\/strong>.<\/p>\n<\/li>\n<\/ul>","protected":false},"excerpt":{"rendered":"<h3 data-start=\"241\" data-end=\"280\">\ud83c\udf3f <span style=\"font-size: 16px;\">Retrouver \u00e9nergie, s\u00e9r\u00e9nit\u00e9 et vitalit\u00e9 gr\u00e2ce aux bienfaits naturels du magn\u00e9sium.<\/span><\/h3>","protected":false},"featured_media":23408,"template":"","meta":{"_acf_changed":false},"product_brand":[63],"product_cat":[56,46,58],"product_tag":[66,64],"class_list":{"0":"post-389","1":"product","2":"type-product","3":"status-publish","4":"has-post-thumbnail","6":"product_brand-california-fitness-products","7":"product_cat-bien-etre","8":"product_cat-energie-et-vitalite","9":"product_cat-mineraux","10":"product_tag-complements","11":"product_tag-performance","13":"first","14":"instock","15":"taxable","16":"shipping-taxable","17":"purchasable","18":"product-type-simple"},"acf":[],"_links":{"self":[{"href":"https:\/\/californiafitnessproducts.com\/es\/wp-json\/wp\/v2\/product\/389","targetHints":{"allow":["GET"]}}],"collection":[{"href":"https:\/\/californiafitnessproducts.com\/es\/wp-json\/wp\/v2\/product"}],"about":[{"href":"https:\/\/californiafitnessproducts.com\/es\/wp-json\/wp\/v2\/types\/product"}],"version-history":[{"count":3,"href":"https:\/\/californiafitnessproducts.com\/es\/wp-json\/wp\/v2\/product\/389\/revisions"}],"predecessor-version":[{"id":35576,"href":"https:\/\/californiafitnessproducts.com\/es\/wp-json\/wp\/v2\/product\/389\/revisions\/35576"}],"wp:featuredmedia":[{"embeddable":true,"href":"https:\/\/californiafitnessproducts.com\/es\/wp-json\/wp\/v2\/media\/23408"}],"wp:attachment":[{"href":"https:\/\/californiafitnessproducts.com\/es\/wp-json\/wp\/v2\/media?parent=389"}],"wp:term":[{"taxonomy":"product_brand","embeddable":true,"href":"https:\/\/californiafitnessproducts.com\/es\/wp-json\/wp\/v2\/product_brand?post=389"},{"taxonomy":"product_cat","embeddable":true,"href":"https:\/\/californiafitnessproducts.com\/es\/wp-json\/wp\/v2\/product_cat?post=389"},{"taxonomy":"product_tag","embeddable":true,"href":"https:\/\/californiafitnessproducts.com\/es\/wp-json\/wp\/v2\/product_tag?post=389"}],"curies":[{"name":"wp","href":"https:\/\/api.w.org\/{rel}","templated":true}]}}