{"id":376,"date":"2024-12-17T10:31:50","date_gmt":"2024-12-17T10:31:50","guid":{"rendered":"https:\/\/americanpremiernutritions.com\/?post_type=product&#038;p=376"},"modified":"2025-12-02T01:22:32","modified_gmt":"2025-12-02T01:22:32","slug":"amino-2200-mg-complex","status":"publish","type":"product","link":"https:\/\/californiafitnessproducts.com\/es\/product\/amino-2200-mg-complex\/","title":{"rendered":"COMPLEJO AMINO 2200 MG"},"content":{"rendered":"<h2 data-start=\"94\" data-end=\"159\">\ud83c\udfcb\ufe0f\u200d\u2642\ufe0f <strong data-start=\"104\" data-end=\"157\">Acides Amin\u00e9s \u2013 Le carburant de votre performance<\/strong><\/h2>\n<h3 data-start=\"161\" data-end=\"210\">\ud83d\udd25 <strong data-start=\"168\" data-end=\"208\">Pourquoi choisir nos acides amin\u00e9s ?<\/strong><\/h3>\n<p data-start=\"211\" data-end=\"762\">Nos acides amin\u00e9s sont sp\u00e9cialement formul\u00e9s pour :<br data-start=\"262\" data-end=\"265\" \/>\u2705 <strong data-start=\"267\" data-end=\"304\">Stimuler la croissance musculaire<\/strong> \u2013 favorisent l\u2019anabolisme et la prise de masse.<br data-start=\"352\" data-end=\"355\" \/>\u2705 <strong data-start=\"357\" data-end=\"386\">Acc\u00e9l\u00e9rer la r\u00e9cup\u00e9ration<\/strong> \u2013 r\u00e9duisent les courbatures et la fatigue apr\u00e8s l\u2019entra\u00eenement.<br data-start=\"450\" data-end=\"453\" \/>\u2705 <strong data-start=\"455\" data-end=\"479\">Prot\u00e9ger vos muscles<\/strong> \u2013 limitent le catabolisme (destruction musculaire).<br data-start=\"531\" data-end=\"534\" \/>\u2705 <strong data-start=\"536\" data-end=\"566\">Soutenir votre m\u00e9tabolisme<\/strong> \u2013 participent \u00e0 la production d\u2019enzymes, d\u2019hormones et de neurotransmetteurs.<br data-start=\"644\" data-end=\"647\" \/>\u2705 <strong data-start=\"649\" data-end=\"679\">Optimiser vos performances<\/strong> \u2013 un taux \u00e9quilibr\u00e9 d\u2019acides amin\u00e9s dans le sang = plus de force et d\u2019endurance.<\/p>\n<hr data-start=\"764\" data-end=\"767\" \/>\n<h3 data-start=\"769\" data-end=\"810\">\ud83d\udca1 <strong data-start=\"776\" data-end=\"808\">\u00c0 qui s\u2019adresse ce produit ?<\/strong><\/h3>\n<ul data-start=\"811\" data-end=\"1007\">\n<li data-start=\"811\" data-end=\"856\">\n<p data-start=\"813\" data-end=\"856\">Sportifs &amp; pratiquants de musculation \ud83c\udfcb\ufe0f<\/p>\n<\/li>\n<li data-start=\"857\" data-end=\"895\">\n<p data-start=\"859\" data-end=\"895\">Personnes en d\u00e9ficit prot\u00e9ique \ud83c\udf7d\ufe0f<\/p>\n<\/li>\n<li data-start=\"896\" data-end=\"942\">\n<p data-start=\"898\" data-end=\"942\">R\u00e9gimes hyperprot\u00e9in\u00e9s (perte de poids) \ud83e\udd57<\/p>\n<\/li>\n<li data-start=\"943\" data-end=\"1007\">\n<p data-start=\"945\" data-end=\"1007\">Toute personne cherchant plus d\u2019\u00e9nergie et de r\u00e9cup\u00e9ration \u26a1<\/p>\n<\/li>\n<\/ul>\n<hr data-start=\"1009\" data-end=\"1012\" \/>\n<h3 data-start=\"1014\" data-end=\"1048\">\ud83d\udcca <strong data-start=\"1021\" data-end=\"1046\">Ce que vous obtenez :<\/strong><\/h3>\n<ul data-start=\"1049\" data-end=\"1257\">\n<li data-start=\"1049\" data-end=\"1100\">\n<p data-start=\"1051\" data-end=\"1100\">\ud83d\udcaa Construction et r\u00e9paration musculaire rapide<\/p>\n<\/li>\n<li data-start=\"1101\" data-end=\"1150\">\n<p data-start=\"1103\" data-end=\"1150\">\ud83d\udd52 R\u00e9cup\u00e9ration optimis\u00e9e apr\u00e8s chaque s\u00e9ance<\/p>\n<\/li>\n<li data-start=\"1151\" data-end=\"1201\">\n<p data-start=\"1153\" data-end=\"1201\">\ud83d\udd0b Apport d\u2019\u00e9nergie sans sacrifier vos muscles<\/p>\n<\/li>\n<li data-start=\"1202\" data-end=\"1257\">\n<p data-start=\"1204\" data-end=\"1257\">\ud83e\udde0 Meilleure concentration et \u00e9quilibre m\u00e9tabolique<\/p>\n<\/li>\n<\/ul>\n<hr data-start=\"1259\" data-end=\"1262\" \/>\n<h3 data-start=\"1264\" data-end=\"1288\">\ud83e\uddea <strong data-start=\"1271\" data-end=\"1286\">Composition<\/strong><\/h3>\n<ul data-start=\"1289\" data-end=\"1455\">\n<li data-start=\"1289\" data-end=\"1356\">\n<p data-start=\"1291\" data-end=\"1356\">M\u00e9lange complet des <strong data-start=\"1311\" data-end=\"1331\">20 acides amin\u00e9s<\/strong>, dont les 9 essentiels<\/p>\n<\/li>\n<li data-start=\"1357\" data-end=\"1414\">\n<p data-start=\"1359\" data-end=\"1414\">Haute biodisponibilit\u00e9 pour une assimilation optimale<\/p>\n<\/li>\n<li data-start=\"1415\" data-end=\"1455\">\n<p data-start=\"1417\" data-end=\"1455\">Formule pure, sans additifs inutiles<\/p>\n<\/li>\n<\/ul>\n<p>AVERTISSEMENT : Les compl\u00e9ments alimentaires ne peuvent se substituer \u00e0 une alimentation vari\u00e9e et \u00e9quilibr\u00e9e. Ne pas d\u00e9passer l\u2019apport journalier recommand\u00e9. Tenir hors de port\u00e9e des enfants.<\/p>\n<p>&nbsp;<\/p>","protected":false},"excerpt":{"rendered":"<p>\ud83d\udcaa <strong data-start=\"72\" data-end=\"100\">Acides Amin\u00e9s Essentiels<\/strong><br data-start=\"100\" data-end=\"103\" \/>Soutiennent la r\u00e9cup\u00e9ration musculaire, favorisent la croissance et am\u00e9liorent la performance physique.<br data-start=\"206\" data-end=\"209\" \/>\u26a1 Id\u00e9al pour l\u2019\u00e9nergie, l\u2019endurance et la protection musculaire.<\/p>","protected":false},"featured_media":28300,"template":"","meta":{"_acf_changed":false},"product_brand":[63],"product_cat":[52,46,48],"product_tag":[66,64],"class_list":{"0":"post-376","1":"product","2":"type-product","3":"status-publish","4":"has-post-thumbnail","6":"product_brand-california-fitness-products","7":"product_cat-acides-amines","8":"product_cat-energie-et-vitalite","9":"product_cat-proteines","10":"product_tag-complements","11":"product_tag-performance","13":"first","14":"instock","15":"taxable","16":"shipping-taxable","17":"purchasable","18":"product-type-simple"},"acf":[],"_links":{"self":[{"href":"https:\/\/californiafitnessproducts.com\/es\/wp-json\/wp\/v2\/product\/376","targetHints":{"allow":["GET"]}}],"collection":[{"href":"https:\/\/californiafitnessproducts.com\/es\/wp-json\/wp\/v2\/product"}],"about":[{"href":"https:\/\/californiafitnessproducts.com\/es\/wp-json\/wp\/v2\/types\/product"}],"version-history":[{"count":2,"href":"https:\/\/californiafitnessproducts.com\/es\/wp-json\/wp\/v2\/product\/376\/revisions"}],"predecessor-version":[{"id":21834,"href":"https:\/\/californiafitnessproducts.com\/es\/wp-json\/wp\/v2\/product\/376\/revisions\/21834"}],"wp:featuredmedia":[{"embeddable":true,"href":"https:\/\/californiafitnessproducts.com\/es\/wp-json\/wp\/v2\/media\/28300"}],"wp:attachment":[{"href":"https:\/\/californiafitnessproducts.com\/es\/wp-json\/wp\/v2\/media?parent=376"}],"wp:term":[{"taxonomy":"product_brand","embeddable":true,"href":"https:\/\/californiafitnessproducts.com\/es\/wp-json\/wp\/v2\/product_brand?post=376"},{"taxonomy":"product_cat","embeddable":true,"href":"https:\/\/californiafitnessproducts.com\/es\/wp-json\/wp\/v2\/product_cat?post=376"},{"taxonomy":"product_tag","embeddable":true,"href":"https:\/\/californiafitnessproducts.com\/es\/wp-json\/wp\/v2\/product_tag?post=376"}],"curies":[{"name":"wp","href":"https:\/\/api.w.org\/{rel}","templated":true}]}}