{"id":374,"date":"2024-12-17T10:31:50","date_gmt":"2024-12-17T10:31:50","guid":{"rendered":"https:\/\/americanpremiernutritions.com\/?post_type=product&#038;p=374"},"modified":"2025-10-17T09:55:04","modified_gmt":"2025-10-17T09:55:04","slug":"nitro-pump-duo-pack","status":"publish","type":"product","link":"https:\/\/californiafitnessproducts.com\/es\/product\/nitro-pump-duo-pack\/","title":{"rendered":"BOMBA NITRO - PACK D\u00daO"},"content":{"rendered":"<h4><strong>NITRO PUMP AIDE PARFAITEMENT \u00c0 :<\/strong><\/h4>\n<ul>\n<li><strong>Am\u00e9liorer la force, l&rsquo;\u00e9nergie et la r\u00e9<\/strong><strong>cup\u00e9ration<\/strong><\/li>\n<li><strong>La croissance musculaire<\/strong><\/li>\n<li><strong>Am\u00e9liorer les performances d&rsquo;entra\u00eenement<\/strong><\/li>\n<\/ul>\n<p><em><strong>Avertissement:\u00a0<\/strong>les compl\u00e9ments alimentaires ne doivent pas \u00eatre utilis\u00e9s en tant que substituts d&rsquo;une alimentation vari\u00e9e et \u00e9quilibr\u00e9e et un mode de vie sain. Ne pas d\u00e9passer la dose journali\u00e8re conseill\u00e9e et tenir hors de port\u00e9e des enfants.<\/em><\/p>\n<p>Livraison: depuis UE ou USA<\/p>\n<h4><strong>2 BOITES DE 90 TABLETTES<\/strong><\/h4>\n<p><strong style=\"color: #333333; font-size: 18px;\">INFORMACI\u00d3N NUTRICIONAL<\/strong><\/p>\n<figure id=\"attachment_23015\" aria-describedby=\"caption-attachment-23015\" style=\"width: 736px\" class=\"wp-caption alignnone\"><img fetchpriority=\"high\" decoding=\"async\" class=\"wp-image-23015\" src=\"https:\/\/californiafitnessproducts.com\/wp-content\/uploads\/2024\/12\/NITRO-PUMP-90S-10642-VLI151-03-90-JR.jpg\" alt=\"\" width=\"736\" height=\"477\" srcset=\"https:\/\/californiafitnessproducts.com\/wp-content\/uploads\/2024\/12\/NITRO-PUMP-90S-10642-VLI151-03-90-JR.jpg 2370w, https:\/\/californiafitnessproducts.com\/wp-content\/uploads\/2024\/12\/NITRO-PUMP-90S-10642-VLI151-03-90-JR-650x422.jpg 650w, https:\/\/californiafitnessproducts.com\/wp-content\/uploads\/2024\/12\/NITRO-PUMP-90S-10642-VLI151-03-90-JR-300x195.jpg 300w, https:\/\/californiafitnessproducts.com\/wp-content\/uploads\/2024\/12\/NITRO-PUMP-90S-10642-VLI151-03-90-JR-1024x664.jpg 1024w, https:\/\/californiafitnessproducts.com\/wp-content\/uploads\/2024\/12\/NITRO-PUMP-90S-10642-VLI151-03-90-JR-768x498.jpg 768w, https:\/\/californiafitnessproducts.com\/wp-content\/uploads\/2024\/12\/NITRO-PUMP-90S-10642-VLI151-03-90-JR-1536x996.jpg 1536w, https:\/\/californiafitnessproducts.com\/wp-content\/uploads\/2024\/12\/NITRO-PUMP-90S-10642-VLI151-03-90-JR-2048x1328.jpg 2048w, https:\/\/californiafitnessproducts.com\/wp-content\/uploads\/2024\/12\/NITRO-PUMP-90S-10642-VLI151-03-90-JR-18x12.jpg 18w\" sizes=\"(max-width: 736px) 100vw, 736px\" \/><figcaption id=\"caption-attachment-23015\" class=\"wp-caption-text\">2.75 X 7 TEMPLATE<\/figcaption><\/figure>","protected":false},"excerpt":{"rendered":"<p>NITRO PUMP CONTRIBUE A:<\/p>\n<ul>\n<li>Am\u00e9liorer la force et l&rsquo;\u00e9nergie<\/li>\n<li>R\u00e9cup\u00e9rer rapidement<\/li>\n<li>La croissance musculaire<\/li>\n<li>Am\u00e9liorer les performances d&rsquo;entra\u00eenement<\/li>\n<li>Am\u00e9liorer la concentration et soulager le stress<\/li>\n<\/ul>","protected":false},"featured_media":501,"template":"","meta":{"_acf_changed":false},"product_brand":[63],"product_cat":[52,56,46,54],"product_tag":[66,64],"class_list":{"0":"post-374","1":"product","2":"type-product","3":"status-publish","4":"has-post-thumbnail","6":"product_brand-california-fitness-products","7":"product_cat-acides-amines","8":"product_cat-bien-etre","9":"product_cat-energie-et-vitalite","10":"product_cat-vitalite-masculine","11":"product_tag-complements","12":"product_tag-performance","14":"first","15":"instock","16":"sale","17":"taxable","18":"shipping-taxable","19":"purchasable","20":"product-type-simple"},"acf":[],"_links":{"self":[{"href":"https:\/\/californiafitnessproducts.com\/es\/wp-json\/wp\/v2\/product\/374","targetHints":{"allow":["GET"]}}],"collection":[{"href":"https:\/\/californiafitnessproducts.com\/es\/wp-json\/wp\/v2\/product"}],"about":[{"href":"https:\/\/californiafitnessproducts.com\/es\/wp-json\/wp\/v2\/types\/product"}],"version-history":[{"count":1,"href":"https:\/\/californiafitnessproducts.com\/es\/wp-json\/wp\/v2\/product\/374\/revisions"}],"predecessor-version":[{"id":23349,"href":"https:\/\/californiafitnessproducts.com\/es\/wp-json\/wp\/v2\/product\/374\/revisions\/23349"}],"wp:featuredmedia":[{"embeddable":true,"href":"https:\/\/californiafitnessproducts.com\/es\/wp-json\/wp\/v2\/media\/501"}],"wp:attachment":[{"href":"https:\/\/californiafitnessproducts.com\/es\/wp-json\/wp\/v2\/media?parent=374"}],"wp:term":[{"taxonomy":"product_brand","embeddable":true,"href":"https:\/\/californiafitnessproducts.com\/es\/wp-json\/wp\/v2\/product_brand?post=374"},{"taxonomy":"product_cat","embeddable":true,"href":"https:\/\/californiafitnessproducts.com\/es\/wp-json\/wp\/v2\/product_cat?post=374"},{"taxonomy":"product_tag","embeddable":true,"href":"https:\/\/californiafitnessproducts.com\/es\/wp-json\/wp\/v2\/product_tag?post=374"}],"curies":[{"name":"wp","href":"https:\/\/api.w.org\/{rel}","templated":true}]}}