{"id":345,"date":"2024-12-17T10:31:38","date_gmt":"2024-12-17T10:31:38","guid":{"rendered":"https:\/\/americanpremiernutritions.com\/?post_type=product&#038;p=345"},"modified":"2025-12-02T01:22:32","modified_gmt":"2025-12-02T01:22:32","slug":"perfect-line-burner","status":"publish","type":"product","link":"https:\/\/californiafitnessproducts.com\/es\/product\/perfect-line-burner\/","title":{"rendered":"PERFECT LINE BURNER"},"content":{"rendered":"<p data-start=\"121\" data-end=\"177\"><strong data-start=\"124\" data-end=\"172\">PERFECT LINE BURNER \u2013 Votre alli\u00e9 silhouette<\/strong> \ud83d\udd25<\/p>\n<p data-start=\"179\" data-end=\"387\">Dites adieu aux efforts compliqu\u00e9s ! <strong data-start=\"216\" data-end=\"239\">PERFECT LINE BURNER<\/strong> est la <strong data-start=\"247\" data-end=\"280\">formule avanc\u00e9e multi-actions<\/strong> pour vous aider \u00e0 <strong data-start=\"299\" data-end=\"320\">g\u00e9rer votre poids<\/strong>, <strong data-start=\"322\" data-end=\"347\">booster votre \u00e9nergie<\/strong> et <strong data-start=\"351\" data-end=\"384\">am\u00e9liorer votre concentration<\/strong>.<\/p>\n<p data-start=\"389\" data-end=\"725\">\ud83d\udc8a <strong data-start=\"392\" data-end=\"417\">Ingr\u00e9dients puissants<\/strong> : vitamines, min\u00e9raux, CLA, L-Carnitine, antioxydants et un complexe exclusif d\u2019extraits de fruits et de plantes.<br data-start=\"531\" data-end=\"534\" \/>\ud83d\udd25 <strong data-start=\"537\" data-end=\"560\">Effet thermog\u00e9nique<\/strong> : favorise la combustion des graisses.<br data-start=\"599\" data-end=\"602\" \/>\u26a1 <strong data-start=\"604\" data-end=\"623\">\u00c9nergie &amp; focus<\/strong> : parfait pour rester actif(ve) toute la journ\u00e9e.<br data-start=\"673\" data-end=\"676\" \/>\ud83c\udfcb\ufe0f\u200d\u2640\ufe0f <strong data-start=\"683\" data-end=\"696\">Pour tous<\/strong> : s\u00e9dentaires ou sportifs.<\/p>\n<p data-start=\"727\" data-end=\"943\">\u2728 <strong data-start=\"729\" data-end=\"741\">R\u00e9sultat<\/strong> : contr\u00f4ler et sculpter votre silhouette devient simple et motivant.<br data-start=\"810\" data-end=\"813\" \/>Prenez <strong data-start=\"820\" data-end=\"843\">PERFECT LINE BURNER<\/strong> chaque matin avec un grand verre d\u2019eau et atteignez vos <strong data-start=\"900\" data-end=\"923\">objectifs bien-\u00eatre<\/strong> plus facilement !<\/p>\n<p>Livraison: depuis UE ou USA<\/p>\n<p>Utilisation recommand\u00e9e: 3 capsules par jour. Avertissement: les compl\u00e9ments alimentaires ne se substituent pas \u00e0 une alimentation vari\u00e9e et \u00e9quilibr\u00e9e. Ne pas d\u00e9passer le dosage recommand\u00e9e. Tenir hors de port\u00e9e des enfants.<\/p>","protected":false},"excerpt":{"rendered":"<p>Contr\u00f4lez votre poids, restez concentr\u00e9, sentez-vous au top.<\/p>","protected":false},"featured_media":451,"template":"","meta":{"_acf_changed":false},"product_brand":[63],"product_cat":[53,46],"product_tag":[66,65,64],"class_list":{"0":"post-345","1":"product","2":"type-product","3":"status-publish","4":"has-post-thumbnail","6":"product_brand-california-fitness-products","7":"product_cat-controle-de-poids","8":"product_cat-energie-et-vitalite","9":"product_tag-complements","10":"product_tag-controle-silhouette","11":"product_tag-performance","13":"first","14":"instock","15":"taxable","16":"shipping-taxable","17":"purchasable","18":"product-type-simple"},"acf":[],"_links":{"self":[{"href":"https:\/\/californiafitnessproducts.com\/es\/wp-json\/wp\/v2\/product\/345","targetHints":{"allow":["GET"]}}],"collection":[{"href":"https:\/\/californiafitnessproducts.com\/es\/wp-json\/wp\/v2\/product"}],"about":[{"href":"https:\/\/californiafitnessproducts.com\/es\/wp-json\/wp\/v2\/types\/product"}],"version-history":[{"count":2,"href":"https:\/\/californiafitnessproducts.com\/es\/wp-json\/wp\/v2\/product\/345\/revisions"}],"predecessor-version":[{"id":28301,"href":"https:\/\/californiafitnessproducts.com\/es\/wp-json\/wp\/v2\/product\/345\/revisions\/28301"}],"wp:featuredmedia":[{"embeddable":true,"href":"https:\/\/californiafitnessproducts.com\/es\/wp-json\/wp\/v2\/media\/451"}],"wp:attachment":[{"href":"https:\/\/californiafitnessproducts.com\/es\/wp-json\/wp\/v2\/media?parent=345"}],"wp:term":[{"taxonomy":"product_brand","embeddable":true,"href":"https:\/\/californiafitnessproducts.com\/es\/wp-json\/wp\/v2\/product_brand?post=345"},{"taxonomy":"product_cat","embeddable":true,"href":"https:\/\/californiafitnessproducts.com\/es\/wp-json\/wp\/v2\/product_cat?post=345"},{"taxonomy":"product_tag","embeddable":true,"href":"https:\/\/californiafitnessproducts.com\/es\/wp-json\/wp\/v2\/product_tag?post=345"}],"curies":[{"name":"wp","href":"https:\/\/api.w.org\/{rel}","templated":true}]}}