{"id":33617,"date":"2026-02-18T15:23:27","date_gmt":"2026-02-18T15:23:27","guid":{"rendered":"https:\/\/californiafitnessproducts.com\/?post_type=product&#038;p=33617"},"modified":"2026-02-18T15:23:45","modified_gmt":"2026-02-18T15:23:45","slug":"pro5-multi-protein-dupliquer-336","status":"publish","type":"product","link":"https:\/\/californiafitnessproducts.com\/es\/product\/pro5-multi-protein-dupliquer-336\/","title":{"rendered":"PROTE\u00cdNA PRO5 MULTI"},"content":{"rendered":"<h2 data-start=\"204\" data-end=\"275\"><strong data-start=\"210\" data-end=\"273\">PRO 5 \u2013 Le complexe prot\u00e9ique ultime \u00e0 lib\u00e9ration prolong\u00e9e<\/strong><\/h2>\n<p data-start=\"277\" data-end=\"518\">Obtenez <strong data-start=\"285\" data-end=\"339\">un maximum de prot\u00e9ines de haute valeur biologique<\/strong> avec <strong data-start=\"345\" data-end=\"354\">PRO 5<\/strong>, une formule unique qui combine <strong data-start=\"387\" data-end=\"429\">5 sources de prot\u00e9ines compl\u00e9mentaires<\/strong> pour une assimilation continue et optimale tout au long de la journ\u00e9e \u2014 ou de la nuit.<\/p>\n<p data-start=\"520\" data-end=\"752\">Gr\u00e2ce \u00e0 un <strong data-start=\"531\" data-end=\"572\">m\u00e9lange exclusif et parfaitement dos\u00e9<\/strong> de <strong data-start=\"576\" data-end=\"595\">Whey concentr\u00e9e<\/strong>, <strong data-start=\"597\" data-end=\"612\">Whey isol\u00e9e<\/strong>, <strong data-start=\"614\" data-end=\"641\">prot\u00e9ine de soja isol\u00e9e<\/strong>, <strong data-start=\"643\" data-end=\"665\">cas\u00e9ine de calcium<\/strong> et <strong data-start=\"669\" data-end=\"687\">albumine d\u2019\u0153uf<\/strong>, <strong data-start=\"689\" data-end=\"698\">PRO 5<\/strong> vous offre le meilleur de chaque type de prot\u00e9ine :<\/p>\n<ul data-start=\"754\" data-end=\"1136\">\n<li data-start=\"754\" data-end=\"874\">\n<p data-start=\"756\" data-end=\"874\">\u26a1 <strong data-start=\"758\" data-end=\"783\">Action rapide (0\u20132 h)<\/strong> : la <strong data-start=\"789\" data-end=\"818\">Whey concentr\u00e9e et isol\u00e9e<\/strong> nourrissent imm\u00e9diatement les muscles apr\u00e8s l\u2019effort.<\/p>\n<\/li>\n<li data-start=\"875\" data-end=\"985\">\n<p data-start=\"877\" data-end=\"985\">\ud83d\udcaa <strong data-start=\"880\" data-end=\"906\">Action moyenne (2\u20134 h)<\/strong> : la <strong data-start=\"912\" data-end=\"939\">prot\u00e9ine de soja isol\u00e9e<\/strong> soutient la synth\u00e8se musculaire en continu.<\/p>\n<\/li>\n<li data-start=\"986\" data-end=\"1136\">\n<p data-start=\"988\" data-end=\"1136\">\ud83c\udf19 <strong data-start=\"991\" data-end=\"1022\">Action prolong\u00e9e (4 h et +)<\/strong> : la <strong data-start=\"1028\" data-end=\"1039\">cas\u00e9ine<\/strong> et l\u2019<strong data-start=\"1045\" data-end=\"1063\">albumine d\u2019\u0153uf<\/strong> assurent une lib\u00e9ration lente pour une r\u00e9cup\u00e9ration nocturne optimale.<\/p>\n<\/li>\n<\/ul>\n<hr data-start=\"1138\" data-end=\"1141\" \/>\n<h3 data-start=\"1143\" data-end=\"1173\">\ud83e\uddec <strong data-start=\"1150\" data-end=\"1173\">Les atouts de PRO 5<\/strong><\/h3>\n<ul data-start=\"1174\" data-end=\"1427\">\n<li data-start=\"1174\" data-end=\"1227\">\n<p data-start=\"1176\" data-end=\"1227\">Apport prolong\u00e9 en <strong data-start=\"1195\" data-end=\"1225\">prot\u00e9ines de haute qualit\u00e9<\/strong><\/p>\n<\/li>\n<li data-start=\"1228\" data-end=\"1288\">\n<p data-start=\"1230\" data-end=\"1288\">Soutient la <strong data-start=\"1242\" data-end=\"1286\">croissance et la r\u00e9cup\u00e9ration musculaire<\/strong><\/p>\n<\/li>\n<li data-start=\"1289\" data-end=\"1362\">\n<p data-start=\"1291\" data-end=\"1362\">Id\u00e9ale <strong data-start=\"1298\" data-end=\"1360\">en collation, en remplacement de repas ou avant le coucher<\/strong><\/p>\n<\/li>\n<li data-start=\"1363\" data-end=\"1427\">\n<p data-start=\"1365\" data-end=\"1427\">Texture <strong data-start=\"1373\" data-end=\"1395\">l\u00e9g\u00e8re et cr\u00e9meuse<\/strong>, m\u00e9lange instantan\u00e9 au shaker<\/p>\n<\/li>\n<\/ul>\n<hr data-start=\"1429\" data-end=\"1432\" \/>\n<h3 data-start=\"1434\" data-end=\"1467\">\ud83d\udd52 <strong data-start=\"1441\" data-end=\"1467\">Conseils d\u2019utilisation<\/strong><\/h3>\n<p data-start=\"1468\" data-end=\"1727\">M\u00e9langer <strong data-start=\"1477\" data-end=\"1499\">1 portion de PRO 5<\/strong> avec <strong data-start=\"1505\" data-end=\"1538\">300 \u00e0 400 ml d\u2019eau ou de lait<\/strong> selon la texture souhait\u00e9e.<br data-start=\"1566\" data-end=\"1569\" \/>Parfaite <strong data-start=\"1578\" data-end=\"1602\">apr\u00e8s l\u2019entra\u00eenement<\/strong>, <strong data-start=\"1604\" data-end=\"1623\">entre les repas<\/strong>, ou <strong data-start=\"1628\" data-end=\"1648\">avant le coucher<\/strong> pour un apport continu en prot\u00e9ines gr\u00e2ce \u00e0 la <strong data-start=\"1696\" data-end=\"1726\">cas\u00e9ine \u00e0 lib\u00e9ration lente<\/strong>.<\/p>\n<p>Avertissement\u00a0: les compl\u00e9ments alimentaires ne se substituent pas \u00e0 une alimentation vari\u00e9e et \u00e9quilibr\u00e9e. Ne pas d\u00e9passer le dosage recommand\u00e9 et tenir hors de port\u00e9e des enfants.<\/p>","protected":false},"excerpt":{"rendered":"<h3 data-start=\"1734\" data-end=\"1818\">\ud83c\udfc6 <strong data-start=\"1741\" data-end=\"1816\">PRO 5 \u2013 L\u2019alliance parfaite de 5 prot\u00e9ines pour des r\u00e9sultats durables.<\/strong><\/h3>\n<p data-start=\"1819\" data-end=\"1879\">Construisez, maintenez et r\u00e9cup\u00e9rez mieux \u2014 <strong data-start=\"1863\" data-end=\"1878\">24 h sur 24<\/strong>.<\/p>","protected":false},"featured_media":364,"template":"","meta":{"_acf_changed":false},"product_brand":[62],"product_cat":[48],"product_tag":[66],"class_list":{"0":"post-33617","1":"product","2":"type-product","3":"status-publish","4":"has-post-thumbnail","6":"product_brand-american-premier-nutrition","7":"product_cat-proteines","8":"product_tag-complements","10":"first","11":"instock","12":"sale","13":"taxable","14":"shipping-taxable","15":"purchasable","16":"product-type-variable","17":"has-default-attributes"},"acf":[],"_links":{"self":[{"href":"https:\/\/californiafitnessproducts.com\/es\/wp-json\/wp\/v2\/product\/33617","targetHints":{"allow":["GET"]}}],"collection":[{"href":"https:\/\/californiafitnessproducts.com\/es\/wp-json\/wp\/v2\/product"}],"about":[{"href":"https:\/\/californiafitnessproducts.com\/es\/wp-json\/wp\/v2\/types\/product"}],"version-history":[{"count":2,"href":"https:\/\/californiafitnessproducts.com\/es\/wp-json\/wp\/v2\/product\/33617\/revisions"}],"predecessor-version":[{"id":35571,"href":"https:\/\/californiafitnessproducts.com\/es\/wp-json\/wp\/v2\/product\/33617\/revisions\/35571"}],"wp:featuredmedia":[{"embeddable":true,"href":"https:\/\/californiafitnessproducts.com\/es\/wp-json\/wp\/v2\/media\/364"}],"wp:attachment":[{"href":"https:\/\/californiafitnessproducts.com\/es\/wp-json\/wp\/v2\/media?parent=33617"}],"wp:term":[{"taxonomy":"product_brand","embeddable":true,"href":"https:\/\/californiafitnessproducts.com\/es\/wp-json\/wp\/v2\/product_brand?post=33617"},{"taxonomy":"product_cat","embeddable":true,"href":"https:\/\/californiafitnessproducts.com\/es\/wp-json\/wp\/v2\/product_cat?post=33617"},{"taxonomy":"product_tag","embeddable":true,"href":"https:\/\/californiafitnessproducts.com\/es\/wp-json\/wp\/v2\/product_tag?post=33617"}],"curies":[{"name":"wp","href":"https:\/\/api.w.org\/{rel}","templated":true}]}}