{"id":316,"date":"2024-12-17T10:31:36","date_gmt":"2024-12-17T10:31:36","guid":{"rendered":"https:\/\/americanpremiernutritions.com\/?post_type=product&#038;p=316"},"modified":"2026-03-25T18:07:32","modified_gmt":"2026-03-25T18:07:32","slug":"supreme-pure-isolate","status":"publish","type":"product","link":"https:\/\/californiafitnessproducts.com\/es\/product\/supreme-pure-isolate\/","title":{"rendered":"AISLADO SUPREMO PURO"},"content":{"rendered":"<p data-start=\"77\" data-end=\"405\"><strong data-start=\"77\" data-end=\"127\">SUPREME PURE ISOLATE \u2013 L\u2019excellence en poudre.<\/strong><br data-start=\"127\" data-end=\"130\" \/>100 % isolat de whey de qualit\u00e9 sup\u00e9rieure, aminogramme complet et riche en BCAA pour une croissance musculaire s\u00e8che optimale.<br data-start=\"257\" data-end=\"260\" \/>\u2705 <strong data-start=\"262\" data-end=\"278\">Ultra-rapide<\/strong> \u00e0 absorber<br data-start=\"289\" data-end=\"292\" \/>\u2705 <strong data-start=\"294\" data-end=\"312\">Sans aspartame<\/strong> &amp; certifi\u00e9e ISO 22000<br data-start=\"334\" data-end=\"337\" \/>\u2705 <strong data-start=\"339\" data-end=\"357\">Z\u00e9ro compromis<\/strong> : tr\u00e8s faible en glucides, lipides et lactose<\/p>\n<p data-start=\"407\" data-end=\"602\">Parfaite pour les p\u00e9riodes de s\u00e8che et les sportifs exigeants, elle se dilue instantan\u00e9ment pour un shake onctueux et digeste en quelques secondes. <strong data-start=\"555\" data-end=\"600\">R\u00e9sultats visibles, performance maximale.<\/strong><\/p>\n<p>Se d\u00e9cline en six ar\u00f4mes : Vanille | Chocolat | Fruits des Bois | Coco | Banane | Framboise-Chocolat &#8211; BOITE DE 900G<\/p>\n<p><strong>Ingr\u00e9dients<\/strong><br \/>\nChocolat: isolat de prot\u00e9ine de <strong><em>petit-lait<\/em> <\/strong>(avec \u00e9mulsifiant l\u00e9cithine de <strong><em>soja<\/em><\/strong>), poudre de cr\u00e8me, 2% cacao (fortement d\u00e9graiss\u00e9), ar\u00f4me, \u00e9mulsifiant: l\u00e9cithine de <strong><em>soja<\/em><\/strong>; \u00e9paississant: farine de guar, \u00e9dulcorant: sucralose; m\u00e9lange de vitamines (acide ascorbique, d,l-a-tocoph\u00e9rol ac\u00e9tate, nicotinamide, calcium-d-pantoth\u00e9nate, riboflavine, pyridoxine hydrochloride, thiamine mononitrate, acide folique, cyanocobalamine).<\/p>\n<p>Vanille: isolat de prot\u00e9ine de <strong><em>petit-lait<\/em> <\/strong>(avec \u00e9mulsifiant l\u00e9cithine de <em><strong>soja<\/strong><\/em>), poudre de cr\u00e8me, \u00e9mulsifiant: l\u00e9cithine de<strong><em> soja,<\/em><\/strong> \u00e9paississant: farine de guar, ar\u00f4me, \u00e9dulcorant: sucralose; m\u00e9lange de vitamines (acide ascorbique, d,l-a-tocoph\u00e9rol ac\u00e9tate, nicotinamide, calcium-d- pantoth\u00e9nate, riboflavine, pyridoxine hydrochloride, thiamine mononitrate, acide folique, cyanocobalamine)..<\/p>\n<p>Fruits des Bois: isolat de prot\u00e9ine de <strong><em>petit-lait<\/em><\/strong> (avec \u00e9mulsifiant l\u00e9cithine de <em><strong>soja<\/strong><\/em>), poudre de cr\u00e8me, ar\u00f4me, \u00e9mulsifiant : l\u00e9cithine de <em><strong>soja<\/strong><\/em>, \u00e9paississant: farine de guar; colorant alimentaire: betterave rouge, \u00e9dulcorant : sucralose; m\u00e9lange de vitamines (acide ascorbique, d,l-a-tocoph\u00e9rol ac\u00e9tate, nicotinamide, calcium-d-pantoth\u00e9nate, riboflavine, pyridoxine hydrochloride, thiamine mononitrate, acide folique, cyanocobalamine).<\/p>\n<p><strong>Se d\u00e9cline en six ar\u00f4mes irr\u00e9sistibles: Vanille | Chocolat | Fruits des Bois | Banane | Framboise-Chocolat | Coco<\/strong><\/p>\n<p>BOITE: 900g<\/p>\n<p><strong><em>Utilisation<\/em><\/strong><em><strong>:<\/strong> 2 mesures dans 3 dl d&rsquo;eau ou de lait 2 fois par jour.\u00a0<\/em>Avertissement\u00a0: les compl\u00e9ments alimentaires ne se substituent pas \u00e0 une alimentation vari\u00e9e et \u00e9quilibr\u00e9e. Ne pas d\u00e9passer le dosage recommand\u00e9 et tenir hors de port\u00e9e des enfants.<\/p>","protected":false},"excerpt":{"rendered":"<p>Avec une vitesse d&rsquo;absorption tr\u00e8s rapide, SUPREME ISOLATE est tr\u00e8s efficace pour la <strong>croissance musculaire s\u00e8che<\/strong>. Sa formule &#8211; sans aspartame est certifi\u00e9e Iso 22000. Supreme Pure Isolate est tr\u00e8s digeste et se dilue tr\u00e8s facilement et rapidement en quelques agitations de shaker. Se d\u00e9cline en 6 d\u00e9licieux ar\u00f4mes.<\/p>","protected":false},"featured_media":367,"template":"","meta":{"_acf_changed":false},"product_brand":[62],"product_cat":[53,72,55,48],"product_tag":[66,65,64],"class_list":{"0":"post-316","1":"product","2":"type-product","3":"status-publish","4":"has-post-thumbnail","6":"product_brand-american-premier-nutrition","7":"product_cat-controle-de-poids","8":"product_cat-masse-musculaire","9":"product_cat-nouveaute","10":"product_cat-proteines","11":"product_tag-complements","12":"product_tag-controle-silhouette","13":"product_tag-performance","15":"first","16":"instock","17":"taxable","18":"shipping-taxable","19":"purchasable","20":"product-type-variable","21":"has-default-attributes"},"acf":[],"_links":{"self":[{"href":"https:\/\/californiafitnessproducts.com\/es\/wp-json\/wp\/v2\/product\/316","targetHints":{"allow":["GET"]}}],"collection":[{"href":"https:\/\/californiafitnessproducts.com\/es\/wp-json\/wp\/v2\/product"}],"about":[{"href":"https:\/\/californiafitnessproducts.com\/es\/wp-json\/wp\/v2\/types\/product"}],"version-history":[{"count":3,"href":"https:\/\/californiafitnessproducts.com\/es\/wp-json\/wp\/v2\/product\/316\/revisions"}],"predecessor-version":[{"id":31321,"href":"https:\/\/californiafitnessproducts.com\/es\/wp-json\/wp\/v2\/product\/316\/revisions\/31321"}],"wp:featuredmedia":[{"embeddable":true,"href":"https:\/\/californiafitnessproducts.com\/es\/wp-json\/wp\/v2\/media\/367"}],"wp:attachment":[{"href":"https:\/\/californiafitnessproducts.com\/es\/wp-json\/wp\/v2\/media?parent=316"}],"wp:term":[{"taxonomy":"product_brand","embeddable":true,"href":"https:\/\/californiafitnessproducts.com\/es\/wp-json\/wp\/v2\/product_brand?post=316"},{"taxonomy":"product_cat","embeddable":true,"href":"https:\/\/californiafitnessproducts.com\/es\/wp-json\/wp\/v2\/product_cat?post=316"},{"taxonomy":"product_tag","embeddable":true,"href":"https:\/\/californiafitnessproducts.com\/es\/wp-json\/wp\/v2\/product_tag?post=316"}],"curies":[{"name":"wp","href":"https:\/\/api.w.org\/{rel}","templated":true}]}}