{"id":691,"date":"2024-12-17T10:33:24","date_gmt":"2024-12-17T10:33:24","guid":{"rendered":"https:\/\/americanpremiernutritions.com\/?post_type=product&#038;p=691"},"modified":"2024-12-17T10:33:43","modified_gmt":"2024-12-17T10:33:43","slug":"ceinture-belt-contoured-schiek","status":"publish","type":"product","link":"https:\/\/californiafitnessproducts.com\/en\/product\/ceinture-belt-contoured-schiek\/","title":{"rendered":"CEINTURE | BELT CONTOURED SCHIEK"},"content":{"rendered":"<p>La ceinture de levage mod\u00e8le 2004 de Schiek a chang\u00e9 la donne dans le domaine de l&rsquo;halt\u00e9rophilie. Gr\u00e2ce \u00e0 sa conception solide et durable, cette ceinture de levage offre un soutien et une protection imbattables pour votre dos et votre tronc. Elle est indispensable \u00e0 tout halt\u00e9rophile s\u00e9rieux ou \u00e0 tout pratiquant de gymnastique recherchant confort et soutien. Am\u00e9liorez votre entra\u00eenement avec la meilleure ceinture d&rsquo;halt\u00e9rophilie du march\u00e9.<\/p>\n<p>Notre ceinture d&rsquo;halt\u00e9rophilie mod\u00e8le 2004 est dot\u00e9e de nos trois brevets, dont une fermeture velcro unidirectionnelle, un angle descendant pour \u00e9pouser la forme naturelle de votre dos et un contour des hanches et des c\u00f4tes pour plus de confort.<\/p>\n<p>La ceinture 2004 a une largeur de 12 cm dans le dos.<\/p>","protected":false},"excerpt":{"rendered":"<p>Gr\u00e2ce \u00e0 sa conception solide et durable, cette ceinture de levage Schiek offre un soutien et une protection imbattables pour votre dos et votre tronc.<\/p>","protected":false},"featured_media":718,"template":"","meta":{"_acf_changed":false},"product_brand":[],"product_cat":[51],"product_tag":[],"class_list":{"0":"post-691","1":"product","2":"type-product","3":"status-publish","4":"has-post-thumbnail","6":"product_cat-accessoires","8":"first","9":"instock","10":"sale","11":"taxable","12":"shipping-taxable","13":"purchasable","14":"product-type-variable"},"acf":[],"_links":{"self":[{"href":"https:\/\/californiafitnessproducts.com\/en\/wp-json\/wp\/v2\/product\/691","targetHints":{"allow":["GET"]}}],"collection":[{"href":"https:\/\/californiafitnessproducts.com\/en\/wp-json\/wp\/v2\/product"}],"about":[{"href":"https:\/\/californiafitnessproducts.com\/en\/wp-json\/wp\/v2\/types\/product"}],"version-history":[{"count":0,"href":"https:\/\/californiafitnessproducts.com\/en\/wp-json\/wp\/v2\/product\/691\/revisions"}],"wp:featuredmedia":[{"embeddable":true,"href":"https:\/\/californiafitnessproducts.com\/en\/wp-json\/wp\/v2\/media\/718"}],"wp:attachment":[{"href":"https:\/\/californiafitnessproducts.com\/en\/wp-json\/wp\/v2\/media?parent=691"}],"wp:term":[{"taxonomy":"product_brand","embeddable":true,"href":"https:\/\/californiafitnessproducts.com\/en\/wp-json\/wp\/v2\/product_brand?post=691"},{"taxonomy":"product_cat","embeddable":true,"href":"https:\/\/californiafitnessproducts.com\/en\/wp-json\/wp\/v2\/product_cat?post=691"},{"taxonomy":"product_tag","embeddable":true,"href":"https:\/\/californiafitnessproducts.com\/en\/wp-json\/wp\/v2\/product_tag?post=691"}],"curies":[{"name":"wp","href":"https:\/\/api.w.org\/{rel}","templated":true}]}}