{"id":664,"date":"2024-12-17T10:33:17","date_gmt":"2024-12-17T10:33:17","guid":{"rendered":"https:\/\/americanpremiernutritions.com\/?post_type=product&#038;p=664"},"modified":"2025-12-02T01:22:31","modified_gmt":"2025-12-02T01:22:31","slug":"creatine-monohydrate-micronisee-500g","status":"publish","type":"product","link":"https:\/\/californiafitnessproducts.com\/en\/product\/creatine-monohydrate-micronisee-500g\/","title":{"rendered":"CREATINE MONOHYDRATE MICRONISEE 250g"},"content":{"rendered":"<h2 data-start=\"180\" data-end=\"248\"><strong data-start=\"183\" data-end=\"248\">Poudre de Cr\u00e9atine Monohydrate Micronis\u00e9e\u00a0<\/strong><\/h2>\n<h3 data-start=\"250\" data-end=\"311\"><strong data-start=\"254\" data-end=\"311\">Performance, Force et Croissance Musculaire Maximales<\/strong><\/h3>\n<p data-start=\"313\" data-end=\"688\">D\u00e9couvrez la <strong data-start=\"326\" data-end=\"361\">Cr\u00e9atine Monohydrate Micronis\u00e9e<\/strong> d\u2019Applied Nutrition \u2014 un compl\u00e9ment de qualit\u00e9 sup\u00e9rieure, scientifiquement formul\u00e9 pour am\u00e9liorer les performances sportives, augmenter la force musculaire et soutenir la prise de masse maigre.<br data-start=\"556\" data-end=\"559\" \/>Cette poudre <strong data-start=\"572\" data-end=\"623\">pure, non aromatis\u00e9e et hautement biodisponible<\/strong> se m\u00e9lange facilement \u00e0 l\u2019eau ou \u00e0 votre shake prot\u00e9in\u00e9 pr\u00e9f\u00e9r\u00e9.<\/p>\n<h3 data-start=\"690\" data-end=\"718\"><strong data-start=\"694\" data-end=\"718\">Les avantages cl\u00e9s :<\/strong><\/h3>\n<ul data-start=\"719\" data-end=\"1365\">\n<li data-start=\"719\" data-end=\"847\">\n<p data-start=\"721\" data-end=\"847\">\ud83d\udcaa <strong data-start=\"724\" data-end=\"754\">Force et puissance accrues<\/strong> : Aide \u00e0 soulever plus lourd, r\u00e9p\u00e9ter plus longtemps et stimuler la croissance musculaire.<\/p>\n<\/li>\n<li data-start=\"848\" data-end=\"966\">\n<p data-start=\"850\" data-end=\"966\">\u26a1 <strong data-start=\"852\" data-end=\"888\">Performance athl\u00e9tique am\u00e9lior\u00e9e<\/strong> : Id\u00e9ale pour les sports explosifs et les entra\u00eenements de haute intensit\u00e9.<\/p>\n<\/li>\n<li data-start=\"967\" data-end=\"1091\">\n<p data-start=\"969\" data-end=\"1091\">\u23f1\ufe0f <strong data-start=\"972\" data-end=\"998\">R\u00e9cup\u00e9ration optimis\u00e9e<\/strong> : R\u00e9duit la fatigue et les courbatures pour des s\u00e9ances plus fr\u00e9quentes et plus efficaces.<\/p>\n<\/li>\n<li data-start=\"1092\" data-end=\"1207\">\n<p data-start=\"1094\" data-end=\"1207\">\ud83e\uddf1 <strong data-start=\"1097\" data-end=\"1144\">D\u00e9veloppement de la masse musculaire maigre<\/strong> : Favorise la construction de muscles sans ajout de graisse.<\/p>\n<\/li>\n<li data-start=\"1208\" data-end=\"1293\">\n<p data-start=\"1210\" data-end=\"1293\">\ud83d\udca7 <strong data-start=\"1213\" data-end=\"1236\">Solubilit\u00e9 parfaite<\/strong> : Se m\u00e9lange instantan\u00e9ment dans l\u2019eau, sans grumeaux.<\/p>\n<\/li>\n<li data-start=\"1294\" data-end=\"1365\">\n<p data-start=\"1296\" data-end=\"1365\">\u2705 <strong data-start=\"1298\" data-end=\"1342\">Test\u00e9 pour les athl\u00e8tes (Informed Sport)<\/strong> et <strong data-start=\"1346\" data-end=\"1364\">certifi\u00e9 Halal<\/strong>.<\/p>\n<\/li>\n<\/ul>\n<hr data-start=\"1367\" data-end=\"1370\" \/>\n<h3 data-start=\"1372\" data-end=\"1395\"><strong data-start=\"1376\" data-end=\"1395\">Mode d\u2019emploi :<\/strong><\/h3>\n<p data-start=\"1396\" data-end=\"1678\">Ajoutez <strong data-start=\"1404\" data-end=\"1423\">1 portion (5 g)<\/strong> dans de l\u2019eau et agitez jusqu\u2019\u00e0 dissolution compl\u00e8te.<br data-start=\"1477\" data-end=\"1480\" \/>Consommez <strong data-start=\"1490\" data-end=\"1513\">1 \u00e0 2 fois par jour<\/strong>, de pr\u00e9f\u00e9rence <strong data-start=\"1529\" data-end=\"1562\">avant et apr\u00e8s l\u2019entra\u00eenement<\/strong>.<br data-start=\"1563\" data-end=\"1566\" \/>Apr\u00e8s <strong data-start=\"1572\" data-end=\"1609\">8 semaines d\u2019utilisation continue<\/strong>, observez une <strong data-start=\"1624\" data-end=\"1647\">pause d\u2019une semaine<\/strong> avant de recommencer le cycle.<\/p>\n<hr data-start=\"1680\" data-end=\"1683\" \/>\n<h3 data-start=\"1685\" data-end=\"1705\"><strong data-start=\"1689\" data-end=\"1705\">Ingr\u00e9dient :<\/strong><\/h3>\n<ul data-start=\"1706\" data-end=\"1754\">\n<li data-start=\"1706\" data-end=\"1754\">\n<p data-start=\"1708\" data-end=\"1754\"><strong data-start=\"1708\" data-end=\"1754\">100 % Cr\u00e9atine Monohydrate Micronis\u00e9e Pure<\/strong><\/p>\n<\/li>\n<\/ul>\n<p><strong>Pr\u00e9cautions d\u2019emploi:<\/strong> la cr\u00e9atine est d\u00e9conseill\u00e9e en utilisation permanente, aux enfants et adolescents, ainsi qu\u2019aux personnes souffrant d\u2019insuffisance r\u00e9nale. Une consommation r\u00e9guli\u00e8re peut entra\u00eener une prise de poids. Ne pas d\u00e9passer la dose journali\u00e8re recommand\u00e9e. Produit r\u00e9serv\u00e9 aux adultes effectuant des exercices physiques intenses. Tenir hors de port\u00e9e des enfants. Ce produit ne peut se substituer \u00e0 une alimentation vari\u00e9e et un mode de vie sain. D\u00e9conseill\u00e9 \u00e0 la femme enceinte ou allaitante.<\/p>\n<p>Bo\u00eete de 250g<\/p>\n<p>&nbsp;<\/p>","protected":false},"excerpt":{"rendered":"<p><strong data-start=\"69\" data-end=\"116\">Cr\u00e9atine Monohydrate : force &amp; performance.<\/strong><br data-start=\"116\" data-end=\"119\" \/>Formule pure et micronis\u00e9e pour une absorption optimale. Plus de puissance, plus de muscle, des r\u00e9sultats rapides \u2013 l\u2019indispensable de tout programme fitness.<\/p>","protected":false},"featured_media":23367,"template":"","meta":{"_acf_changed":false},"product_brand":[73],"product_cat":[46,47,72],"product_tag":[66],"class_list":{"0":"post-664","1":"product","2":"type-product","3":"status-publish","4":"has-post-thumbnail","6":"product_brand-applied-nutrition","7":"product_cat-energie-et-vitalite","8":"product_cat-gainer","9":"product_cat-masse-musculaire","10":"product_tag-complements","12":"first","13":"instock","14":"taxable","15":"shipping-taxable","16":"purchasable","17":"product-type-simple"},"acf":[],"_links":{"self":[{"href":"https:\/\/californiafitnessproducts.com\/en\/wp-json\/wp\/v2\/product\/664","targetHints":{"allow":["GET"]}}],"collection":[{"href":"https:\/\/californiafitnessproducts.com\/en\/wp-json\/wp\/v2\/product"}],"about":[{"href":"https:\/\/californiafitnessproducts.com\/en\/wp-json\/wp\/v2\/types\/product"}],"version-history":[{"count":1,"href":"https:\/\/californiafitnessproducts.com\/en\/wp-json\/wp\/v2\/product\/664\/revisions"}],"predecessor-version":[{"id":22993,"href":"https:\/\/californiafitnessproducts.com\/en\/wp-json\/wp\/v2\/product\/664\/revisions\/22993"}],"wp:featuredmedia":[{"embeddable":true,"href":"https:\/\/californiafitnessproducts.com\/en\/wp-json\/wp\/v2\/media\/23367"}],"wp:attachment":[{"href":"https:\/\/californiafitnessproducts.com\/en\/wp-json\/wp\/v2\/media?parent=664"}],"wp:term":[{"taxonomy":"product_brand","embeddable":true,"href":"https:\/\/californiafitnessproducts.com\/en\/wp-json\/wp\/v2\/product_brand?post=664"},{"taxonomy":"product_cat","embeddable":true,"href":"https:\/\/californiafitnessproducts.com\/en\/wp-json\/wp\/v2\/product_cat?post=664"},{"taxonomy":"product_tag","embeddable":true,"href":"https:\/\/californiafitnessproducts.com\/en\/wp-json\/wp\/v2\/product_tag?post=664"}],"curies":[{"name":"wp","href":"https:\/\/api.w.org\/{rel}","templated":true}]}}