{"id":653,"date":"2025-09-27T10:33:16","date_gmt":"2025-09-27T10:33:16","guid":{"rendered":"https:\/\/americanpremiernutritions.com\/?post_type=product&#038;p=653"},"modified":"2025-12-09T10:23:35","modified_gmt":"2025-12-09T10:23:35","slug":"big-gainer-pro-4-kg-1-vitamin-b12-gratis-offre-juin","status":"publish","type":"product","link":"https:\/\/californiafitnessproducts.com\/en\/product\/big-gainer-pro-4-kg-1-vitamin-b12-gratis-offre-juin\/","title":{"rendered":"BIG GAINER PRO 4 KG + 1 Vitamin-B12 Gratis"},"content":{"rendered":"<h2 data-start=\"172\" data-end=\"226\"><strong data-start=\"175\" data-end=\"226\">BIG GAINER \u2013 Prise de Masse et \u00c9nergie Maximale<\/strong><\/h2>\n<h3 data-start=\"228\" data-end=\"321\"><strong data-start=\"232\" data-end=\"321\">Ajoutez jusqu\u2019\u00e0 3 600 calories \u00e0 votre alimentation quotidienne en toute simplicit\u00e9 !<\/strong><\/h3>\n<p data-start=\"323\" data-end=\"714\"><strong data-start=\"323\" data-end=\"337\">BIG GAINER<\/strong> est une formule compl\u00e8te et puissante, sp\u00e9cialement con\u00e7ue pour ceux qui souhaitent <strong data-start=\"422\" data-end=\"483\">d\u00e9velopper rapidement leur masse et leur force musculaire<\/strong>.<br data-start=\"484\" data-end=\"487\" \/>Riche en <strong data-start=\"496\" data-end=\"517\">prot\u00e9ines de whey<\/strong> (20 %) et en <strong data-start=\"531\" data-end=\"564\">glucides simples et complexes<\/strong>, il apporte \u00e0 votre organisme <strong data-start=\"595\" data-end=\"619\">l\u2019\u00e9nergie n\u00e9cessaire<\/strong> pour soutenir vos entra\u00eenements les plus intenses et optimiser la <strong data-start=\"686\" data-end=\"713\">r\u00e9cup\u00e9ration musculaire<\/strong>.<\/p>\n<hr data-start=\"716\" data-end=\"719\" \/>\n<h3 data-start=\"721\" data-end=\"749\"><strong data-start=\"725\" data-end=\"749\">Les avantages cl\u00e9s :<\/strong><\/h3>\n<ul data-start=\"750\" data-end=\"1177\">\n<li data-start=\"750\" data-end=\"826\">\n<p data-start=\"752\" data-end=\"826\">\ud83d\udcaa <strong data-start=\"755\" data-end=\"790\">Jusqu\u2019\u00e0 3 600 calories par jour<\/strong> pour une prise de masse efficace.<\/p>\n<\/li>\n<li data-start=\"827\" data-end=\"917\">\n<p data-start=\"829\" data-end=\"917\">\u26a1 <strong data-start=\"831\" data-end=\"873\">20 % de prot\u00e9ines de lactos\u00e9rum (Whey)<\/strong> pour soutenir la construction musculaire.<\/p>\n<\/li>\n<li data-start=\"918\" data-end=\"1016\">\n<p data-start=\"920\" data-end=\"1016\">\ud83d\udd0b <strong data-start=\"923\" data-end=\"975\">M\u00e9lange optimal de glucides simples et complexes<\/strong> pour une \u00e9nergie imm\u00e9diate et durable.<\/p>\n<\/li>\n<li data-start=\"1017\" data-end=\"1104\">\n<p data-start=\"1019\" data-end=\"1104\">\ud83e\uddec <strong data-start=\"1022\" data-end=\"1071\">Formule enrichie en acides amin\u00e9s et cr\u00e9atine<\/strong> pour une performance maximale.<\/p>\n<\/li>\n<li data-start=\"1105\" data-end=\"1177\">\n<p data-start=\"1107\" data-end=\"1177\">\u2705 <strong data-start=\"1109\" data-end=\"1132\">\u00c0 95 % sans graisse<\/strong> pour une prise de masse propre et contr\u00f4l\u00e9e.<\/p>\n<\/li>\n<\/ul>\n<hr data-start=\"1179\" data-end=\"1182\" \/>\n<h3 data-start=\"1184\" data-end=\"1223\"><strong data-start=\"1188\" data-end=\"1223\">Principaux ingr\u00e9dients actifs :<\/strong><\/h3>\n<ul data-start=\"1224\" data-end=\"1555\">\n<li data-start=\"1224\" data-end=\"1353\">\n<p data-start=\"1226\" data-end=\"1353\"><strong data-start=\"1226\" data-end=\"1238\">Cr\u00e9atine<\/strong> \u2192 Am\u00e9liore la <strong data-start=\"1253\" data-end=\"1262\">force<\/strong>, la <strong data-start=\"1267\" data-end=\"1283\">r\u00e9cup\u00e9ration<\/strong> et la <strong data-start=\"1290\" data-end=\"1317\">volumisation musculaire<\/strong> en rechargeant les niveaux d\u2019ATP.<\/p>\n<\/li>\n<li data-start=\"1354\" data-end=\"1450\">\n<p data-start=\"1356\" data-end=\"1450\"><strong data-start=\"1356\" data-end=\"1367\">Taurine<\/strong> \u2192 Soutient la <strong data-start=\"1382\" data-end=\"1409\">volumisation cellulaire<\/strong> et am\u00e9liore la performance musculaire.<\/p>\n<\/li>\n<li data-start=\"1451\" data-end=\"1555\">\n<p data-start=\"1453\" data-end=\"1555\"><strong data-start=\"1453\" data-end=\"1468\">L-Glutamine<\/strong> \u2192 Favorise la <strong data-start=\"1483\" data-end=\"1510\">construction musculaire<\/strong> et limite le <strong data-start=\"1524\" data-end=\"1539\">catabolisme<\/strong> apr\u00e8s l\u2019effort.<\/p>\n<\/li>\n<\/ul>\n<hr data-start=\"1557\" data-end=\"1560\" \/>\n<h3 data-start=\"1562\" data-end=\"1594\"><strong data-start=\"1566\" data-end=\"1594\">Conseils d\u2019utilisation :<\/strong><\/h3>\n<p data-start=\"1595\" data-end=\"1693\">M\u00e9langer <strong data-start=\"1604\" data-end=\"1617\">5 mesures<\/strong> de BIG GAINER avec <strong data-start=\"1637\" data-end=\"1664\">500 ml d\u2019eau ou de lait<\/strong>, <strong data-start=\"1666\" data-end=\"1689\">2 \u00e0 3 fois par jour<\/strong> :<\/p>\n<ul data-start=\"1694\" data-end=\"1755\">\n<li data-start=\"1694\" data-end=\"1713\">\n<p data-start=\"1696\" data-end=\"1713\">Entre les repas<\/p>\n<\/li>\n<li data-start=\"1714\" data-end=\"1755\">\n<p data-start=\"1716\" data-end=\"1755\">Et imm\u00e9diatement apr\u00e8s l\u2019entra\u00eenement<\/p>\n<\/li>\n<\/ul>\n<hr data-start=\"1757\" data-end=\"1760\" \/>\n<h3 data-start=\"1762\" data-end=\"1800\"><strong data-start=\"1766\" data-end=\"1800\">Informations nutritionnelles :<\/strong><\/h3>\n<p data-start=\"1801\" data-end=\"1902\">Disponible en saveurs <strong data-start=\"1823\" data-end=\"1834\">Vanilla<\/strong>, <strong data-start=\"1836\" data-end=\"1848\">Chocolate<\/strong> et <strong data-start=\"1852\" data-end=\"1871\">Fruits des Bois<\/strong>.<br data-start=\"1872\" data-end=\"1875\" \/>Chaque formule contient :<\/p>\n<ul data-start=\"1903\" data-end=\"2238\">\n<li data-start=\"1903\" data-end=\"1975\">\n<p data-start=\"1905\" data-end=\"1975\">Dextrose, prot\u00e9ine de petit-lait concentr\u00e9e, fructose, maltodextrine<\/p>\n<\/li>\n<li data-start=\"1976\" data-end=\"2046\">\n<p data-start=\"1978\" data-end=\"2046\">Cr\u00e9atine monohydrate (2,1 %), glutamine (0,45 %), taurine (0,45 %)<\/p>\n<\/li>\n<li data-start=\"2047\" data-end=\"2112\">\n<p data-start=\"2049\" data-end=\"2112\">Huile de colza, l\u00e9cithine de soja, oxyde de magn\u00e9sium (0,2 %)<\/p>\n<\/li>\n<li data-start=\"2113\" data-end=\"2189\">\n<p data-start=\"2115\" data-end=\"2189\">M\u00e9lange de <strong data-start=\"2126\" data-end=\"2146\">vitamines B et C<\/strong> pour soutenir le m\u00e9tabolisme \u00e9nerg\u00e9tique<\/p>\n<\/li>\n<li data-start=\"2190\" data-end=\"2238\">\n<p data-start=\"2192\" data-end=\"2238\">Ar\u00f4mes naturels et colorants selon la saveur<\/p>\n<\/li>\n<\/ul>\n<hr data-start=\"2240\" data-end=\"2243\" \/>\n<h3 data-start=\"2245\" data-end=\"2282\"><strong data-start=\"2249\" data-end=\"2280\">R\u00e9sum\u00e9 court (2-3 lignes) :<\/strong><\/h3>\n<p data-start=\"2283\" data-end=\"2523\"><strong data-start=\"2283\" data-end=\"2297\">BIG GAINER<\/strong> fournit jusqu\u2019\u00e0 <strong data-start=\"2314\" data-end=\"2332\">3 600 calories<\/strong> pour acc\u00e9l\u00e9rer la prise de masse musculaire.<br data-start=\"2377\" data-end=\"2380\" \/>Riche en prot\u00e9ines, cr\u00e9atine et acides amin\u00e9s, il offre <strong data-start=\"2436\" data-end=\"2480\">\u00e9nergie, force et r\u00e9cup\u00e9ration optimales<\/strong>, avec une formule <strong data-start=\"2499\" data-end=\"2520\">95 % sans graisse<\/strong>.<\/p>\n<p style=\"text-align: center\"><img fetchpriority=\"high\" decoding=\"async\" class=\"alignnone size-full wp-image-23157\" src=\"https:\/\/californiafitnessproducts.com\/wp-content\/uploads\/2024\/12\/Big-Gainer-3600_8000ml_18-01-scaled.jpg\" alt=\"\" width=\"2560\" height=\"552\" srcset=\"https:\/\/californiafitnessproducts.com\/wp-content\/uploads\/2024\/12\/Big-Gainer-3600_8000ml_18-01-scaled.jpg 2560w, https:\/\/californiafitnessproducts.com\/wp-content\/uploads\/2024\/12\/Big-Gainer-3600_8000ml_18-01-scaled-650x140.jpg 650w, https:\/\/californiafitnessproducts.com\/wp-content\/uploads\/2024\/12\/Big-Gainer-3600_8000ml_18-01-300x65.jpg 300w, https:\/\/californiafitnessproducts.com\/wp-content\/uploads\/2024\/12\/Big-Gainer-3600_8000ml_18-01-1024x221.jpg 1024w, https:\/\/californiafitnessproducts.com\/wp-content\/uploads\/2024\/12\/Big-Gainer-3600_8000ml_18-01-768x166.jpg 768w, https:\/\/californiafitnessproducts.com\/wp-content\/uploads\/2024\/12\/Big-Gainer-3600_8000ml_18-01-1536x331.jpg 1536w, https:\/\/californiafitnessproducts.com\/wp-content\/uploads\/2024\/12\/Big-Gainer-3600_8000ml_18-01-2048x442.jpg 2048w, https:\/\/californiafitnessproducts.com\/wp-content\/uploads\/2024\/12\/Big-Gainer-3600_8000ml_18-01-18x4.jpg 18w\" sizes=\"(max-width: 2560px) 100vw, 2560px\" \/><\/p>","protected":false},"excerpt":{"rendered":"<p><strong data-start=\"65\" data-end=\"116\">BIG GAINER PRO : Masse et puissance garanties !<\/strong><br data-start=\"116\" data-end=\"119\" \/>Formul\u00e9 avec un dosage puissant de <strong data-start=\"154\" data-end=\"166\" data-is-only-node=\"\">cr\u00e9atine<\/strong> pour la force et la r\u00e9cup\u00e9ration, de <strong data-start=\"204\" data-end=\"215\">taurine<\/strong> pour des muscles plus performants, et de <strong data-start=\"257\" data-end=\"272\">L-glutamine<\/strong> pour favoriser la construction musculaire et bloquer le catabolisme.<br data-start=\"341\" data-end=\"344\" \/>R\u00e9sultat : <strong data-start=\"355\" data-end=\"411\">plus de masse, plus de force, z\u00e9ro graisse inutile !<\/strong><\/p>","protected":false},"featured_media":669,"template":"","meta":{"_acf_changed":false},"product_brand":[62,63],"product_cat":[47],"product_tag":[66],"class_list":{"0":"post-653","1":"product","2":"type-product","3":"status-publish","4":"has-post-thumbnail","6":"product_brand-american-premier-nutrition","7":"product_brand-california-fitness-products","8":"product_cat-gainer","9":"product_tag-complements","11":"first","12":"instock","13":"taxable","14":"shipping-taxable","15":"purchasable","16":"product-type-variable","17":"has-default-attributes"},"acf":[],"_links":{"self":[{"href":"https:\/\/californiafitnessproducts.com\/en\/wp-json\/wp\/v2\/product\/653","targetHints":{"allow":["GET"]}}],"collection":[{"href":"https:\/\/californiafitnessproducts.com\/en\/wp-json\/wp\/v2\/product"}],"about":[{"href":"https:\/\/californiafitnessproducts.com\/en\/wp-json\/wp\/v2\/types\/product"}],"version-history":[{"count":2,"href":"https:\/\/californiafitnessproducts.com\/en\/wp-json\/wp\/v2\/product\/653\/revisions"}],"predecessor-version":[{"id":21820,"href":"https:\/\/californiafitnessproducts.com\/en\/wp-json\/wp\/v2\/product\/653\/revisions\/21820"}],"wp:featuredmedia":[{"embeddable":true,"href":"https:\/\/californiafitnessproducts.com\/en\/wp-json\/wp\/v2\/media\/669"}],"wp:attachment":[{"href":"https:\/\/californiafitnessproducts.com\/en\/wp-json\/wp\/v2\/media?parent=653"}],"wp:term":[{"taxonomy":"product_brand","embeddable":true,"href":"https:\/\/californiafitnessproducts.com\/en\/wp-json\/wp\/v2\/product_brand?post=653"},{"taxonomy":"product_cat","embeddable":true,"href":"https:\/\/californiafitnessproducts.com\/en\/wp-json\/wp\/v2\/product_cat?post=653"},{"taxonomy":"product_tag","embeddable":true,"href":"https:\/\/californiafitnessproducts.com\/en\/wp-json\/wp\/v2\/product_tag?post=653"}],"curies":[{"name":"wp","href":"https:\/\/api.w.org\/{rel}","templated":true}]}}