{"id":576,"date":"2024-12-17T10:30:01","date_gmt":"2024-12-17T10:30:01","guid":{"rendered":"https:\/\/americanpremiernutritions.com\/?post_type=product&#038;p=576"},"modified":"2026-03-14T11:20:57","modified_gmt":"2026-03-14T11:20:57","slug":"vegan-protein-3-blend-bcaa-vanille-framboise","status":"publish","type":"product","link":"https:\/\/californiafitnessproducts.com\/en\/product\/vegan-protein-3-blend-bcaa-vanille-framboise\/","title":{"rendered":"VEGAN PROTEIN 3-BLEND + BCAA"},"content":{"rendered":"<h2 data-start=\"295\" data-end=\"322\"><strong data-start=\"327\" data-end=\"388\">Prot\u00e9ine v\u00e9g\u00e9talienne en poudre avec BCAA et vitamine B12<\/strong><\/h2>\n<h3 data-start=\"390\" data-end=\"456\"><strong data-start=\"394\" data-end=\"456\">\ud83d\udcaa Pourquoi nos shakes prot\u00e9in\u00e9s 3Blend sont-ils uniques ?<\/strong><\/h3>\n<p data-start=\"458\" data-end=\"770\">Parce qu\u2019ils r\u00e9unissent <strong data-start=\"482\" data-end=\"514\">performance, naturel et go\u00fbt<\/strong>.<br data-start=\"515\" data-end=\"518\" \/>Le shake prot\u00e9in\u00e9 <strong data-start=\"536\" data-end=\"546\">3Blend<\/strong> de <strong data-start=\"550\" data-end=\"561\">BeGreen<\/strong> (disponible en <strong data-start=\"577\" data-end=\"588\">Vanilla<\/strong>, <strong data-start=\"590\" data-end=\"611\">Framboise-Vanille<\/strong> et <strong data-start=\"615\" data-end=\"637\">Mousse au Chocolat<\/strong>) est le <strong data-start=\"646\" data-end=\"671\">m\u00e9lange 100 % v\u00e9g\u00e9tal<\/strong> id\u00e9al pour t\u2019aider \u00e0 r\u00e9cup\u00e9rer rapidement apr\u00e8s le sport et soutenir ton bien-\u00eatre au quotidien.<\/p>\n<p data-start=\"772\" data-end=\"1034\">Nos prot\u00e9ines et compl\u00e9ments v\u00e9g\u00e9taliens sont fabriqu\u00e9s \u00e0 partir de <strong data-start=\"840\" data-end=\"888\">mati\u00e8res premi\u00e8res rigoureusement contr\u00f4l\u00e9es<\/strong> par un <strong data-start=\"896\" data-end=\"932\">laboratoire allemand ind\u00e9pendant<\/strong>. Chaque lot respecte des normes de qualit\u00e9 strictes, bien <strong data-start=\"991\" data-end=\"1033\">en dessous des limites fix\u00e9es par l\u2019UE<\/strong>.<\/p>\n<hr data-start=\"1036\" data-end=\"1039\" \/>\n<h3 data-start=\"1041\" data-end=\"1094\">\ud83c\udf31 <strong data-start=\"1048\" data-end=\"1094\">Une prot\u00e9ine v\u00e9g\u00e9tale compl\u00e8te et efficace<\/strong><\/h3>\n<p data-start=\"1095\" data-end=\"1352\">3Blend t\u2019aide \u00e0 <strong data-start=\"1111\" data-end=\"1158\">d\u00e9velopper et maintenir ta masse musculaire<\/strong>, tout en <strong data-start=\"1168\" data-end=\"1189\">renfor\u00e7ant tes os<\/strong>.<br data-start=\"1190\" data-end=\"1193\" \/>Les prot\u00e9ines sont les <strong data-start=\"1216\" data-end=\"1254\">briques fondamentales de ton corps<\/strong>, indispensables \u00e0 ton \u00e9nergie, \u00e0 ta r\u00e9g\u00e9n\u00e9ration et \u00e0 ton \u00e9quilibre \u2014 que tu sois sportif ou non.<\/p>\n<p data-start=\"1354\" data-end=\"1433\">Mais qu\u2019est-ce qui rend <strong data-start=\"1378\" data-end=\"1388\">3Blend<\/strong> si diff\u00e9rent des autres shakes prot\u00e9in\u00e9s ?<\/p>\n<p data-start=\"1435\" data-end=\"1584\">\ud83d\udc49 <strong data-start=\"1438\" data-end=\"1468\">Une digestibilit\u00e9 optimale<\/strong><br data-start=\"1468\" data-end=\"1471\" \/>\ud83d\udc49 <strong data-start=\"1474\" data-end=\"1513\">Un profil d\u2019acides amin\u00e9s \u00e9quilibr\u00e9<\/strong><br data-start=\"1513\" data-end=\"1516\" \/>\ud83d\udc49 <strong data-start=\"1519\" data-end=\"1582\">Un go\u00fbt naturellement d\u00e9licieux, sans additifs ind\u00e9sirables<\/strong><\/p>\n<hr data-start=\"1586\" data-end=\"1589\" \/>\n<h3 data-start=\"1591\" data-end=\"1633\">\u26a1 <strong data-start=\"1597\" data-end=\"1633\">Une formule tri-source innovante<\/strong><\/h3>\n<p data-start=\"1634\" data-end=\"1666\">Notre recette 3Blend associe :<\/p>\n<ul data-start=\"1667\" data-end=\"2060\">\n<li data-start=\"1667\" data-end=\"1786\">\n<p data-start=\"1669\" data-end=\"1786\"><strong data-start=\"1669\" data-end=\"1701\">Prot\u00e9ine de riz brun complet<\/strong> \u2013 hautement digestible, faible en allerg\u00e8nes, jusqu\u2019\u00e0 <strong data-start=\"1756\" data-end=\"1783\">85 % de prot\u00e9ines pures<\/strong>.<\/p>\n<\/li>\n<li data-start=\"1787\" data-end=\"1889\">\n<p data-start=\"1789\" data-end=\"1889\"><strong data-start=\"1789\" data-end=\"1809\">Prot\u00e9ine de pois<\/strong> \u2013 riche en <strong data-start=\"1821\" data-end=\"1831\">lysine<\/strong>, acide amin\u00e9 essentiel pour la construction musculaire.<\/p>\n<\/li>\n<li data-start=\"1890\" data-end=\"2060\">\n<p data-start=\"1892\" data-end=\"2060\"><strong data-start=\"1892\" data-end=\"1922\">Prot\u00e9ine de graines de lin<\/strong> \u2013 source naturelle de <strong data-start=\"1945\" data-end=\"1955\">fibres<\/strong> et d\u2019<strong data-start=\"1961\" data-end=\"1972\">om\u00e9ga-3<\/strong>, favorisant un bon \u00e9quilibre cardiovasculaire et un effet anti-inflammatoire naturel.<\/p>\n<\/li>\n<\/ul>\n<p data-start=\"2062\" data-end=\"2263\">Enrichie en <strong data-start=\"2074\" data-end=\"2089\">BCAA libres<\/strong> (leucine, isoleucine, valine) issus de <strong data-start=\"2129\" data-end=\"2148\">glucose v\u00e9g\u00e9tal<\/strong> et en <strong data-start=\"2155\" data-end=\"2171\">vitamine B12<\/strong>, la formule 3Blend t\u2019offre un <strong data-start=\"2202\" data-end=\"2241\">apport prot\u00e9ique complet et naturel<\/strong>, sans sucre ajout\u00e9.<\/p>\n<hr data-start=\"2265\" data-end=\"2268\" \/>\n<h3 data-start=\"2270\" data-end=\"2312\">\ud83c\udf6b <strong data-start=\"2277\" data-end=\"2312\">Un plaisir sain, sans compromis<\/strong><\/h3>\n<p data-start=\"2313\" data-end=\"2561\">Framboise-vanille ou mousse au chocolat \u2014 \u00e0 toi de choisir ton go\u00fbt pr\u00e9f\u00e9r\u00e9 !<br data-start=\"2406\" data-end=\"2409\" \/>Avec <strong data-start=\"2414\" data-end=\"2424\">3Blend<\/strong>, tu profites d\u2019un <strong data-start=\"2443\" data-end=\"2491\">shake onctueux, digeste et naturellement bon<\/strong>, parfait apr\u00e8s l\u2019entra\u00eenement ou comme encas prot\u00e9in\u00e9 au quotidien.<\/p>\n<hr data-start=\"2563\" data-end=\"2566\" \/>\n<h3 data-start=\"2568\" data-end=\"2617\">\ud83c\udf0d <strong data-start=\"2575\" data-end=\"2617\">BE GREEN \u2013 L\u2019\u00e9nergie propre du v\u00e9g\u00e9tal<\/strong><\/h3>\n<ul data-start=\"2618\" data-end=\"2819\">\n<li data-start=\"2618\" data-end=\"2641\">\n<p data-start=\"2620\" data-end=\"2641\">\ud83c\udf3f 100 % v\u00e9g\u00e9talien<\/p>\n<\/li>\n<li data-start=\"2642\" data-end=\"2690\">\n<p data-start=\"2644\" data-end=\"2690\">\ud83e\uddea Test\u00e9 en laboratoire allemand ind\u00e9pendant<\/p>\n<\/li>\n<li data-start=\"2691\" data-end=\"2752\">\n<p data-start=\"2693\" data-end=\"2752\">\ud83d\udeab Sans sucre ajout\u00e9, sans OGM, sans additifs artificiels<\/p>\n<\/li>\n<li data-start=\"2753\" data-end=\"2819\">\n<p data-start=\"2755\" data-end=\"2819\">\ud83c\udde9\ud83c\uddea Qualit\u00e9 allemande \u2013 normes strictes et tra\u00e7abilit\u00e9 totale<strong data-start=\"330\" data-end=\"349\">Avertissement :<\/strong><br data-start=\"349\" data-end=\"352\" \/>Les compl\u00e9ments alimentaires ne se substituent pas \u00e0 une alimentation vari\u00e9e, \u00e9quilibr\u00e9e et \u00e0 un mode de vie sain. Ne pas d\u00e9passer la dose journali\u00e8re recommand\u00e9e. Tenir hors de port\u00e9e des enfants.<\/p>\n<\/li>\n<\/ul>","protected":false},"excerpt":{"rendered":"<p><strong data-start=\"2828\" data-end=\"2887\">3Blend \u2013 la puissance v\u00e9g\u00e9tale au service de ton corps.<\/strong><br data-start=\"2887\" data-end=\"2890\" \/>Nourris ta performance. Renforce ton bien-\u00eatre. Naturellement.<\/p>","protected":false},"featured_media":357,"template":"","meta":{"_acf_changed":false},"product_brand":[75],"product_cat":[52,72,48,49],"product_tag":[66,67],"class_list":{"0":"post-576","1":"product","2":"type-product","3":"status-publish","4":"has-post-thumbnail","6":"product_brand-be-green","7":"product_cat-acides-amines","8":"product_cat-masse-musculaire","9":"product_cat-proteines","10":"product_cat-vegan","11":"product_tag-complements","12":"product_tag-vegan","14":"first","15":"instock","16":"taxable","17":"shipping-taxable","18":"purchasable","19":"product-type-variable","20":"has-default-attributes"},"acf":[],"_links":{"self":[{"href":"https:\/\/californiafitnessproducts.com\/en\/wp-json\/wp\/v2\/product\/576","targetHints":{"allow":["GET"]}}],"collection":[{"href":"https:\/\/californiafitnessproducts.com\/en\/wp-json\/wp\/v2\/product"}],"about":[{"href":"https:\/\/californiafitnessproducts.com\/en\/wp-json\/wp\/v2\/types\/product"}],"version-history":[{"count":3,"href":"https:\/\/californiafitnessproducts.com\/en\/wp-json\/wp\/v2\/product\/576\/revisions"}],"predecessor-version":[{"id":37837,"href":"https:\/\/californiafitnessproducts.com\/en\/wp-json\/wp\/v2\/product\/576\/revisions\/37837"}],"wp:featuredmedia":[{"embeddable":true,"href":"https:\/\/californiafitnessproducts.com\/en\/wp-json\/wp\/v2\/media\/357"}],"wp:attachment":[{"href":"https:\/\/californiafitnessproducts.com\/en\/wp-json\/wp\/v2\/media?parent=576"}],"wp:term":[{"taxonomy":"product_brand","embeddable":true,"href":"https:\/\/californiafitnessproducts.com\/en\/wp-json\/wp\/v2\/product_brand?post=576"},{"taxonomy":"product_cat","embeddable":true,"href":"https:\/\/californiafitnessproducts.com\/en\/wp-json\/wp\/v2\/product_cat?post=576"},{"taxonomy":"product_tag","embeddable":true,"href":"https:\/\/californiafitnessproducts.com\/en\/wp-json\/wp\/v2\/product_tag?post=576"}],"curies":[{"name":"wp","href":"https:\/\/api.w.org\/{rel}","templated":true}]}}