{"id":545,"date":"2024-12-17T10:32:51","date_gmt":"2024-12-17T10:32:51","guid":{"rendered":"https:\/\/americanpremiernutritions.com\/?post_type=product&#038;p=545"},"modified":"2026-03-11T10:07:12","modified_gmt":"2026-03-11T10:07:12","slug":"after-fuel-duo-pack","status":"publish","type":"product","link":"https:\/\/californiafitnessproducts.com\/en\/product\/after-fuel-duo-pack\/","title":{"rendered":"AFTER FUEL &#8211; DUO PACK"},"content":{"rendered":"<h2 data-start=\"143\" data-end=\"214\"><strong data-start=\"150\" data-end=\"212\">AFTER FUEL \u2013 La recharge id\u00e9ale apr\u00e8s votre entra\u00eenement !<\/strong><\/h2>\n<p data-start=\"216\" data-end=\"377\"><strong data-start=\"219\" data-end=\"286\">Acc\u00e9l\u00e9rez votre r\u00e9cup\u00e9ration et maximisez vos gains musculaires<\/strong> avec une formule compl\u00e8te, pens\u00e9e pour recharger vos muscles d\u00e8s la fin de votre s\u00e9ance.<\/p>\n<h3 data-start=\"379\" data-end=\"421\"><strong data-start=\"386\" data-end=\"419\">Pourquoi choisir AFTER FUEL ?<\/strong><\/h3>\n<ul data-start=\"422\" data-end=\"1028\">\n<li data-start=\"422\" data-end=\"517\">\n<p data-start=\"424\" data-end=\"517\">\u26a1 <strong data-start=\"426\" data-end=\"459\">Recharge express en glycog\u00e8ne<\/strong> \u2192 60 % d\u2019hydrates de carbone (dextrose + maltodextrine)<\/p>\n<\/li>\n<li data-start=\"518\" data-end=\"623\">\n<p data-start=\"520\" data-end=\"623\">\ud83d\udcaa <strong data-start=\"523\" data-end=\"560\">Construction musculaire optimis\u00e9e<\/strong> \u2192 33 % de prot\u00e9ines de lactos\u00e9rum de haute valeur biologique<\/p>\n<\/li>\n<li data-start=\"624\" data-end=\"716\">\n<p data-start=\"626\" data-end=\"716\">\ud83d\udd0b <strong data-start=\"629\" data-end=\"650\">Boost \u00e9nerg\u00e9tique<\/strong> \u2192 5 % de cr\u00e9atine monohydrate pour maintenir les r\u00e9serves d\u2019ATP<\/p>\n<\/li>\n<li data-start=\"717\" data-end=\"842\">\n<p data-start=\"719\" data-end=\"842\">\ud83d\udd04 <strong data-start=\"722\" data-end=\"753\">Assimilation des nutriments<\/strong> \u2192 2 % de taurine pour un effet \u201cinsuline-like\u201d et une meilleure p\u00e9n\u00e9tration cellulaire<\/p>\n<\/li>\n<li data-start=\"843\" data-end=\"944\">\n<p data-start=\"845\" data-end=\"944\">\ud83d\udeab <strong data-start=\"848\" data-end=\"865\">Sans fructose<\/strong> \u2192 uniquement des glucides efficaces pour la synth\u00e8se de glycog\u00e8ne musculaire<\/p>\n<\/li>\n<li data-start=\"945\" data-end=\"1028\">\n<p data-start=\"947\" data-end=\"1028\">\u2705 <strong data-start=\"949\" data-end=\"987\">Sans aspartame \u2013 Qualit\u00e9 ISO 22000<\/strong> pour une s\u00e9curit\u00e9 alimentaire maximale<\/p>\n<\/li>\n<\/ul>\n<h3 data-start=\"1030\" data-end=\"1053\">\ud83c\udfaf <strong data-start=\"1037\" data-end=\"1051\">R\u00e9sultat :<\/strong><\/h3>\n<p data-start=\"1054\" data-end=\"1163\">Moins de catabolisme, plus de r\u00e9cup\u00e9ration, plus de force et une meilleure progression s\u00e9ance apr\u00e8s s\u00e9ance.<\/p>\n<p>&nbsp;<\/p>\n<p><strong>Ingr\u00e9dients: <\/strong><strong>Vanille:<\/strong>\u00a0dextrose, prot\u00e9ine de<strong><em>\u00a0lactos\u00e9rum<\/em><\/strong> concentr\u00e9e, sirop de glucose d\u00e9shydrat\u00e9, cr\u00e9atine monohydrate (5,0%), taurine (2,0%), ar\u00f4me, \u00e9dulcorant: sucralose.\u00a0<strong>Chocolate\u00a0<\/strong>: dextrose, prot\u00e9ine de\u00a0<strong><em>lactos\u00e9rum<\/em><\/strong> concentr\u00e9e, cacao (fortement d\u00e9graiss\u00e9), cr\u00e9atine monohydrate \u00a0(5,0%), sirop de glucose d\u00e9shydrat\u00e9, taurine (2,0%), ar\u00f4me, \u00e9dulcorant: sucralose.<\/p>\n<p><strong>Conseils d&rsquo;utilisation:<\/strong> 1 g par kg de poids corporel (1 mesure = 30 g). A m\u00e9langer avec 3 dl d&rsquo;eau dans un shaker.\u00a0Avertissement\u00a0: les compl\u00e9ments alimentaires ne se substituent pas \u00e0 une alimentation vari\u00e9e et \u00e9quilibr\u00e9e. Ne pas d\u00e9passer le dosage recommand\u00e9 et tenir hors de port\u00e9e des enfants.<\/p>","protected":false},"excerpt":{"rendered":"<p><strong data-start=\"76\" data-end=\"115\">La formule de r\u00e9cup\u00e9ration ultime !<\/strong><br data-start=\"115\" data-end=\"118\" \/>\u26a1 Dextrose &amp; Maltodextrine pour recharger vite<br data-start=\"164\" data-end=\"167\" data-is-only-node=\"\" \/>\ud83d\udcaa 33 % de prot\u00e9ines pour reconstruire le muscle<br data-start=\"215\" data-end=\"218\" \/>\ud83d\udd25 Boost\u00e9 en CREATINE &amp; TAURINE pour une r\u00e9cup\u00e9ration explosive<\/p>","protected":false},"featured_media":563,"template":"","meta":{"_acf_changed":false},"product_brand":[62],"product_cat":[47,48],"product_tag":[66],"class_list":{"0":"post-545","1":"product","2":"type-product","3":"status-publish","4":"has-post-thumbnail","6":"product_brand-american-premier-nutrition","7":"product_cat-gainer","8":"product_cat-proteines","9":"product_tag-complements","11":"first","12":"instock","13":"sale","14":"taxable","15":"shipping-taxable","16":"purchasable","17":"product-type-variable","18":"has-default-attributes"},"acf":[],"_links":{"self":[{"href":"https:\/\/californiafitnessproducts.com\/en\/wp-json\/wp\/v2\/product\/545","targetHints":{"allow":["GET"]}}],"collection":[{"href":"https:\/\/californiafitnessproducts.com\/en\/wp-json\/wp\/v2\/product"}],"about":[{"href":"https:\/\/californiafitnessproducts.com\/en\/wp-json\/wp\/v2\/types\/product"}],"version-history":[{"count":3,"href":"https:\/\/californiafitnessproducts.com\/en\/wp-json\/wp\/v2\/product\/545\/revisions"}],"predecessor-version":[{"id":37397,"href":"https:\/\/californiafitnessproducts.com\/en\/wp-json\/wp\/v2\/product\/545\/revisions\/37397"}],"wp:featuredmedia":[{"embeddable":true,"href":"https:\/\/californiafitnessproducts.com\/en\/wp-json\/wp\/v2\/media\/563"}],"wp:attachment":[{"href":"https:\/\/californiafitnessproducts.com\/en\/wp-json\/wp\/v2\/media?parent=545"}],"wp:term":[{"taxonomy":"product_brand","embeddable":true,"href":"https:\/\/californiafitnessproducts.com\/en\/wp-json\/wp\/v2\/product_brand?post=545"},{"taxonomy":"product_cat","embeddable":true,"href":"https:\/\/californiafitnessproducts.com\/en\/wp-json\/wp\/v2\/product_cat?post=545"},{"taxonomy":"product_tag","embeddable":true,"href":"https:\/\/californiafitnessproducts.com\/en\/wp-json\/wp\/v2\/product_tag?post=545"}],"curies":[{"name":"wp","href":"https:\/\/api.w.org\/{rel}","templated":true}]}}