{"id":478,"date":"2024-12-17T10:32:20","date_gmt":"2024-12-17T10:32:20","guid":{"rendered":"https:\/\/americanpremiernutritions.com\/?post_type=product&#038;p=478"},"modified":"2025-10-15T16:14:11","modified_gmt":"2025-10-15T16:14:11","slug":"vitamine-c-500mg-duo-pack","status":"publish","type":"product","link":"https:\/\/californiafitnessproducts.com\/en\/product\/vitamine-c-500mg-duo-pack\/","title":{"rendered":"VITAMINE C-500MG &#8211; DUO PACK"},"content":{"rendered":"<h6 id=\"role-vitamine-c\">QUEL EST LE R\u00d4LE DE LA VITAMINE C ?<\/h6>\n<p>La vitamine C, aussi connue sous le nom d\u2019acide ascorbique, est un compos\u00e9 organique hydrosoluble essentiel pour la sant\u00e9. De par ses propri\u00e9t\u00e9s chimiques, la vitamine C joue un r\u00f4le tr\u00e8s important dans le bon fonctionnement global de votre organisme. En effet, elle est impliqu\u00e9e dans de nombreuses r\u00e9actions biochimiques.<\/p>\n<p><em><strong>Utilisation recommand\u00e9e: 1 capsule par jour. Avertissement: <\/strong>les compl\u00e9ments alimentaires ne doivent pas \u00eatre utilis\u00e9s en tant que substituts d&rsquo;une alimentation vari\u00e9e et \u00e9quilibr\u00e9e et un mode de vie sain. Ne pas d\u00e9passer la dose journali\u00e8re conseill\u00e9e et tenir hors de port\u00e9e des enfants.<\/em><\/p>\n<h4><strong>2 BOITES DE 100 CAPSULES<\/strong><\/h4>","protected":false},"excerpt":{"rendered":"<p><strong data-start=\"179\" data-end=\"224\">Un seul comprim\u00e9, un vrai coup de boost !<\/strong><br data-start=\"224\" data-end=\"227\" \/>Vitamine C 500 mg \u2013 renforce vos d\u00e9fenses et ravive votre \u00e9nergie chaque jour.<\/p>\n<p>La vitamine C joue un r\u00f4le important pour les fonctions corporelles.<\/p>","protected":false},"featured_media":528,"template":"","meta":{"_acf_changed":false},"product_brand":[63],"product_cat":[56,55,57],"product_tag":[66,64],"class_list":{"0":"post-478","1":"product","2":"type-product","3":"status-publish","4":"has-post-thumbnail","6":"product_brand-california-fitness-products","7":"product_cat-bien-etre","8":"product_cat-nouveaute","9":"product_cat-vitamines","10":"product_tag-complements","11":"product_tag-performance","13":"first","14":"instock","15":"sale","16":"taxable","17":"shipping-taxable","18":"purchasable","19":"product-type-simple"},"acf":[],"_links":{"self":[{"href":"https:\/\/californiafitnessproducts.com\/en\/wp-json\/wp\/v2\/product\/478","targetHints":{"allow":["GET"]}}],"collection":[{"href":"https:\/\/californiafitnessproducts.com\/en\/wp-json\/wp\/v2\/product"}],"about":[{"href":"https:\/\/californiafitnessproducts.com\/en\/wp-json\/wp\/v2\/types\/product"}],"version-history":[{"count":0,"href":"https:\/\/californiafitnessproducts.com\/en\/wp-json\/wp\/v2\/product\/478\/revisions"}],"wp:featuredmedia":[{"embeddable":true,"href":"https:\/\/californiafitnessproducts.com\/en\/wp-json\/wp\/v2\/media\/528"}],"wp:attachment":[{"href":"https:\/\/californiafitnessproducts.com\/en\/wp-json\/wp\/v2\/media?parent=478"}],"wp:term":[{"taxonomy":"product_brand","embeddable":true,"href":"https:\/\/californiafitnessproducts.com\/en\/wp-json\/wp\/v2\/product_brand?post=478"},{"taxonomy":"product_cat","embeddable":true,"href":"https:\/\/californiafitnessproducts.com\/en\/wp-json\/wp\/v2\/product_cat?post=478"},{"taxonomy":"product_tag","embeddable":true,"href":"https:\/\/californiafitnessproducts.com\/en\/wp-json\/wp\/v2\/product_tag?post=478"}],"curies":[{"name":"wp","href":"https:\/\/api.w.org\/{rel}","templated":true}]}}