{"id":477,"date":"2024-12-17T10:32:20","date_gmt":"2024-12-17T10:32:20","guid":{"rendered":"https:\/\/americanpremiernutritions.com\/?post_type=product&#038;p=477"},"modified":"2025-10-15T16:15:57","modified_gmt":"2025-10-15T16:15:57","slug":"defense-formula-duo-pack","status":"publish","type":"product","link":"https:\/\/californiafitnessproducts.com\/en\/product\/defense-formula-duo-pack\/","title":{"rendered":"DEFENSE FORMULA &#8211; DUO PACK"},"content":{"rendered":"<h4><strong>DEFENSE FORMULA<\/strong><\/h4>\n<p>Est un incroyable compl\u00e9ment Multi-vitamines, Multi-min\u00e9raux, comprenant \u00e9galement de nombreux extraits de fruits, de l\u00e9gumes et de plantes. Avec DEFENSE FORMULA vous \u00eates assur\u00e9 de procurer \u00e0 votre corps tout ce dont il a besoin pour une belle vitalit\u00e9 journali\u00e8re.<\/p>\n<h4><strong>2 BOITES 90 VEG CAPSULES <\/strong><\/h4>\n<p><em><strong>Avertissement:\u00a0<\/strong>les compl\u00e9ments alimentaires ne doivent pas \u00eatre utilis\u00e9s en tant que substituts d&rsquo;une alimentation vari\u00e9e et \u00e9quilibr\u00e9e et un mode de vie sain. Ne pas d\u00e9passer la dose journali\u00e8re conseill\u00e9e et tenir hors de port\u00e9e des enfants.<\/em><\/p>","protected":false},"excerpt":{"rendered":"<p>Boostez votre \u00e9nergie avec <strong data-start=\"551\" data-end=\"570\">DEFENSE FORMULA<\/strong> !<br data-start=\"572\" data-end=\"575\" \/>Un complexe complet de <strong data-start=\"600\" data-end=\"644\">vitamines, min\u00e9raux et extraits v\u00e9g\u00e9taux<\/strong> pour renforcer vos d\u00e9fenses naturelles et maintenir une <strong data-start=\"701\" data-end=\"739\">vitalit\u00e9 durable, jour apr\u00e8s jour.<\/strong><\/p>","protected":false},"featured_media":527,"template":"","meta":{"_acf_changed":false},"product_brand":[63],"product_cat":[56,46,58,55,57],"product_tag":[66,64],"class_list":{"0":"post-477","1":"product","2":"type-product","3":"status-publish","4":"has-post-thumbnail","6":"product_brand-california-fitness-products","7":"product_cat-bien-etre","8":"product_cat-energie-et-vitalite","9":"product_cat-mineraux","10":"product_cat-nouveaute","11":"product_cat-vitamines","12":"product_tag-complements","13":"product_tag-performance","15":"first","16":"instock","17":"sale","18":"taxable","19":"shipping-taxable","20":"purchasable","21":"product-type-simple"},"acf":[],"_links":{"self":[{"href":"https:\/\/californiafitnessproducts.com\/en\/wp-json\/wp\/v2\/product\/477","targetHints":{"allow":["GET"]}}],"collection":[{"href":"https:\/\/californiafitnessproducts.com\/en\/wp-json\/wp\/v2\/product"}],"about":[{"href":"https:\/\/californiafitnessproducts.com\/en\/wp-json\/wp\/v2\/types\/product"}],"version-history":[{"count":1,"href":"https:\/\/californiafitnessproducts.com\/en\/wp-json\/wp\/v2\/product\/477\/revisions"}],"predecessor-version":[{"id":23025,"href":"https:\/\/californiafitnessproducts.com\/en\/wp-json\/wp\/v2\/product\/477\/revisions\/23025"}],"wp:featuredmedia":[{"embeddable":true,"href":"https:\/\/californiafitnessproducts.com\/en\/wp-json\/wp\/v2\/media\/527"}],"wp:attachment":[{"href":"https:\/\/californiafitnessproducts.com\/en\/wp-json\/wp\/v2\/media?parent=477"}],"wp:term":[{"taxonomy":"product_brand","embeddable":true,"href":"https:\/\/californiafitnessproducts.com\/en\/wp-json\/wp\/v2\/product_brand?post=477"},{"taxonomy":"product_cat","embeddable":true,"href":"https:\/\/californiafitnessproducts.com\/en\/wp-json\/wp\/v2\/product_cat?post=477"},{"taxonomy":"product_tag","embeddable":true,"href":"https:\/\/californiafitnessproducts.com\/en\/wp-json\/wp\/v2\/product_tag?post=477"}],"curies":[{"name":"wp","href":"https:\/\/api.w.org\/{rel}","templated":true}]}}