{"id":474,"date":"2024-12-17T10:32:20","date_gmt":"2024-12-17T10:32:20","guid":{"rendered":"https:\/\/americanpremiernutritions.com\/?post_type=product&#038;p=474"},"modified":"2025-12-02T01:22:31","modified_gmt":"2025-12-02T01:22:31","slug":"vitamine-b12-500mcg","status":"publish","type":"product","link":"https:\/\/californiafitnessproducts.com\/en\/product\/vitamine-b12-500mcg\/","title":{"rendered":"VITAMINE B12 500MCG"},"content":{"rendered":"<h3 data-start=\"131\" data-end=\"170\"><strong data-start=\"138\" data-end=\"168\">Le R\u00f4le de la Vitamine B12<\/strong><\/h3>\n<p data-start=\"172\" data-end=\"455\">La vitamine B12, ou <strong data-start=\"192\" data-end=\"206\">cobalamine<\/strong>, est une vitamine essentielle au <strong data-start=\"240\" data-end=\"273\">bon fonctionnement du cerveau<\/strong> et du <strong data-start=\"280\" data-end=\"299\">syst\u00e8me nerveux<\/strong>.<br data-start=\"300\" data-end=\"303\" \/>Elle participe \u00e0 la <strong data-start=\"323\" data-end=\"358\">synth\u00e8se des neurotransmetteurs<\/strong>, soutient la m\u00e9moire, la concentration et aide \u00e0 maintenir un syst\u00e8me nerveux en pleine sant\u00e9.<\/p>\n<p data-start=\"457\" data-end=\"740\">\ud83d\udd0b <strong data-start=\"460\" data-end=\"482\">\u00c9nergie &amp; Vitalit\u00e9<\/strong> \u2013 Contribue \u00e0 r\u00e9duire la fatigue et soutient le m\u00e9tabolisme \u00e9nerg\u00e9tique<br data-start=\"554\" data-end=\"557\" \/>\ud83e\udde0 <strong data-start=\"560\" data-end=\"578\">Clart\u00e9 Mentale<\/strong> \u2013 Favorise la concentration et les performances cognitives<br data-start=\"637\" data-end=\"640\" \/>\ud83d\udcaa <strong data-start=\"643\" data-end=\"663\">Bien-\u00eatre Global<\/strong> \u2013 Indispensable pour pr\u00e9server l\u2019\u00e9quilibre du syst\u00e8me nerveux au quotidien<\/p>\n<p data-start=\"742\" data-end=\"889\">\ud83d\udca1 <strong data-start=\"745\" data-end=\"759\">Id\u00e9al pour<\/strong> : les personnes actives, en p\u00e9riode de stress, ou celles qui veulent optimiser leur \u00e9nergie et leurs capacit\u00e9s intellectuelles.<\/p>\n<p><em><strong>Utilisation recommand\u00e9e<\/strong>: 1 \u00e0 2 tablettes par jour. <strong>Avertissement:\u00a0<\/strong>les compl\u00e9ments alimentaires ne doivent pas \u00eatre utilis\u00e9s en tant que substituts d&rsquo;une alimentation vari\u00e9e et \u00e9quilibr\u00e9e et un mode de vie sain. Ne pas d\u00e9passer la dose journali\u00e8re conseill\u00e9e et tenir hors de port\u00e9e des enfants.<\/em><\/p>\n<h4><strong>BOITE DE 100 MINITABLETTES DE 500 MCG<\/strong><\/h4>","protected":false},"excerpt":{"rendered":"<h3 data-start=\"105\" data-end=\"137\">R\u00f4le de la Vitamine B12<\/h3>\n<ul data-start=\"138\" data-end=\"306\">\n<li data-start=\"138\" data-end=\"184\">\n<p data-start=\"140\" data-end=\"184\">\ud83d\udd0b <strong data-start=\"143\" data-end=\"162\">Boost d\u2019\u00e9nergie<\/strong> \u2013 r\u00e9duit la fatigue<\/p>\n<\/li>\n<li data-start=\"185\" data-end=\"245\">\n<p data-start=\"187\" data-end=\"245\">\ud83e\udde0 <strong data-start=\"190\" data-end=\"208\">Clart\u00e9 mentale<\/strong> \u2013 soutient m\u00e9moire &amp; concentration<\/p>\n<\/li>\n<li data-start=\"246\" data-end=\"306\">\n<p data-start=\"248\" data-end=\"306\">\ud83d\udcaa <strong data-start=\"251\" data-end=\"275\">Syst\u00e8me nerveux sain<\/strong> \u2013 indispensable au quotidien<\/p>\n<\/li>\n<\/ul>","protected":false},"featured_media":601,"template":"","meta":{"_acf_changed":false},"product_brand":[63],"product_cat":[56,46,55,57],"product_tag":[66,64],"class_list":{"0":"post-474","1":"product","2":"type-product","3":"status-publish","4":"has-post-thumbnail","6":"product_brand-california-fitness-products","7":"product_cat-bien-etre","8":"product_cat-energie-et-vitalite","9":"product_cat-nouveaute","10":"product_cat-vitamines","11":"product_tag-complements","12":"product_tag-performance","14":"first","15":"instock","16":"taxable","17":"shipping-taxable","18":"purchasable","19":"product-type-simple"},"acf":[],"_links":{"self":[{"href":"https:\/\/californiafitnessproducts.com\/en\/wp-json\/wp\/v2\/product\/474","targetHints":{"allow":["GET"]}}],"collection":[{"href":"https:\/\/californiafitnessproducts.com\/en\/wp-json\/wp\/v2\/product"}],"about":[{"href":"https:\/\/californiafitnessproducts.com\/en\/wp-json\/wp\/v2\/types\/product"}],"version-history":[{"count":0,"href":"https:\/\/californiafitnessproducts.com\/en\/wp-json\/wp\/v2\/product\/474\/revisions"}],"wp:featuredmedia":[{"embeddable":true,"href":"https:\/\/californiafitnessproducts.com\/en\/wp-json\/wp\/v2\/media\/601"}],"wp:attachment":[{"href":"https:\/\/californiafitnessproducts.com\/en\/wp-json\/wp\/v2\/media?parent=474"}],"wp:term":[{"taxonomy":"product_brand","embeddable":true,"href":"https:\/\/californiafitnessproducts.com\/en\/wp-json\/wp\/v2\/product_brand?post=474"},{"taxonomy":"product_cat","embeddable":true,"href":"https:\/\/californiafitnessproducts.com\/en\/wp-json\/wp\/v2\/product_cat?post=474"},{"taxonomy":"product_tag","embeddable":true,"href":"https:\/\/californiafitnessproducts.com\/en\/wp-json\/wp\/v2\/product_tag?post=474"}],"curies":[{"name":"wp","href":"https:\/\/api.w.org\/{rel}","templated":true}]}}