{"id":471,"date":"2024-12-17T10:32:20","date_gmt":"2024-12-17T10:32:20","guid":{"rendered":"https:\/\/americanpremiernutritions.com\/?post_type=product&#038;p=471"},"modified":"2025-12-02T01:22:31","modified_gmt":"2025-12-02T01:22:31","slug":"vitamine-c-500mg","status":"publish","type":"product","link":"https:\/\/californiafitnessproducts.com\/en\/product\/vitamine-c-500mg\/","title":{"rendered":"VITAMINE C-500MG"},"content":{"rendered":"<h2 data-start=\"132\" data-end=\"197\">Vitamine C \u2013 Soutien essentiel pour votre vitalit\u00e9 quotidienne<\/h2>\n<h3 data-start=\"199\" data-end=\"238\">Quel est le r\u00f4le de la Vitamine C ?<\/h3>\n<p data-start=\"240\" data-end=\"612\">La <strong data-start=\"243\" data-end=\"257\">vitamine C<\/strong>, \u00e9galement appel\u00e9e <strong data-start=\"277\" data-end=\"297\">acide ascorbique<\/strong>, est un nutriment hydrosoluble indispensable au bon fonctionnement de l\u2019organisme. Elle intervient dans de nombreuses r\u00e9actions biochimiques et contribue au maintien de plusieurs fonctions essentielles, notamment la protection des cellules contre le stress oxydatif et le bon fonctionnement du syst\u00e8me immunitaire.<\/p>\n<p data-start=\"614\" data-end=\"800\">Enrichie en <strong data-start=\"626\" data-end=\"640\">cynorhodon<\/strong>, une source naturelle reconnue, cette formule favorise une <strong data-start=\"700\" data-end=\"743\">meilleure assimilation de la vitamine C<\/strong>, optimisant ainsi son efficacit\u00e9 et sa biodisponibilit\u00e9.<\/p>\n<hr data-start=\"802\" data-end=\"805\" \/>\n<h3 data-start=\"807\" data-end=\"827\">\u2705 BIENFAITS CL\u00c9S<\/h3>\n<ul data-start=\"828\" data-end=\"1118\">\n<li data-start=\"828\" data-end=\"893\">\n<p data-start=\"830\" data-end=\"893\">\ud83d\udee1\ufe0f Contribue au fonctionnement normal du syst\u00e8me immunitaire<\/p>\n<\/li>\n<li data-start=\"894\" data-end=\"938\">\n<p data-start=\"896\" data-end=\"938\">\u26a1 Participe \u00e0 la r\u00e9duction de la fatigue<\/p>\n<\/li>\n<li data-start=\"939\" data-end=\"1007\">\n<p data-start=\"941\" data-end=\"1007\">\ud83e\uddec Soutient la protection des cellules contre le stress oxydatif<\/p>\n<\/li>\n<li data-start=\"1008\" data-end=\"1055\">\n<p data-start=\"1010\" data-end=\"1055\">\ud83c\udf3f Cynorhodon pour une meilleure absorption<\/p>\n<\/li>\n<li data-start=\"1056\" data-end=\"1118\">\n<p data-start=\"1058\" data-end=\"1118\">\ud83d\udca7 Vitamine hydrosoluble, facile \u00e0 assimiler par l\u2019organisme<\/p>\n<\/li>\n<li data-start=\"1056\" data-end=\"1118\">\n<h3 data-start=\"1125\" data-end=\"1152\">\ud83d\udce6 INFORMATIONS PRODUIT<\/h3>\n<ul data-start=\"1153\" data-end=\"1242\">\n<li data-start=\"1153\" data-end=\"1191\">\n<p data-start=\"1155\" data-end=\"1191\">Format : <strong data-start=\"1164\" data-end=\"1189\">Bo\u00eete de 100 capsules<\/strong><\/p>\n<\/li>\n<li data-start=\"1192\" data-end=\"1242\">\n<p data-start=\"1194\" data-end=\"1242\">Utilisation recommand\u00e9e : <strong data-start=\"1220\" data-end=\"1242\">1 capsule par jour<\/strong><\/p>\n<\/li>\n<\/ul>\n<hr data-start=\"1244\" data-end=\"1247\" \/>\n<h3 data-start=\"1249\" data-end=\"1269\">AVERTISSEMENT<\/h3>\n<p data-start=\"1270\" data-end=\"1497\">Les compl\u00e9ments alimentaires ne doivent pas \u00eatre utilis\u00e9s comme substituts d\u2019une alimentation vari\u00e9e et \u00e9quilibr\u00e9e et d\u2019un mode de vie sain.<br data-start=\"1410\" data-end=\"1413\" \/>Ne pas d\u00e9passer la dose journali\u00e8re recommand\u00e9e. Tenir hors de port\u00e9e des enfants.<\/p>\n<\/li>\n<\/ul>","protected":false},"excerpt":{"rendered":"<p><strong data-start=\"1553\" data-end=\"1581\">Vitamine C au Cynorhodon<\/strong><br data-start=\"1581\" data-end=\"1584\" \/>Soutient l\u2019immunit\u00e9, r\u00e9duit la fatigue et prot\u00e8ge contre le stress oxydatif.<br data-start=\"1660\" data-end=\"1663\" \/>\u2705 100 capsules \u2013 1 par jour \u2013 Haute assimilation<\/p>","protected":false},"featured_media":437,"template":"","meta":{"_acf_changed":false},"product_brand":[63],"product_cat":[56,46,57],"product_tag":[66,64],"class_list":{"0":"post-471","1":"product","2":"type-product","3":"status-publish","4":"has-post-thumbnail","6":"product_brand-california-fitness-products","7":"product_cat-bien-etre","8":"product_cat-energie-et-vitalite","9":"product_cat-vitamines","10":"product_tag-complements","11":"product_tag-performance","13":"first","14":"instock","15":"taxable","16":"shipping-taxable","17":"purchasable","18":"product-type-simple"},"acf":[],"_links":{"self":[{"href":"https:\/\/californiafitnessproducts.com\/en\/wp-json\/wp\/v2\/product\/471","targetHints":{"allow":["GET"]}}],"collection":[{"href":"https:\/\/californiafitnessproducts.com\/en\/wp-json\/wp\/v2\/product"}],"about":[{"href":"https:\/\/californiafitnessproducts.com\/en\/wp-json\/wp\/v2\/types\/product"}],"version-history":[{"count":1,"href":"https:\/\/californiafitnessproducts.com\/en\/wp-json\/wp\/v2\/product\/471\/revisions"}],"predecessor-version":[{"id":23024,"href":"https:\/\/californiafitnessproducts.com\/en\/wp-json\/wp\/v2\/product\/471\/revisions\/23024"}],"wp:featuredmedia":[{"embeddable":true,"href":"https:\/\/californiafitnessproducts.com\/en\/wp-json\/wp\/v2\/media\/437"}],"wp:attachment":[{"href":"https:\/\/californiafitnessproducts.com\/en\/wp-json\/wp\/v2\/media?parent=471"}],"wp:term":[{"taxonomy":"product_brand","embeddable":true,"href":"https:\/\/californiafitnessproducts.com\/en\/wp-json\/wp\/v2\/product_brand?post=471"},{"taxonomy":"product_cat","embeddable":true,"href":"https:\/\/californiafitnessproducts.com\/en\/wp-json\/wp\/v2\/product_cat?post=471"},{"taxonomy":"product_tag","embeddable":true,"href":"https:\/\/californiafitnessproducts.com\/en\/wp-json\/wp\/v2\/product_tag?post=471"}],"curies":[{"name":"wp","href":"https:\/\/api.w.org\/{rel}","templated":true}]}}