{"id":468,"date":"2024-12-17T10:32:20","date_gmt":"2024-12-17T10:32:20","guid":{"rendered":"https:\/\/americanpremiernutritions.com\/?post_type=product&#038;p=468"},"modified":"2025-10-16T15:43:51","modified_gmt":"2025-10-16T15:43:51","slug":"huile-de-krill-omega-3-6-9-duo-pack","status":"publish","type":"product","link":"https:\/\/californiafitnessproducts.com\/en\/product\/huile-de-krill-omega-3-6-9-duo-pack\/","title":{"rendered":"HUILE DE KRILL (OMEGA 3-6-9) DUO PACK"},"content":{"rendered":"<h2 data-start=\"217\" data-end=\"285\">\ud83e\udd90 <strong data-start=\"223\" data-end=\"285\">Huile de Krill \u2013 La puissance naturelle des om\u00e9ga 3 marins<\/strong><\/h2>\n<h3 data-start=\"287\" data-end=\"322\">\ud83c\udf0a <strong data-start=\"294\" data-end=\"322\">Qu\u2019est-ce que le Krill ?<\/strong><\/h3>\n<p data-start=\"323\" data-end=\"718\">Le <strong data-start=\"326\" data-end=\"347\">krill antarctique<\/strong> est un petit crustac\u00e9 vivant dans les eaux glac\u00e9es et pures de l\u2019oc\u00e9an Austral. Source de vie pour les baleines et les phoques, il est aussi un <strong data-start=\"492\" data-end=\"528\">tr\u00e9sor nutritionnel exceptionnel<\/strong> pour l\u2019humain.<br data-start=\"543\" data-end=\"546\" \/>Son huile, extraite par un proc\u00e9d\u00e9 innovant qui pr\u00e9serve toutes ses qualit\u00e9s naturelles, est aujourd\u2019hui reconnue comme <strong data-start=\"666\" data-end=\"708\">l\u2019une des meilleures sources d\u2019om\u00e9ga 3<\/strong> au monde.<\/p>\n<hr data-start=\"720\" data-end=\"723\" \/>\n<h3 data-start=\"725\" data-end=\"780\">\ud83d\udcaa <strong data-start=\"732\" data-end=\"780\">Les atouts nutritionnels de l\u2019huile de Krill<\/strong><\/h3>\n<p data-start=\"781\" data-end=\"1155\">Riche en <strong data-start=\"790\" data-end=\"814\">om\u00e9ga 3 (EPA et DHA)<\/strong>, en <strong data-start=\"819\" data-end=\"837\">phospholipides<\/strong> et en <strong data-start=\"844\" data-end=\"869\">antioxydants naturels<\/strong>, l\u2019huile de krill se distingue des huiles de poisson classiques par une <strong data-start=\"942\" data-end=\"966\">meilleure absorption<\/strong> et une <strong data-start=\"974\" data-end=\"998\">stabilit\u00e9 sup\u00e9rieure<\/strong>.<br data-start=\"999\" data-end=\"1002\" \/>Son secret ? La <strong data-start=\"1018\" data-end=\"1045\">pr\u00e9sence d\u2019astaxanthine<\/strong>, un puissant antioxydant naturel de la famille des carot\u00e9no\u00efdes, qui prot\u00e8ge les cellules du stress oxydatif.<\/p>\n<p data-start=\"1157\" data-end=\"1183\">Chaque capsule apporte :<\/p>\n<ul data-start=\"1184\" data-end=\"1508\">\n<li data-start=\"1184\" data-end=\"1276\">\n<p data-start=\"1186\" data-end=\"1276\">\ud83e\uddec <strong data-start=\"1189\" data-end=\"1204\">EPA (75 mg)<\/strong> et <strong data-start=\"1208\" data-end=\"1223\">DHA (45 mg)<\/strong> \u2013 essentiels pour le c\u0153ur, le cerveau et la vision<\/p>\n<\/li>\n<li data-start=\"1277\" data-end=\"1360\">\n<p data-start=\"1279\" data-end=\"1360\">\ud83d\udc8e <strong data-start=\"1282\" data-end=\"1306\">Phospholipides (40%)<\/strong> \u2013 favorisent une meilleure assimilation des om\u00e9ga 3<\/p>\n<\/li>\n<li data-start=\"1361\" data-end=\"1444\">\n<p data-start=\"1363\" data-end=\"1444\">\ud83c\udf3f <strong data-start=\"1366\" data-end=\"1382\">Astaxanthine<\/strong> \u2013 prot\u00e8ge les acides gras et renforce l\u2019action antioxydante<\/p>\n<\/li>\n<li data-start=\"1445\" data-end=\"1508\">\n<p data-start=\"1447\" data-end=\"1508\">\ud83c\udf1e <strong data-start=\"1450\" data-end=\"1471\">Vitamines A, D, E<\/strong>, ainsi que <strong data-start=\"1483\" data-end=\"1506\">cuivre, fer et zinc<\/strong><\/p>\n<\/li>\n<\/ul>\n<p data-start=\"1510\" data-end=\"1618\">R\u00e9sultat : une huile hautement biodisponible, <strong data-start=\"1556\" data-end=\"1578\">sans go\u00fbt ni odeur<\/strong>, pour un bien-\u00eatre global au quotidien.<\/p>\n<hr data-start=\"1620\" data-end=\"1623\" \/>\n<h3 data-start=\"1625\" data-end=\"1656\">\u26a0\ufe0f <strong data-start=\"1632\" data-end=\"1656\">Pr\u00e9cautions d\u2019emploi<\/strong><\/h3>\n<ul data-start=\"1657\" data-end=\"1876\">\n<li data-start=\"1657\" data-end=\"1721\">\n<p data-start=\"1659\" data-end=\"1721\">D\u00e9conseill\u00e9 aux personnes <strong data-start=\"1685\" data-end=\"1718\">allergiques aux fruits de mer<\/strong>.<\/p>\n<\/li>\n<li data-start=\"1722\" data-end=\"1805\">\n<p data-start=\"1724\" data-end=\"1805\">\u00c9viter en cas de <strong data-start=\"1741\" data-end=\"1769\">traitement anticoagulant<\/strong> ou de troubles de la coagulation.<\/p>\n<\/li>\n<li data-start=\"1806\" data-end=\"1876\">\n<p data-start=\"1808\" data-end=\"1876\">\u00c0 consommer dans le cadre d\u2019une alimentation vari\u00e9e et \u00e9quilibr\u00e9e.<\/p>\n<\/li>\n<\/ul>\n<hr data-start=\"1878\" data-end=\"1881\" \/>\n<h3 data-start=\"1883\" data-end=\"1916\">\ud83d\udca7 <strong data-start=\"1890\" data-end=\"1916\">Notre formule compl\u00e8te<\/strong><\/h3>\n<p data-start=\"1917\" data-end=\"2020\"><strong data-start=\"1917\" data-end=\"1960\">Huile de Krill \u2013 EPA, DHA &amp; Om\u00e9ga 3-6-9<\/strong><br data-start=\"1960\" data-end=\"1963\" \/>\u2714 Sans odeur<br data-start=\"1975\" data-end=\"1978\" \/>\u2714 Haute puret\u00e9<br data-start=\"1992\" data-end=\"1995\" \/>\u2714 Assimilation optimale<\/p>\n<p><em><strong>Avertissement:\u00a0<\/strong>les compl\u00e9ments alimentaires ne doivent pas \u00eatre utilis\u00e9s en tant que substituts d&rsquo;une alimentation vari\u00e9e et \u00e9quilibr\u00e9e et un mode de vie sain. Ne pas d\u00e9passer la dose journali\u00e8re conseill\u00e9e et tenir hors de port\u00e9e des enfants.<\/em><\/p>\n<p><strong>2 bo\u00eetes de 90 Softgels<\/strong><\/p>","protected":false},"excerpt":{"rendered":"<p>\ud83d\udca7 <strong data-start=\"1890\" data-end=\"1916\">Notre formule compl\u00e8te<\/strong><\/p>\n<p data-start=\"1808\" data-end=\"1876\">\n<p data-start=\"1917\" data-end=\"2020\"><strong data-start=\"1917\" data-end=\"1960\">Huile de Krill \u2013 EPA, DHA &amp; Om\u00e9ga 3-6-9<\/strong><br data-start=\"1960\" data-end=\"1963\" \/>\u2714 Sans odeur<br data-start=\"1975\" data-end=\"1978\" \/>\u2714 Haute puret\u00e9<br data-start=\"1992\" data-end=\"1995\" \/>\u2714 Assimilation optimale<\/p>","protected":false},"featured_media":530,"template":"","meta":{"_acf_changed":false},"product_brand":[63],"product_cat":[56,46,55],"product_tag":[66,64],"class_list":{"0":"post-468","1":"product","2":"type-product","3":"status-publish","4":"has-post-thumbnail","6":"product_brand-california-fitness-products","7":"product_cat-bien-etre","8":"product_cat-energie-et-vitalite","9":"product_cat-nouveaute","10":"product_tag-complements","11":"product_tag-performance","13":"first","14":"instock","15":"sale","16":"taxable","17":"shipping-taxable","18":"purchasable","19":"product-type-simple"},"acf":[],"_links":{"self":[{"href":"https:\/\/californiafitnessproducts.com\/en\/wp-json\/wp\/v2\/product\/468","targetHints":{"allow":["GET"]}}],"collection":[{"href":"https:\/\/californiafitnessproducts.com\/en\/wp-json\/wp\/v2\/product"}],"about":[{"href":"https:\/\/californiafitnessproducts.com\/en\/wp-json\/wp\/v2\/types\/product"}],"version-history":[{"count":1,"href":"https:\/\/californiafitnessproducts.com\/en\/wp-json\/wp\/v2\/product\/468\/revisions"}],"predecessor-version":[{"id":23202,"href":"https:\/\/californiafitnessproducts.com\/en\/wp-json\/wp\/v2\/product\/468\/revisions\/23202"}],"wp:featuredmedia":[{"embeddable":true,"href":"https:\/\/californiafitnessproducts.com\/en\/wp-json\/wp\/v2\/media\/530"}],"wp:attachment":[{"href":"https:\/\/californiafitnessproducts.com\/en\/wp-json\/wp\/v2\/media?parent=468"}],"wp:term":[{"taxonomy":"product_brand","embeddable":true,"href":"https:\/\/californiafitnessproducts.com\/en\/wp-json\/wp\/v2\/product_brand?post=468"},{"taxonomy":"product_cat","embeddable":true,"href":"https:\/\/californiafitnessproducts.com\/en\/wp-json\/wp\/v2\/product_cat?post=468"},{"taxonomy":"product_tag","embeddable":true,"href":"https:\/\/californiafitnessproducts.com\/en\/wp-json\/wp\/v2\/product_tag?post=468"}],"curies":[{"name":"wp","href":"https:\/\/api.w.org\/{rel}","templated":true}]}}