{"id":462,"date":"2024-12-17T10:32:20","date_gmt":"2024-12-17T10:32:20","guid":{"rendered":"https:\/\/americanpremiernutritions.com\/?post_type=product&#038;p=462"},"modified":"2025-12-16T11:19:45","modified_gmt":"2025-12-16T11:19:45","slug":"collagen-peptides-750mg-hair-skin-nails","status":"publish","type":"product","link":"https:\/\/californiafitnessproducts.com\/en\/product\/collagen-peptides-750mg-hair-skin-nails\/","title":{"rendered":"COLLAGEN PEPTIDES 750MG + HAIR, SKIN &amp; NAILS"},"content":{"rendered":"<p><strong>DESCRIPTION COLLAGEN PEPTIDES<\/strong><\/p>\n<p>Compl\u00e9ment alimentaire avec Complexe de Collag\u00e8ne de type B, Collag\u00e8ne hydrolys\u00e9 de type I &amp; III (bovine). Le collag\u00e8ne est une prot\u00e9ine dite structurale, c&rsquo;est la prot\u00e9ine la plus pr\u00e9sente dans le corps humain avec une proportion d&rsquo;environ 25%. Le collag\u00e8ne est le <strong>principal composant de la peau et du tissu conjonctif<\/strong> mais aussi des os, du cartilage, des tendons, des ligaments et des dents dont il assure le renforcement et le maintien.<\/p>\n<p>Sans glucides : Parfait pour une alimentation low carb ou c\u00e9tog\u00e8ne. Sans gluten ni lactose. Avec un ajout de magn\u00e9sium st\u00e9arate de extrait d&rsquo;Alo\u00e9 Vera pour une absorption et une efficacit\u00e9 accrues<\/p>\n<p><strong>DESCRIPTION HAIR, SKIN &amp; NAILS<\/strong><\/p>\n<p>Vos <strong>cheveux<\/strong>\u00a0sont ab\u00eem\u00e9s, votre\u00a0<strong>peau<\/strong>\u00a0est quotidiennement agress\u00e9e par les facteurs de la vie quotidienne et vos\u00a0<strong>ongles<\/strong> sont trop fragiles ? Notre formule associe les ingr\u00e9dients qui contribueront \u00e0 la bonne sant\u00e9 de vos cheveux, de votre peau et de vos ongles de la meilleure des mani\u00e8res possibles. Cheveux &#8211; Peau &#8211; Ongles est le compl\u00e9ment qui vous aidera \u00e0 am\u00e9liorer la pousse de cheveux brillants, des ongles d\u2019une qualit\u00e9 optimale ainsi qu\u2019une peau saine et radieuse.<\/p>\n<p>COLLAGEN BOITE DE 120 GELULES | HAIR, SKIN &amp; NAILS BOITE DE 60 GELULES: un DUO de choc !<\/p>\n<p>Avertissement: les compl\u00e9ments alimentaires ne se substituent pas \u00e0 une alimentation vari\u00e9e et \u00e9quilibr\u00e9e. Ne pas d\u00e9passer le dosage recommand\u00e9e. Tenir hors de port\u00e9e des enfants.<\/p>","protected":false},"excerpt":{"rendered":"<div id=\"short_description_block\">\n<div id=\"short_description_content\" class=\"rte align_justify\">\n<h4>Vos suppl\u00e9ments beaut\u00e9 et anti-\u00e2ge. Un duo de choc!<\/h4>\n<p><strong>Collagen Peptides<\/strong>: le collag\u00e8ne est un \u00e9l\u00e9ment important dans l&rsquo;apparence de la peau puisqu&rsquo;il a la capacit\u00e9 de lier une grande quantit\u00e9 d&rsquo;eau et aide \u00e0 maintenir une peau ferme et \u00e9lastique.<\/p>\n<p><strong>Hair, Skin, Nails:<\/strong> notre formule associe les ingr\u00e9dients qui contribueront \u00e0 la bonne sant\u00e9 de vos cheveux, de votre peau et de vos ongles de la meilleure des mani\u00e8res possibles.<\/p>\n<\/div>\n<\/div>","protected":false},"featured_media":490,"template":"","meta":{"_acf_changed":false},"product_brand":[63],"product_cat":[56,46,55,57],"product_tag":[66,64],"class_list":{"0":"post-462","1":"product","2":"type-product","3":"status-publish","4":"has-post-thumbnail","6":"product_brand-california-fitness-products","7":"product_cat-bien-etre","8":"product_cat-energie-et-vitalite","9":"product_cat-nouveaute","10":"product_cat-vitamines","11":"product_tag-complements","12":"product_tag-performance","14":"first","15":"instock","16":"sale","17":"taxable","18":"shipping-taxable","19":"purchasable","20":"product-type-simple"},"acf":[],"_links":{"self":[{"href":"https:\/\/californiafitnessproducts.com\/en\/wp-json\/wp\/v2\/product\/462","targetHints":{"allow":["GET"]}}],"collection":[{"href":"https:\/\/californiafitnessproducts.com\/en\/wp-json\/wp\/v2\/product"}],"about":[{"href":"https:\/\/californiafitnessproducts.com\/en\/wp-json\/wp\/v2\/types\/product"}],"version-history":[{"count":1,"href":"https:\/\/californiafitnessproducts.com\/en\/wp-json\/wp\/v2\/product\/462\/revisions"}],"predecessor-version":[{"id":23005,"href":"https:\/\/californiafitnessproducts.com\/en\/wp-json\/wp\/v2\/product\/462\/revisions\/23005"}],"wp:featuredmedia":[{"embeddable":true,"href":"https:\/\/californiafitnessproducts.com\/en\/wp-json\/wp\/v2\/media\/490"}],"wp:attachment":[{"href":"https:\/\/californiafitnessproducts.com\/en\/wp-json\/wp\/v2\/media?parent=462"}],"wp:term":[{"taxonomy":"product_brand","embeddable":true,"href":"https:\/\/californiafitnessproducts.com\/en\/wp-json\/wp\/v2\/product_brand?post=462"},{"taxonomy":"product_cat","embeddable":true,"href":"https:\/\/californiafitnessproducts.com\/en\/wp-json\/wp\/v2\/product_cat?post=462"},{"taxonomy":"product_tag","embeddable":true,"href":"https:\/\/californiafitnessproducts.com\/en\/wp-json\/wp\/v2\/product_tag?post=462"}],"curies":[{"name":"wp","href":"https:\/\/api.w.org\/{rel}","templated":true}]}}