{"id":425,"date":"2024-12-17T10:32:01","date_gmt":"2024-12-17T10:32:01","guid":{"rendered":"https:\/\/americanpremiernutritions.com\/?post_type=product&#038;p=425"},"modified":"2024-12-17T10:32:04","modified_gmt":"2024-12-17T10:32:04","slug":"shaker-buchsteiner","status":"publish","type":"product","link":"https:\/\/californiafitnessproducts.com\/en\/product\/shaker-buchsteiner\/","title":{"rendered":"SHAKER BUCHSTEINER"},"content":{"rendered":"<p>Le shaker parfait pour vos pr\u00e9parations. Avec une grille pour un m\u00e9lange optimal. Contenance 600 ml \/ 20 ounces.<\/p>\n<p>Contient un compartiment pour stocker de la poudre ou des compl\u00e9ments en capsules ou tablettes.<\/p>\n<p>Peut \u00eatre lav\u00e9 en machine \u00e0 laver la vaisselle. Il est 100% recyclable.<\/p>","protected":false},"excerpt":{"rendered":"<p>Le shaker parfait pour vos pr\u00e9parations. Contenance 600 ml \/ 20 ounces. Avec une grille pour un m\u00e9lange optimal. Contient un compartiment pour stocker de la poudre ou des compl\u00e9ments en capsules ou tablettes.<\/p>","protected":false},"featured_media":436,"template":"","meta":{"_acf_changed":false},"product_brand":[],"product_cat":[51],"product_tag":[],"class_list":{"0":"post-425","1":"product","2":"type-product","3":"status-publish","4":"has-post-thumbnail","6":"product_cat-accessoires","8":"first","9":"instock","10":"taxable","11":"shipping-taxable","12":"purchasable","13":"product-type-simple"},"acf":[],"_links":{"self":[{"href":"https:\/\/californiafitnessproducts.com\/en\/wp-json\/wp\/v2\/product\/425","targetHints":{"allow":["GET"]}}],"collection":[{"href":"https:\/\/californiafitnessproducts.com\/en\/wp-json\/wp\/v2\/product"}],"about":[{"href":"https:\/\/californiafitnessproducts.com\/en\/wp-json\/wp\/v2\/types\/product"}],"version-history":[{"count":0,"href":"https:\/\/californiafitnessproducts.com\/en\/wp-json\/wp\/v2\/product\/425\/revisions"}],"wp:featuredmedia":[{"embeddable":true,"href":"https:\/\/californiafitnessproducts.com\/en\/wp-json\/wp\/v2\/media\/436"}],"wp:attachment":[{"href":"https:\/\/californiafitnessproducts.com\/en\/wp-json\/wp\/v2\/media?parent=425"}],"wp:term":[{"taxonomy":"product_brand","embeddable":true,"href":"https:\/\/californiafitnessproducts.com\/en\/wp-json\/wp\/v2\/product_brand?post=425"},{"taxonomy":"product_cat","embeddable":true,"href":"https:\/\/californiafitnessproducts.com\/en\/wp-json\/wp\/v2\/product_cat?post=425"},{"taxonomy":"product_tag","embeddable":true,"href":"https:\/\/californiafitnessproducts.com\/en\/wp-json\/wp\/v2\/product_tag?post=425"}],"curies":[{"name":"wp","href":"https:\/\/api.w.org\/{rel}","templated":true}]}}