{"id":387,"date":"2024-12-17T10:31:51","date_gmt":"2024-12-17T10:31:51","guid":{"rendered":"https:\/\/americanpremiernutritions.com\/?post_type=product&#038;p=387"},"modified":"2025-12-02T01:22:32","modified_gmt":"2025-12-02T01:22:32","slug":"collagen-peptides-750mg","status":"publish","type":"product","link":"https:\/\/californiafitnessproducts.com\/en\/product\/collagen-peptides-750mg\/","title":{"rendered":"COLLAGEN PEPTIDES 750MG"},"content":{"rendered":"<h3 data-start=\"81\" data-end=\"129\"><strong data-start=\"87\" data-end=\"127\">Complexe Collag\u00e8ne \u2013 Type I, III &amp; B<\/strong><\/h3>\n<p data-start=\"131\" data-end=\"417\">\ud83d\udc8e <strong data-start=\"134\" data-end=\"152\">Soutien global<\/strong> : peau, articulations, os, cartilage, tendons et ligaments<br data-start=\"211\" data-end=\"214\" \/>\ud83d\udca7 <strong data-start=\"217\" data-end=\"243\">Peau ferme &amp; \u00e9lastique<\/strong> : le collag\u00e8ne aide \u00e0 retenir l\u2019eau et \u00e0 pr\u00e9server la jeunesse de la peau<br data-start=\"317\" data-end=\"320\" \/>\ud83d\udcaa <strong data-start=\"323\" data-end=\"343\">Force &amp; maintien<\/strong> : contribue \u00e0 la solidit\u00e9 du tissu conjonctif et au renforcement des os<\/p>\n<p data-start=\"419\" data-end=\"454\">\ud83c\udf31 <strong data-start=\"422\" data-end=\"450\">Formule clean &amp; efficace<\/strong> :<\/p>\n<ul data-start=\"455\" data-end=\"604\">\n<li data-start=\"455\" data-end=\"507\">\n<p data-start=\"457\" data-end=\"507\">\u2705 <strong data-start=\"459\" data-end=\"476\">Sans glucides<\/strong> \u2013 compatible low carb &amp; keto<\/p>\n<\/li>\n<li data-start=\"508\" data-end=\"544\">\n<p data-start=\"510\" data-end=\"544\">\u2705 <strong data-start=\"512\" data-end=\"542\">Sans gluten &amp; sans lactose<\/strong><\/p>\n<\/li>\n<li data-start=\"545\" data-end=\"604\">\n<p data-start=\"547\" data-end=\"604\">\u2705 <strong data-start=\"549\" data-end=\"573\">Enrichi en alo\u00e9 vera<\/strong> pour une absorption optimale<\/p>\n<\/li>\n<\/ul>\n<p data-start=\"606\" data-end=\"732\">\ud83d\udca1 <strong data-start=\"609\" data-end=\"623\">Id\u00e9al pour<\/strong> : ceux qui veulent pr\u00e9server la sant\u00e9 articulaire, la beaut\u00e9 de leur peau et rester actifs plus longtemps.<\/p>\n<p><img fetchpriority=\"high\" decoding=\"async\" class=\"alignnone wp-image-22691\" src=\"https:\/\/californiafitnessproducts.com\/wp-content\/uploads\/2024\/12\/COLLAGEN-750MG-120S-10642-VLI129-V02-120-JC.png\" alt=\"\" width=\"585\" height=\"302\" srcset=\"https:\/\/californiafitnessproducts.com\/wp-content\/uploads\/2024\/12\/COLLAGEN-750MG-120S-10642-VLI129-V02-120-JC.png 2477w, https:\/\/californiafitnessproducts.com\/wp-content\/uploads\/2024\/12\/COLLAGEN-750MG-120S-10642-VLI129-V02-120-JC-650x336.png 650w, https:\/\/californiafitnessproducts.com\/wp-content\/uploads\/2024\/12\/COLLAGEN-750MG-120S-10642-VLI129-V02-120-JC-300x155.png 300w, https:\/\/californiafitnessproducts.com\/wp-content\/uploads\/2024\/12\/COLLAGEN-750MG-120S-10642-VLI129-V02-120-JC-1024x529.png 1024w, https:\/\/californiafitnessproducts.com\/wp-content\/uploads\/2024\/12\/COLLAGEN-750MG-120S-10642-VLI129-V02-120-JC-768x397.png 768w, https:\/\/californiafitnessproducts.com\/wp-content\/uploads\/2024\/12\/COLLAGEN-750MG-120S-10642-VLI129-V02-120-JC-1536x793.png 1536w, https:\/\/californiafitnessproducts.com\/wp-content\/uploads\/2024\/12\/COLLAGEN-750MG-120S-10642-VLI129-V02-120-JC-2048x1057.png 2048w, https:\/\/californiafitnessproducts.com\/wp-content\/uploads\/2024\/12\/COLLAGEN-750MG-120S-10642-VLI129-V02-120-JC-18x9.png 18w\" sizes=\"(max-width: 585px) 100vw, 585px\" \/><\/p>\n<h3 data-start=\"114\" data-end=\"154\"><strong data-start=\"120\" data-end=\"152\">Tout savoir sur le Collag\u00e8ne<\/strong><\/h3>\n<p data-start=\"156\" data-end=\"317\">Le <strong data-start=\"159\" data-end=\"172\">collag\u00e8ne<\/strong> est la prot\u00e9ine la plus abondante du corps, essentielle \u00e0 la <strong data-start=\"234\" data-end=\"256\">fermet\u00e9 de la peau<\/strong>, \u00e0 la <strong data-start=\"263\" data-end=\"284\">sant\u00e9 des cheveux<\/strong> et au <strong data-start=\"291\" data-end=\"314\">maintien des tissus<\/strong>.<\/p>\n<p data-start=\"319\" data-end=\"556\">\ud83d\udc8e <strong data-start=\"322\" data-end=\"353\">Peau plus ferme &amp; \u00e9lastique<\/strong> \u2013 lutte contre les signes de l\u2019\u00e2ge<br data-start=\"388\" data-end=\"391\" \/>\ud83d\udc86\u200d\u2640\ufe0f <strong data-start=\"397\" data-end=\"431\">Cheveux plus forts &amp; brillants<\/strong> \u2013 stimule la croissance et r\u00e9duit la chute<br data-start=\"474\" data-end=\"477\" \/>\ud83d\udcaa <strong data-start=\"480\" data-end=\"498\">Soutien global<\/strong> \u2013 participe au bon \u00e9tat des articulations et des tissus<\/p>\n<p data-start=\"558\" data-end=\"698\">Un apport suppl\u00e9mentaire en collag\u00e8ne aide \u00e0 retrouver une <strong data-start=\"617\" data-end=\"635\">peau \u00e9clatante<\/strong>, des <strong data-start=\"641\" data-end=\"668\">cheveux en pleine sant\u00e9<\/strong> et un <strong data-start=\"675\" data-end=\"695\">corps revitalis\u00e9<\/strong>.<\/p>","protected":false},"excerpt":{"rendered":"<h3 data-start=\"110\" data-end=\"161\">\u2728 <strong data-start=\"116\" data-end=\"159\">Complexe de Collag\u00e8ne \u2013 Type I, III &amp; B<\/strong><\/h3>\n<p data-start=\"163\" data-end=\"416\">\ud83d\udc8e <strong data-start=\"166\" data-end=\"192\">Peau ferme &amp; \u00e9clatante<\/strong> \u2013 contribue \u00e0 l\u2019\u00e9lasticit\u00e9 et l\u2019hydratation de la peau<br data-start=\"247\" data-end=\"250\" \/>\ud83e\uddb4 <strong data-start=\"253\" data-end=\"285\">Soutien articulaire &amp; osseux<\/strong> \u2013 renforce cartilage, tendons et ligaments<br data-start=\"328\" data-end=\"331\" \/>\ud83d\udcaa <strong data-start=\"334\" data-end=\"362\">Prot\u00e9ine structurale cl\u00e9<\/strong> \u2013 participe au maintien de tout le tissu conjonctif<\/p>\n<p data-start=\"418\" data-end=\"507\">Id\u00e9al pour pr\u00e9server la jeunesse de la peau et soutenir vos articulations au quotidien.<\/p>","protected":false},"featured_media":488,"template":"","meta":{"_acf_changed":false},"product_brand":[63],"product_cat":[56,46,54,57],"product_tag":[66,64],"class_list":{"0":"post-387","1":"product","2":"type-product","3":"status-publish","4":"has-post-thumbnail","6":"product_brand-california-fitness-products","7":"product_cat-bien-etre","8":"product_cat-energie-et-vitalite","9":"product_cat-vitalite-masculine","10":"product_cat-vitamines","11":"product_tag-complements","12":"product_tag-performance","14":"first","15":"instock","16":"taxable","17":"shipping-taxable","18":"purchasable","19":"product-type-simple"},"acf":[],"_links":{"self":[{"href":"https:\/\/californiafitnessproducts.com\/en\/wp-json\/wp\/v2\/product\/387","targetHints":{"allow":["GET"]}}],"collection":[{"href":"https:\/\/californiafitnessproducts.com\/en\/wp-json\/wp\/v2\/product"}],"about":[{"href":"https:\/\/californiafitnessproducts.com\/en\/wp-json\/wp\/v2\/types\/product"}],"version-history":[{"count":2,"href":"https:\/\/californiafitnessproducts.com\/en\/wp-json\/wp\/v2\/product\/387\/revisions"}],"predecessor-version":[{"id":23335,"href":"https:\/\/californiafitnessproducts.com\/en\/wp-json\/wp\/v2\/product\/387\/revisions\/23335"}],"wp:featuredmedia":[{"embeddable":true,"href":"https:\/\/californiafitnessproducts.com\/en\/wp-json\/wp\/v2\/media\/488"}],"wp:attachment":[{"href":"https:\/\/californiafitnessproducts.com\/en\/wp-json\/wp\/v2\/media?parent=387"}],"wp:term":[{"taxonomy":"product_brand","embeddable":true,"href":"https:\/\/californiafitnessproducts.com\/en\/wp-json\/wp\/v2\/product_brand?post=387"},{"taxonomy":"product_cat","embeddable":true,"href":"https:\/\/californiafitnessproducts.com\/en\/wp-json\/wp\/v2\/product_cat?post=387"},{"taxonomy":"product_tag","embeddable":true,"href":"https:\/\/californiafitnessproducts.com\/en\/wp-json\/wp\/v2\/product_tag?post=387"}],"curies":[{"name":"wp","href":"https:\/\/api.w.org\/{rel}","templated":true}]}}