{"id":379,"date":"2024-12-17T10:31:50","date_gmt":"2024-12-17T10:31:50","guid":{"rendered":"https:\/\/americanpremiernutritions.com\/?post_type=product&#038;p=379"},"modified":"2025-10-17T09:52:17","modified_gmt":"2025-10-17T09:52:17","slug":"cla-1000mg-duo-pack","status":"publish","type":"product","link":"https:\/\/californiafitnessproducts.com\/en\/product\/cla-1000mg-duo-pack\/","title":{"rendered":"CLA 1000MG - DUO PACK"},"content":{"rendered":"<p><strong data-start=\"68\" data-end=\"94\">QU\u2019EST-CE QUE LE CLA ?<\/strong><br data-start=\"94\" data-end=\"97\" \/>Le CLA (Acide Linol\u00e9ique Conjugu\u00e9) est bien plus qu\u2019un simple om\u00e9ga-6 : c\u2019est un puissant antioxydant qui favorise la prise de masse musculaire tout en r\u00e9duisant la masse grasse. Oui, un acide gras qui aide \u00e0 br\u00fbler les graisses ! R\u00e9sultat : un corps plus tonique, une silhouette plus affin\u00e9e, et un alli\u00e9 id\u00e9al pour atteindre vos objectifs forme et fitness.<\/p>\n<p><em><strong>Utilisation:<\/strong> 1 g\u00e9lule par jour. Avertissement: les compl\u00e9ments alimentaires ne doivent pas \u00eatre utilis\u00e9s en tant que substituts d&rsquo;une alimentation vari\u00e9e et \u00e9quilibr\u00e9e et un mode de vie sain. Ne pas d\u00e9passer la dose journali\u00e8re conseill\u00e9e et tenir hors de port\u00e9e des enfants.<\/em><\/p>\n<h4><strong>2 BOITES DE 60 GELULES<\/strong><\/h4>\n<h5>NUTRITIONAL INFORMATION<\/h5>\n<p><img fetchpriority=\"high\" decoding=\"async\" class=\"alignnone  wp-image-22689\" src=\"https:\/\/californiafitnessproducts.com\/wp-content\/uploads\/2024\/12\/CLA-60S-106942-RVS-280-V02F-60-JC.png\" alt=\"\" width=\"640\" height=\"350\" srcset=\"https:\/\/californiafitnessproducts.com\/wp-content\/uploads\/2024\/12\/CLA-60S-106942-RVS-280-V02F-60-JC.png 2180w, https:\/\/californiafitnessproducts.com\/wp-content\/uploads\/2024\/12\/CLA-60S-106942-RVS-280-V02F-60-JC-650x356.png 650w, https:\/\/californiafitnessproducts.com\/wp-content\/uploads\/2024\/12\/CLA-60S-106942-RVS-280-V02F-60-JC-300x164.png 300w, https:\/\/californiafitnessproducts.com\/wp-content\/uploads\/2024\/12\/CLA-60S-106942-RVS-280-V02F-60-JC-1024x560.png 1024w, https:\/\/californiafitnessproducts.com\/wp-content\/uploads\/2024\/12\/CLA-60S-106942-RVS-280-V02F-60-JC-768x420.png 768w, https:\/\/californiafitnessproducts.com\/wp-content\/uploads\/2024\/12\/CLA-60S-106942-RVS-280-V02F-60-JC-1536x841.png 1536w, https:\/\/californiafitnessproducts.com\/wp-content\/uploads\/2024\/12\/CLA-60S-106942-RVS-280-V02F-60-JC-2048x1121.png 2048w, https:\/\/californiafitnessproducts.com\/wp-content\/uploads\/2024\/12\/CLA-60S-106942-RVS-280-V02F-60-JC-18x10.png 18w\" sizes=\"(max-width: 640px) 100vw, 640px\" \/><\/p>","protected":false},"excerpt":{"rendered":"<p data-start=\"66\" data-end=\"316\"><strong data-start=\"66\" data-end=\"99\">CLA \u2013 SCULPTEUR DE SILHOUETTE<\/strong><br data-start=\"99\" data-end=\"102\" \/>Cet om\u00e9ga-6 puissant agit l\u00e0 o\u00f9 \u00e7a compte : il favorise la prise de masse musculaire tout en r\u00e9duisant la masse grasse. V\u00e9ritable antioxydant, le CLA transforme les graisses en \u00e9nergie et affine votre silhouette.<\/p>\n<p data-start=\"318\" data-end=\"398\">Associez-le \u00e0 <strong data-start=\"332\" data-end=\"355\">PERFECT LINE BURNER<\/strong> pour des r\u00e9sultats visibles et rapides !<\/p>\n<p>&nbsp;<\/p>","protected":false},"featured_media":531,"template":"","meta":{"_acf_changed":false},"product_brand":[63],"product_cat":[56,53,46],"product_tag":[66,65,64],"class_list":{"0":"post-379","1":"product","2":"type-product","3":"status-publish","4":"has-post-thumbnail","6":"product_brand-california-fitness-products","7":"product_cat-bien-etre","8":"product_cat-controle-de-poids","9":"product_cat-energie-et-vitalite","10":"product_tag-complements","11":"product_tag-controle-silhouette","12":"product_tag-performance","14":"first","15":"instock","16":"sale","17":"taxable","18":"shipping-taxable","19":"purchasable","20":"product-type-simple"},"acf":[],"_links":{"self":[{"href":"https:\/\/californiafitnessproducts.com\/en\/wp-json\/wp\/v2\/product\/379","targetHints":{"allow":["GET"]}}],"collection":[{"href":"https:\/\/californiafitnessproducts.com\/en\/wp-json\/wp\/v2\/product"}],"about":[{"href":"https:\/\/californiafitnessproducts.com\/en\/wp-json\/wp\/v2\/types\/product"}],"version-history":[{"count":2,"href":"https:\/\/californiafitnessproducts.com\/en\/wp-json\/wp\/v2\/product\/379\/revisions"}],"predecessor-version":[{"id":23345,"href":"https:\/\/californiafitnessproducts.com\/en\/wp-json\/wp\/v2\/product\/379\/revisions\/23345"}],"wp:featuredmedia":[{"embeddable":true,"href":"https:\/\/californiafitnessproducts.com\/en\/wp-json\/wp\/v2\/media\/531"}],"wp:attachment":[{"href":"https:\/\/californiafitnessproducts.com\/en\/wp-json\/wp\/v2\/media?parent=379"}],"wp:term":[{"taxonomy":"product_brand","embeddable":true,"href":"https:\/\/californiafitnessproducts.com\/en\/wp-json\/wp\/v2\/product_brand?post=379"},{"taxonomy":"product_cat","embeddable":true,"href":"https:\/\/californiafitnessproducts.com\/en\/wp-json\/wp\/v2\/product_cat?post=379"},{"taxonomy":"product_tag","embeddable":true,"href":"https:\/\/californiafitnessproducts.com\/en\/wp-json\/wp\/v2\/product_tag?post=379"}],"curies":[{"name":"wp","href":"https:\/\/api.w.org\/{rel}","templated":true}]}}