{"id":377,"date":"2024-12-17T10:31:50","date_gmt":"2024-12-17T10:31:50","guid":{"rendered":"https:\/\/americanpremiernutritions.com\/?post_type=product&#038;p=377"},"modified":"2025-12-02T01:22:32","modified_gmt":"2025-12-02T01:22:32","slug":"glutamine-250g","status":"publish","type":"product","link":"https:\/\/californiafitnessproducts.com\/en\/product\/glutamine-250g\/","title":{"rendered":"GLUTAMINE 250g"},"content":{"rendered":"<h2 data-start=\"175\" data-end=\"243\"><strong data-start=\"178\" data-end=\"243\">Glutamine Micronis\u00e9e \u2013 R\u00e9cup\u00e9ration et Performance Musculaire<\/strong><\/h2>\n<h3 data-start=\"245\" data-end=\"316\"><strong data-start=\"249\" data-end=\"316\">Favorisez la r\u00e9cup\u00e9ration et pr\u00e9servez votre masse musculaire !<\/strong><\/h3>\n<p data-start=\"318\" data-end=\"850\">La <strong data-start=\"321\" data-end=\"334\">glutamine<\/strong> est l\u2019<strong data-start=\"341\" data-end=\"373\">acide amin\u00e9 le plus abondant<\/strong> dans les tissus musculaires et joue un r\u00f4le essentiel dans la <strong data-start=\"436\" data-end=\"482\">r\u00e9cup\u00e9ration et la r\u00e9g\u00e9n\u00e9ration musculaire<\/strong>.<br data-start=\"483\" data-end=\"486\" \/>Lors d\u2019entra\u00eenements intenses, notamment en <strong data-start=\"530\" data-end=\"545\">musculation<\/strong> ou en <strong data-start=\"552\" data-end=\"568\">bodybuilding<\/strong>, les niveaux de glutamine peuvent chuter consid\u00e9rablement en raison de la d\u00e9gradation des fibres musculaires.<br data-start=\"678\" data-end=\"681\" \/>Une <strong data-start=\"685\" data-end=\"722\">suppl\u00e9mentation post-entra\u00eenement<\/strong> aide \u00e0 <strong data-start=\"730\" data-end=\"754\">r\u00e9tablir ces niveaux<\/strong> et \u00e0 <strong data-start=\"760\" data-end=\"798\">favoriser la r\u00e9paration musculaire<\/strong>, soutenant ainsi la croissance et la performance.<\/p>\n<hr data-start=\"852\" data-end=\"855\" \/>\n<h3 data-start=\"857\" data-end=\"883\"><strong data-start=\"861\" data-end=\"883\">En quelques mots :<\/strong><\/h3>\n<ul data-start=\"884\" data-end=\"1125\">\n<li data-start=\"884\" data-end=\"945\">\n<p data-start=\"886\" data-end=\"945\">\ud83d\udcaa <strong data-start=\"889\" data-end=\"943\">Poudre de glutamine pure de qualit\u00e9 pharmaceutique<\/strong><\/p>\n<\/li>\n<li data-start=\"946\" data-end=\"1013\">\n<p data-start=\"948\" data-end=\"1013\">\ud83e\uddec <strong data-start=\"951\" data-end=\"1011\">Acide amin\u00e9 le plus abondant dans les tissus musculaires<\/strong><\/p>\n<\/li>\n<li data-start=\"1014\" data-end=\"1092\">\n<p data-start=\"1016\" data-end=\"1092\">\u26a1 <strong data-start=\"1018\" data-end=\"1062\">Acide amin\u00e9 conditionnellement essentiel<\/strong>, id\u00e9al pour la r\u00e9cup\u00e9ration<\/p>\n<\/li>\n<li data-start=\"1093\" data-end=\"1125\">\n<p data-start=\"1095\" data-end=\"1125\">\u2705 <strong data-start=\"1097\" data-end=\"1123\">Produit certifi\u00e9 Halal<\/strong><\/p>\n<\/li>\n<\/ul>\n<hr data-start=\"1127\" data-end=\"1130\" \/>\n<h3 data-start=\"1132\" data-end=\"1154\"><strong data-start=\"1136\" data-end=\"1152\">Contenance :\u00a0<\/strong><strong data-start=\"1155\" data-end=\"1164\">250 g<\/strong><\/h3>\n<hr data-start=\"1166\" data-end=\"1169\" \/>\n<h3 data-start=\"1171\" data-end=\"1204\"><strong data-start=\"1175\" data-end=\"1204\">Utilisation recommand\u00e9e :<\/strong><\/h3>\n<p data-start=\"1205\" data-end=\"1394\">M\u00e9langer <strong data-start=\"1214\" data-end=\"1233\">1 portion (5 g)<\/strong> dans de l\u2019eau ou du jus, <strong data-start=\"1259\" data-end=\"1282\">1 \u00e0 3 fois par jour<\/strong> au moment des repas.<br data-start=\"1303\" data-end=\"1306\" \/>Pour des r\u00e9sultats optimaux, consommer <strong data-start=\"1345\" data-end=\"1393\">1 portion imm\u00e9diatement apr\u00e8s l\u2019entra\u00eenement<\/strong>.<\/p>\n<h3 data-start=\"1401\" data-end=\"1425\"><strong data-start=\"1405\" data-end=\"1425\">Avertissements :<\/strong><\/h3>\n<ul data-start=\"1426\" data-end=\"1617\">\n<li data-start=\"1426\" data-end=\"1538\">\n<p data-start=\"1428\" data-end=\"1538\">Les compl\u00e9ments alimentaires ne remplacent pas une alimentation vari\u00e9e et \u00e9quilibr\u00e9e ni un mode de vie sain.\u00a0Ne pas d\u00e9passer la dose recommand\u00e9e.\u00a0Tenir hors de port\u00e9e des enfants.<\/p>\n<\/li>\n<\/ul>","protected":false},"excerpt":{"rendered":"<p data-start=\"1665\" data-end=\"1905\">La <strong data-start=\"1668\" data-end=\"1692\">Glutamine Micronis\u00e9e<\/strong> favorise la r\u00e9cup\u00e9ration musculaire et aide \u00e0 restaurer les niveaux d\u2019acides amin\u00e9s apr\u00e8s l\u2019effort.<br data-start=\"1792\" data-end=\"1795\" \/>Id\u00e9ale pour les athl\u00e8tes et bodybuilders, elle soutient la r\u00e9paration musculaire et la performance physique.<\/p>","protected":false},"featured_media":408,"template":"","meta":{"_acf_changed":false},"product_brand":[73],"product_cat":[52,47,54],"product_tag":[66],"class_list":{"0":"post-377","1":"product","2":"type-product","3":"status-publish","4":"has-post-thumbnail","6":"product_brand-applied-nutrition","7":"product_cat-acides-amines","8":"product_cat-gainer","9":"product_cat-vitalite-masculine","10":"product_tag-complements","12":"first","13":"instock","14":"taxable","15":"shipping-taxable","16":"purchasable","17":"product-type-simple"},"acf":[],"_links":{"self":[{"href":"https:\/\/californiafitnessproducts.com\/en\/wp-json\/wp\/v2\/product\/377","targetHints":{"allow":["GET"]}}],"collection":[{"href":"https:\/\/californiafitnessproducts.com\/en\/wp-json\/wp\/v2\/product"}],"about":[{"href":"https:\/\/californiafitnessproducts.com\/en\/wp-json\/wp\/v2\/types\/product"}],"version-history":[{"count":2,"href":"https:\/\/californiafitnessproducts.com\/en\/wp-json\/wp\/v2\/product\/377\/revisions"}],"predecessor-version":[{"id":23416,"href":"https:\/\/californiafitnessproducts.com\/en\/wp-json\/wp\/v2\/product\/377\/revisions\/23416"}],"wp:featuredmedia":[{"embeddable":true,"href":"https:\/\/californiafitnessproducts.com\/en\/wp-json\/wp\/v2\/media\/408"}],"wp:attachment":[{"href":"https:\/\/californiafitnessproducts.com\/en\/wp-json\/wp\/v2\/media?parent=377"}],"wp:term":[{"taxonomy":"product_brand","embeddable":true,"href":"https:\/\/californiafitnessproducts.com\/en\/wp-json\/wp\/v2\/product_brand?post=377"},{"taxonomy":"product_cat","embeddable":true,"href":"https:\/\/californiafitnessproducts.com\/en\/wp-json\/wp\/v2\/product_cat?post=377"},{"taxonomy":"product_tag","embeddable":true,"href":"https:\/\/californiafitnessproducts.com\/en\/wp-json\/wp\/v2\/product_tag?post=377"}],"curies":[{"name":"wp","href":"https:\/\/api.w.org\/{rel}","templated":true}]}}