{"id":375,"date":"2024-12-17T10:39:50","date_gmt":"2024-12-17T10:39:50","guid":{"rendered":"https:\/\/americanpremiernutritions.com\/?post_type=product&#038;p=375"},"modified":"2025-12-02T01:22:31","modified_gmt":"2025-12-02T01:22:31","slug":"bcaa-glutamine-poudre","status":"publish","type":"product","link":"https:\/\/californiafitnessproducts.com\/en\/product\/bcaa-glutamine-poudre\/","title":{"rendered":"BCAA + GLUTAMINE POWDER"},"content":{"rendered":"<h2 data-start=\"178\" data-end=\"260\"><strong data-start=\"181\" data-end=\"260\">BCAA + Glutamine \u2013 La formule ultime pour la performance et la r\u00e9cup\u00e9ration<\/strong><\/h2>\n<p data-start=\"262\" data-end=\"567\">Boostez vos s\u00e9ances avec la synergie la plus puissante du sport : <strong data-start=\"328\" data-end=\"348\">BCAA + Glutamine<\/strong>.<br data-start=\"349\" data-end=\"352\" \/>Les <strong data-start=\"356\" data-end=\"364\">BCAA<\/strong> soutiennent la <strong data-start=\"380\" data-end=\"407\">construction musculaire<\/strong> et r\u00e9duisent la <strong data-start=\"424\" data-end=\"435\">fatigue<\/strong>, tandis que la <strong data-start=\"451\" data-end=\"464\">Glutamine<\/strong> acc\u00e9l\u00e8re la <strong data-start=\"477\" data-end=\"493\">r\u00e9cup\u00e9ration<\/strong>, renforce le <strong data-start=\"507\" data-end=\"530\">syst\u00e8me immunitaire<\/strong> et pr\u00e9serve la <strong data-start=\"546\" data-end=\"566\">masse musculaire<\/strong>.<\/p>\n<h3 data-start=\"569\" data-end=\"598\">\ud83d\udcaa <strong data-start=\"576\" data-end=\"598\">Les b\u00e9n\u00e9fices cl\u00e9s<\/strong><\/h3>\n<ul data-start=\"599\" data-end=\"889\">\n<li data-start=\"599\" data-end=\"657\">\n<p data-start=\"601\" data-end=\"657\">Favorise la <strong data-start=\"613\" data-end=\"655\">croissance et la r\u00e9paration musculaire<\/strong><\/p>\n<\/li>\n<li data-start=\"658\" data-end=\"705\">\n<p data-start=\"660\" data-end=\"705\">R\u00e9duit la <strong data-start=\"670\" data-end=\"681\">fatigue<\/strong> et le <strong data-start=\"688\" data-end=\"703\">catabolisme<\/strong><\/p>\n<\/li>\n<li data-start=\"706\" data-end=\"756\">\n<p data-start=\"708\" data-end=\"756\">Acc\u00e9l\u00e8re la <strong data-start=\"720\" data-end=\"754\">r\u00e9cup\u00e9ration post-entra\u00eenement<\/strong><\/p>\n<\/li>\n<li data-start=\"757\" data-end=\"827\">\n<p data-start=\"759\" data-end=\"827\">Aide \u00e0 <strong data-start=\"766\" data-end=\"799\">maintenir la masse musculaire<\/strong> m\u00eame en p\u00e9riode de r\u00e9gime<\/p>\n<\/li>\n<li data-start=\"828\" data-end=\"889\">\n<p data-start=\"830\" data-end=\"889\">Diminue les <strong data-start=\"842\" data-end=\"861\">envies de sucre<\/strong> et am\u00e9liore la <strong data-start=\"877\" data-end=\"889\">vitalit\u00e9<\/strong><\/p>\n<\/li>\n<\/ul>\n<h3 data-start=\"891\" data-end=\"924\">\u26a1 <strong data-start=\"897\" data-end=\"924\">Utilisation recommand\u00e9e<\/strong><\/h3>\n<ul data-start=\"925\" data-end=\"1221\">\n<li data-start=\"925\" data-end=\"1026\">\n<p data-start=\"927\" data-end=\"1026\"><strong data-start=\"927\" data-end=\"953\">Pendant l\u2019entra\u00eenement<\/strong> : 1 dose pour maintenir l\u2019\u00e9nergie et limiter la d\u00e9gradation musculaire<\/p>\n<\/li>\n<li data-start=\"1027\" data-end=\"1120\">\n<p data-start=\"1029\" data-end=\"1120\"><strong data-start=\"1029\" data-end=\"1053\">Apr\u00e8s l\u2019entra\u00eenement<\/strong> : 1 dose pour favoriser la r\u00e9g\u00e9n\u00e9ration et la synth\u00e8se prot\u00e9ique<\/p>\n<\/li>\n<li data-start=\"1121\" data-end=\"1221\">\n<p data-start=\"1123\" data-end=\"1221\"><strong data-start=\"1123\" data-end=\"1144\">En phase de s\u00e8che<\/strong> : 2 \u00e0 5 g entre les repas pour pr\u00e9server le muscle et stabiliser l\u2019\u00e9nergie<\/p>\n<\/li>\n<\/ul>\n<h3 data-start=\"1223\" data-end=\"1243\">\ud83e\uddec <strong data-start=\"1230\" data-end=\"1243\">En r\u00e9sum\u00e9<\/strong><\/h3>\n<p data-start=\"1244\" data-end=\"1357\"><strong data-start=\"1244\" data-end=\"1278\">BCAA = construction musculaire<\/strong><br data-start=\"1278\" data-end=\"1281\" \/><strong data-start=\"1281\" data-end=\"1319\">Glutamine = r\u00e9cup\u00e9ration acc\u00e9l\u00e9r\u00e9e<\/strong><br data-start=\"1319\" data-end=\"1322\" \/><strong data-start=\"1322\" data-end=\"1357\">Ensemble = performance maximale<\/strong><\/p>\n<p data-start=\"1359\" data-end=\"1496\">\ud83d\udc49 Donnez \u00e0 votre corps l\u2019avantage qu\u2019il m\u00e9rite avec <strong data-start=\"1412\" data-end=\"1436\">APN BCAA + Glutamine<\/strong> \u2014 votre partenaire pour des r\u00e9sultats visibles et durables.<\/p>\n<p><strong>Ingr\u00e9dients Exotic<\/strong>: 55% L-Leucine, 12% L-Glutamine, 10% L-Isoleucine, 10% L-Valine, acidifirant: acide citrique, ar\u00f4me, colorant alimentaire betterave, \u00e9dulcorant: sucralose. Contenu\/Inhalt\/Content: 400 g | Go\u00fbt Exotic. Les compl\u00e9ments alimentaires ne se substituent pas \u00e0 une alimentation vari\u00e9e et \u00e9quilibr\u00e9e. Ne pas d\u00e9passer les dosages recommand\u00e9s.<\/p>\n<p><em>Utilisation: m\u00e9langer 1 portion de 10 g d\u2019APN BCAA &amp; Glutamine dans 100-150 ml d\u2019eau ou de jus de fruit. Buvez 1 portion de pr\u00e9f\u00e9rence avant, pendant ou directement apr\u00e8s l\u2019entra\u00eenement. <\/em><em>Zubereitung\/ Dosierung: eine Portion von 10 g BCAA mit Glutamin sollte mit 100-150 ml Wasser eingenommen werden, vorzugsweise jeweils vor oder direkt nach dem Training.<\/em><\/p>\n<p>&nbsp;<\/p>","protected":false},"excerpt":{"rendered":"<p data-start=\"133\" data-end=\"200\">\ud83d\udcaa <strong data-start=\"136\" data-end=\"198\">Boostez vos performances et acc\u00e9l\u00e9rez votre r\u00e9cup\u00e9ration !<\/strong><\/p>\n<p data-start=\"202\" data-end=\"575\">Les <strong data-start=\"206\" data-end=\"214\">BCAA<\/strong> et la <strong data-start=\"221\" data-end=\"234\">glutamine<\/strong> sont des alli\u00e9s essentiels pour tous les athl\u00e8tes qui visent la performance. V\u00e9ritables compl\u00e9ments des prot\u00e9ines, les BCAA favorisent la <strong data-start=\"373\" data-end=\"400\">construction musculaire<\/strong>, r\u00e9duisent la <strong data-start=\"415\" data-end=\"426\">fatigue<\/strong> et soutiennent l\u2019endurance, tandis que la glutamine agit en profondeur pour <strong data-start=\"503\" data-end=\"514\">r\u00e9parer<\/strong> et <strong data-start=\"518\" data-end=\"557\">reconstruire les fibres musculaires<\/strong> apr\u00e8s l\u2019effort.<\/p>\n<p data-start=\"577\" data-end=\"727\">Ensemble, ils aident votre corps \u00e0 <strong data-start=\"612\" data-end=\"646\">donner le meilleur de lui-m\u00eame<\/strong>, \u00e0 <strong data-start=\"650\" data-end=\"673\">r\u00e9cup\u00e9rer plus vite<\/strong> et \u00e0 <strong data-start=\"679\" data-end=\"704\">repousser vos limites<\/strong> s\u00e9ance apr\u00e8s s\u00e9ance.<\/p>","protected":false},"featured_media":406,"template":"","meta":{"_acf_changed":false},"product_brand":[62],"product_cat":[52,46,48],"product_tag":[66,64],"class_list":{"0":"post-375","1":"product","2":"type-product","3":"status-publish","4":"has-post-thumbnail","6":"product_brand-american-premier-nutrition","7":"product_cat-acides-amines","8":"product_cat-energie-et-vitalite","9":"product_cat-proteines","10":"product_tag-complements","11":"product_tag-performance","13":"first","14":"instock","15":"taxable","16":"shipping-taxable","17":"purchasable","18":"product-type-simple"},"acf":[],"_links":{"self":[{"href":"https:\/\/californiafitnessproducts.com\/en\/wp-json\/wp\/v2\/product\/375","targetHints":{"allow":["GET"]}}],"collection":[{"href":"https:\/\/californiafitnessproducts.com\/en\/wp-json\/wp\/v2\/product"}],"about":[{"href":"https:\/\/californiafitnessproducts.com\/en\/wp-json\/wp\/v2\/types\/product"}],"version-history":[{"count":1,"href":"https:\/\/californiafitnessproducts.com\/en\/wp-json\/wp\/v2\/product\/375\/revisions"}],"predecessor-version":[{"id":23177,"href":"https:\/\/californiafitnessproducts.com\/en\/wp-json\/wp\/v2\/product\/375\/revisions\/23177"}],"wp:featuredmedia":[{"embeddable":true,"href":"https:\/\/californiafitnessproducts.com\/en\/wp-json\/wp\/v2\/media\/406"}],"wp:attachment":[{"href":"https:\/\/californiafitnessproducts.com\/en\/wp-json\/wp\/v2\/media?parent=375"}],"wp:term":[{"taxonomy":"product_brand","embeddable":true,"href":"https:\/\/californiafitnessproducts.com\/en\/wp-json\/wp\/v2\/product_brand?post=375"},{"taxonomy":"product_cat","embeddable":true,"href":"https:\/\/californiafitnessproducts.com\/en\/wp-json\/wp\/v2\/product_cat?post=375"},{"taxonomy":"product_tag","embeddable":true,"href":"https:\/\/californiafitnessproducts.com\/en\/wp-json\/wp\/v2\/product_tag?post=375"}],"curies":[{"name":"wp","href":"https:\/\/api.w.org\/{rel}","templated":true}]}}