{"id":349,"date":"2024-12-17T10:31:38","date_gmt":"2024-12-17T10:31:38","guid":{"rendered":"https:\/\/americanpremiernutritions.com\/?post_type=product&#038;p=349"},"modified":"2025-11-26T12:01:26","modified_gmt":"2025-11-26T12:01:26","slug":"big-gainer-pro","status":"publish","type":"product","link":"https:\/\/californiafitnessproducts.com\/en\/product\/big-gainer-pro\/","title":{"rendered":"BIG GAINER PRO"},"content":{"rendered":"<h3 data-start=\"110\" data-end=\"153\">Prise de masse rapide &amp; \u00e9nergie extr\u00eame<\/h3>\n<p data-start=\"155\" data-end=\"481\"><strong data-start=\"155\" data-end=\"169\">BIG GAINER<\/strong> facilite l\u2019apport calorique jusqu\u2019\u00e0 <strong data-start=\"206\" data-end=\"232\">3600 calories par jour<\/strong>, id\u00e9al pour soutenir une <strong data-start=\"258\" data-end=\"294\">prise de masse musculaire rapide<\/strong> et des performances intensives. Sa formule compl\u00e8te combine <strong data-start=\"355\" data-end=\"379\">20% de Whey prot\u00e9ine<\/strong> et un m\u00e9lange \u00e9quilibr\u00e9 de <strong data-start=\"407\" data-end=\"440\">glucides simples et complexes<\/strong> pour une \u00e9nergie imm\u00e9diate et prolong\u00e9e.<\/p>\n<h3 data-start=\"483\" data-end=\"528\">\u2705 Formule ultra-performante enrichie en :<\/h3>\n<ul data-start=\"529\" data-end=\"736\">\n<li data-start=\"529\" data-end=\"609\">\n<p data-start=\"531\" data-end=\"609\">\ud83d\udcaa <strong data-start=\"534\" data-end=\"546\">Cr\u00e9atine<\/strong> : soutient la force, le volume musculaire et la r\u00e9cup\u00e9ration<\/p>\n<\/li>\n<li data-start=\"610\" data-end=\"659\">\n<p data-start=\"612\" data-end=\"659\">\u26a1 <strong data-start=\"614\" data-end=\"625\">Taurine<\/strong> : favorise le volume cellulaire<\/p>\n<\/li>\n<li data-start=\"660\" data-end=\"736\">\n<p data-start=\"662\" data-end=\"736\">\ud83e\uddec <strong data-start=\"665\" data-end=\"680\">L-Glutamine<\/strong> : aide \u00e0 prot\u00e9ger le muscle et \u00e0 limiter le catabolisme<\/p>\n<\/li>\n<\/ul>\n<p data-start=\"738\" data-end=\"854\">\ud83d\udd39 Contribue \u00e0 augmenter la masse et la force<br data-start=\"783\" data-end=\"786\" \/>\ud83d\udd39 Id\u00e9al pour les phases de prise de poids<br data-start=\"828\" data-end=\"831\" \/>\ud83d\udd39 <strong data-start=\"834\" data-end=\"854\">95% sans graisse<\/strong><\/p>\n<hr data-start=\"856\" data-end=\"859\" \/>\n<p><strong>Ingr\u00e9dients:\u00a0<\/strong>Vanille: dextrose, prot\u00e9ine de\u00a0<strong><em>whey<\/em><\/strong>\u00a0concentr\u00e9e, fructose, maltodextrine, cr\u00e9atine monohydrate (2,1%), \u00e9mulsifiant: l\u00e9cithine de\u00a0<strong><em>soy<\/em><\/strong>; huile de colza, ar\u00f4me, glutamine (0,45 %), taurine (0,45 %), oxyde de magn\u00e9sium (0,2%), m\u00e9lange de vitamines (acide ascorbique, vitamine-E-ac\u00e9tate, acide nicotinique, pantoth\u00e9nate de calcium, vitamine B6-hydrochloride, vitamine B2, vitamine B1-nitrate, acide folique, vitamine B12).<\/p>\n<p>Chocolat: dextrose, prot\u00e9ine de\u00a0<strong><em>whey\u00a0<\/em><\/strong>concentr\u00e9e, fructose, maltodextrine, cacao (fortement d\u00e9graiss\u00e9), cr\u00e9atine monohydrate (2,1%), \u00e9mulsifiant: l\u00e9cithine de\u00a0<strong><em>soy<\/em><\/strong>; huile de colza, ar\u00f4me, glutamine (0,45%) taurine (0,45%), oxyde de magn\u00e9sium (0,2%), m\u00e9lange de vitamines (acide ascorbique, vitamine-E-ac\u00e9tate, acide nicotinique, pantoth\u00e9nate de calcium, vitamine B6-hydrochloride, vitamine B2, vitamine B1-nitrate, acide folique, vitamine B12).<\/p>\n<p>Fruits des Bois: dextrose, prot\u00e9ine de\u00a0<strong><em>whey\u00a0<\/em><\/strong>concentr\u00e9e, fructose, maltodextrine, cr\u00e9atine monohydrate (2,1%), \u00e9mulsifiant: l\u00e9cithine de\u00a0<strong><em>soy<\/em><\/strong>; huile de colza, acidifiant : acide citrique, ar\u00f4me, colorant alimentaire betterave rouge, glutamine (0,45%), taurine (0,45%), oxyde de magn\u00e9sium (0,2%), m\u00e9lange de vitamines (acide ascorbique, vitamine-E-ac\u00e9tate, acide nicotinique, pantoth\u00e9nate de calcium, vitamine B6-hydrochloride, vitamine B2, vitamine B1-nitrate, acide folique, vitamine B12).<\/p>\n<p><em><strong>Conseil d&rsquo;utilisation:\u00a0<\/strong>m\u00e9langer 2 \u00e0 3 fois par jour, entre les repas et aussit\u00f4t apr\u00e8s l&rsquo;entra\u00eenement, 5 mesures de Big Gainer avec 500 ml d&rsquo;eau ou de lait.\u00a0<\/em><\/p>\n<p><strong data-start=\"1570\" data-end=\"1587\">Avertissement<\/strong> :<br data-start=\"1589\" data-end=\"1592\" \/>Les compl\u00e9ments alimentaires ne remplacent pas une alimentation vari\u00e9e et \u00e9quilibr\u00e9e. Ne pas d\u00e9passer la dose recommand\u00e9e. Tenir hors de port\u00e9e des enfants.<\/p>\n<p style=\"text-align: center\">","protected":false},"excerpt":{"rendered":"<p><strong data-start=\"65\" data-end=\"116\">BIG GAINER PRO : Masse et puissance garanties !<\/strong><br data-start=\"116\" data-end=\"119\" \/>Formul\u00e9 avec un dosage puissant de <strong data-start=\"154\" data-end=\"166\" data-is-only-node=\"\">cr\u00e9atine<\/strong> pour la force et la r\u00e9cup\u00e9ration, de <strong data-start=\"204\" data-end=\"215\">taurine<\/strong> pour des muscles plus performants, et de <strong data-start=\"257\" data-end=\"272\">L-glutamine<\/strong> pour favoriser la construction musculaire et bloquer le catabolisme.<br data-start=\"341\" data-end=\"344\" \/>R\u00e9sultat : <strong data-start=\"355\" data-end=\"411\">plus de masse, plus de force, z\u00e9ro graisse inutile !<\/strong><\/p>","protected":false},"featured_media":370,"template":"","meta":{"_acf_changed":false},"product_brand":[62],"product_cat":[47,48],"product_tag":[66],"class_list":{"0":"post-349","1":"product","2":"type-product","3":"status-publish","4":"has-post-thumbnail","6":"product_brand-american-premier-nutrition","7":"product_cat-gainer","8":"product_cat-proteines","9":"product_tag-complements","11":"first","12":"instock","13":"taxable","14":"shipping-taxable","15":"purchasable","16":"product-type-variable","17":"has-default-attributes"},"acf":[],"_links":{"self":[{"href":"https:\/\/californiafitnessproducts.com\/en\/wp-json\/wp\/v2\/product\/349","targetHints":{"allow":["GET"]}}],"collection":[{"href":"https:\/\/californiafitnessproducts.com\/en\/wp-json\/wp\/v2\/product"}],"about":[{"href":"https:\/\/californiafitnessproducts.com\/en\/wp-json\/wp\/v2\/types\/product"}],"version-history":[{"count":2,"href":"https:\/\/californiafitnessproducts.com\/en\/wp-json\/wp\/v2\/product\/349\/revisions"}],"predecessor-version":[{"id":28302,"href":"https:\/\/californiafitnessproducts.com\/en\/wp-json\/wp\/v2\/product\/349\/revisions\/28302"}],"wp:featuredmedia":[{"embeddable":true,"href":"https:\/\/californiafitnessproducts.com\/en\/wp-json\/wp\/v2\/media\/370"}],"wp:attachment":[{"href":"https:\/\/californiafitnessproducts.com\/en\/wp-json\/wp\/v2\/media?parent=349"}],"wp:term":[{"taxonomy":"product_brand","embeddable":true,"href":"https:\/\/californiafitnessproducts.com\/en\/wp-json\/wp\/v2\/product_brand?post=349"},{"taxonomy":"product_cat","embeddable":true,"href":"https:\/\/californiafitnessproducts.com\/en\/wp-json\/wp\/v2\/product_cat?post=349"},{"taxonomy":"product_tag","embeddable":true,"href":"https:\/\/californiafitnessproducts.com\/en\/wp-json\/wp\/v2\/product_tag?post=349"}],"curies":[{"name":"wp","href":"https:\/\/api.w.org\/{rel}","templated":true}]}}