{"id":344,"date":"2024-12-17T10:31:38","date_gmt":"2024-12-17T10:31:38","guid":{"rendered":"https:\/\/americanpremiernutritions.com\/?post_type=product&#038;p=344"},"modified":"2025-09-27T13:22:16","modified_gmt":"2025-09-27T13:22:16","slug":"masse-seche-pack","status":"publish","type":"product","link":"https:\/\/californiafitnessproducts.com\/en\/product\/masse-seche-pack\/","title":{"rendered":"DRY MASS PACK"},"content":{"rendered":"<h2 data-start=\"104\" data-end=\"175\">\ud83c\udfcb\ufe0f <strong data-start=\"111\" data-end=\"173\">Pack Masse S\u00e8che \u2013 Construisez du Muscle Sec et Performant<\/strong><\/h2>\n<h3 data-start=\"177\" data-end=\"201\">\ud83d\udcdd <strong data-start=\"184\" data-end=\"199\">Description<\/strong><\/h3>\n<p data-start=\"202\" data-end=\"626\">Prenez un avantage sur vos objectifs !<br data-start=\"240\" data-end=\"243\" \/>Le <strong data-start=\"246\" data-end=\"266\">Pack Masse S\u00e8che<\/strong> a \u00e9t\u00e9 pens\u00e9 pour accompagner vos entra\u00eenements et vous aider \u00e0 d\u00e9velopper une masse musculaire de qualit\u00e9, sans superflu.<br data-start=\"388\" data-end=\"391\" \/>Gr\u00e2ce \u00e0 l\u2019association de <strong data-start=\"416\" data-end=\"430\">Whey 100 %<\/strong>, d\u2019<strong data-start=\"434\" data-end=\"451\">Amino Complex<\/strong>, de <strong data-start=\"456\" data-end=\"471\">L-Carnitine<\/strong> et d\u2019un <strong data-start=\"480\" data-end=\"501\">pilulier pratique<\/strong>, vous disposez de tout ce dont votre corps a besoin pour :<br data-start=\"560\" data-end=\"563\" \/><strong data-start=\"563\" data-end=\"623\">construire, r\u00e9parer, r\u00e9cup\u00e9rer et rester plein d\u2019\u00e9nergie<\/strong>.<\/p>","protected":false},"excerpt":{"rendered":"<p>Construisez, r\u00e9cup\u00e9rez, d\u00e9finissez \u2013 \u00e0 prix malin.<\/p>\n<p>&nbsp;<\/p>","protected":false},"featured_media":368,"template":"","meta":{"_acf_changed":false},"product_brand":[62,63],"product_cat":[52,53,46,48],"product_tag":[66,65,64],"class_list":{"0":"post-344","1":"product","2":"type-product","3":"status-publish","4":"has-post-thumbnail","6":"product_brand-american-premier-nutrition","7":"product_brand-california-fitness-products","8":"product_cat-acides-amines","9":"product_cat-controle-de-poids","10":"product_cat-energie-et-vitalite","11":"product_cat-proteines","12":"product_tag-complements","13":"product_tag-controle-silhouette","14":"product_tag-performance","16":"first","17":"instock","18":"sale","19":"taxable","20":"shipping-taxable","21":"purchasable","22":"product-type-variable","23":"has-default-attributes"},"acf":[],"_links":{"self":[{"href":"https:\/\/californiafitnessproducts.com\/en\/wp-json\/wp\/v2\/product\/344","targetHints":{"allow":["GET"]}}],"collection":[{"href":"https:\/\/californiafitnessproducts.com\/en\/wp-json\/wp\/v2\/product"}],"about":[{"href":"https:\/\/californiafitnessproducts.com\/en\/wp-json\/wp\/v2\/types\/product"}],"version-history":[{"count":1,"href":"https:\/\/californiafitnessproducts.com\/en\/wp-json\/wp\/v2\/product\/344\/revisions"}],"predecessor-version":[{"id":21835,"href":"https:\/\/californiafitnessproducts.com\/en\/wp-json\/wp\/v2\/product\/344\/revisions\/21835"}],"wp:featuredmedia":[{"embeddable":true,"href":"https:\/\/californiafitnessproducts.com\/en\/wp-json\/wp\/v2\/media\/368"}],"wp:attachment":[{"href":"https:\/\/californiafitnessproducts.com\/en\/wp-json\/wp\/v2\/media?parent=344"}],"wp:term":[{"taxonomy":"product_brand","embeddable":true,"href":"https:\/\/californiafitnessproducts.com\/en\/wp-json\/wp\/v2\/product_brand?post=344"},{"taxonomy":"product_cat","embeddable":true,"href":"https:\/\/californiafitnessproducts.com\/en\/wp-json\/wp\/v2\/product_cat?post=344"},{"taxonomy":"product_tag","embeddable":true,"href":"https:\/\/californiafitnessproducts.com\/en\/wp-json\/wp\/v2\/product_tag?post=344"}],"curies":[{"name":"wp","href":"https:\/\/api.w.org\/{rel}","templated":true}]}}