{"id":331,"date":"2024-12-17T10:31:37","date_gmt":"2024-12-17T10:31:37","guid":{"rendered":"https:\/\/americanpremiernutritions.com\/?post_type=product&#038;p=331"},"modified":"2025-10-16T16:21:46","modified_gmt":"2025-10-16T16:21:46","slug":"shaker-mix-king-600-ml-compartiment-250-ml-buchsteiner","status":"publish","type":"product","link":"https:\/\/californiafitnessproducts.com\/en\/product\/shaker-mix-king-600-ml-compartiment-250-ml-buchsteiner\/","title":{"rendered":"SHAKER MIX KING 600 ML + COMPARTIMENT 250 ML BUCHSTEINER"},"content":{"rendered":"<h2 data-start=\"129\" data-end=\"185\">\ud83e\udd64 <strong data-start=\"135\" data-end=\"185\">MixKing Shaker\u00ae \u2013 L\u2019original sign\u00e9 Buchsteiner<\/strong><\/h2>\n<p data-start=\"187\" data-end=\"453\">Le <strong data-start=\"190\" data-end=\"209\">MixKing Shaker\u00ae<\/strong> est l\u2019outil id\u00e9al pour pr\u00e9parer toutes vos boissons : <strong data-start=\"264\" data-end=\"336\">prot\u00e9ines, substituts de repas, boissons isotoniques ou \u00e9nerg\u00e9tiques<\/strong>.<br data-start=\"337\" data-end=\"340\" \/>Con\u00e7u pour une utilisation pratique et durable, il allie <strong data-start=\"397\" data-end=\"418\">qualit\u00e9 allemande<\/strong>, <strong data-start=\"420\" data-end=\"433\">ergonomie<\/strong> et <strong data-start=\"437\" data-end=\"452\">performance<\/strong>.<\/p>\n<hr data-start=\"455\" data-end=\"458\" \/>\n<h3 data-start=\"460\" data-end=\"499\">\ud83d\udcaa <strong data-start=\"467\" data-end=\"499\">Caract\u00e9ristiques principales<\/strong><\/h3>\n<ul data-start=\"500\" data-end=\"976\">\n<li data-start=\"500\" data-end=\"572\">\n<p data-start=\"502\" data-end=\"572\"><strong data-start=\"502\" data-end=\"516\">Capacit\u00e9 :<\/strong> 600 ml \/ 20 Oz \u2013 parfait pour toutes vos pr\u00e9parations<\/p>\n<\/li>\n<li data-start=\"573\" data-end=\"639\">\n<p data-start=\"575\" data-end=\"639\"><strong data-start=\"575\" data-end=\"611\">Double graduation (ml\/ccm et oz)<\/strong> pour des mesures pr\u00e9cises<\/p>\n<\/li>\n<li data-start=\"640\" data-end=\"707\">\n<p data-start=\"642\" data-end=\"707\"><strong data-start=\"642\" data-end=\"672\">Grille de m\u00e9lange int\u00e9gr\u00e9e<\/strong> : m\u00e9lange homog\u00e8ne sans grumeaux<\/p>\n<\/li>\n<li data-start=\"708\" data-end=\"797\">\n<p data-start=\"710\" data-end=\"797\"><strong data-start=\"710\" data-end=\"732\">Compartiment viss\u00e9<\/strong> au fond : id\u00e9al pour transporter de la poudre ou des tablettes<\/p>\n<\/li>\n<li data-start=\"798\" data-end=\"886\">\n<p data-start=\"800\" data-end=\"886\"><strong data-start=\"800\" data-end=\"839\">Mati\u00e8res premi\u00e8res de haute qualit\u00e9<\/strong>, conformes aux normes de contact alimentaire<\/p>\n<\/li>\n<li data-start=\"887\" data-end=\"940\">\n<p data-start=\"889\" data-end=\"940\"><strong data-start=\"889\" data-end=\"938\">R\u00e9sistant au micro-ondes et au lave-vaisselle<\/strong><\/p>\n<\/li>\n<li data-start=\"941\" data-end=\"976\">\n<p data-start=\"943\" data-end=\"976\"><strong data-start=\"943\" data-end=\"963\">100 % recyclable<\/strong> et durable<\/p>\n<\/li>\n<\/ul>","protected":false},"excerpt":{"rendered":"<h4>\u26a1 <strong data-start=\"989\" data-end=\"1078\">MixKing Shaker\u00ae \u2013 La r\u00e9f\u00e9rence allemande pour des shakes parfaits, o\u00f9 que vous soyez.<\/strong><\/h4>","protected":false},"featured_media":361,"template":"","meta":{"_acf_changed":false},"product_brand":[],"product_cat":[51],"product_tag":[],"class_list":{"0":"post-331","1":"product","2":"type-product","3":"status-publish","4":"has-post-thumbnail","6":"product_cat-accessoires","8":"first","9":"instock","10":"taxable","11":"shipping-taxable","12":"purchasable","13":"product-type-simple"},"acf":[],"_links":{"self":[{"href":"https:\/\/californiafitnessproducts.com\/en\/wp-json\/wp\/v2\/product\/331","targetHints":{"allow":["GET"]}}],"collection":[{"href":"https:\/\/californiafitnessproducts.com\/en\/wp-json\/wp\/v2\/product"}],"about":[{"href":"https:\/\/californiafitnessproducts.com\/en\/wp-json\/wp\/v2\/types\/product"}],"version-history":[{"count":0,"href":"https:\/\/californiafitnessproducts.com\/en\/wp-json\/wp\/v2\/product\/331\/revisions"}],"wp:featuredmedia":[{"embeddable":true,"href":"https:\/\/californiafitnessproducts.com\/en\/wp-json\/wp\/v2\/media\/361"}],"wp:attachment":[{"href":"https:\/\/californiafitnessproducts.com\/en\/wp-json\/wp\/v2\/media?parent=331"}],"wp:term":[{"taxonomy":"product_brand","embeddable":true,"href":"https:\/\/californiafitnessproducts.com\/en\/wp-json\/wp\/v2\/product_brand?post=331"},{"taxonomy":"product_cat","embeddable":true,"href":"https:\/\/californiafitnessproducts.com\/en\/wp-json\/wp\/v2\/product_cat?post=331"},{"taxonomy":"product_tag","embeddable":true,"href":"https:\/\/californiafitnessproducts.com\/en\/wp-json\/wp\/v2\/product_tag?post=331"}],"curies":[{"name":"wp","href":"https:\/\/api.w.org\/{rel}","templated":true}]}}