{"id":328,"date":"2024-12-17T10:31:37","date_gmt":"2024-12-17T10:31:37","guid":{"rendered":"https:\/\/americanpremiernutritions.com\/?post_type=product&#038;p=328"},"modified":"2025-10-16T16:20:05","modified_gmt":"2025-10-16T16:20:05","slug":"shaker-et-piluliers-value-set","status":"publish","type":"product","link":"https:\/\/californiafitnessproducts.com\/en\/product\/shaker-et-piluliers-value-set\/","title":{"rendered":"SHAKER ET PILULIERS VALUE SET"},"content":{"rendered":"<h2 data-start=\"131\" data-end=\"202\">\ud83c\udfaf <strong data-start=\"137\" data-end=\"200\">SET VALUE PACK \u2013 Organisation compl\u00e8te pour vos compl\u00e9ments<\/strong><\/h2>\n<p data-start=\"204\" data-end=\"513\">Optimisez votre routine nutritionnelle avec le <strong data-start=\"251\" data-end=\"269\">SET VALUE PACK<\/strong>, un ensemble pratique et durable sign\u00e9 <strong data-start=\"309\" data-end=\"342\">Buchsteiner \u2013 Made in Germany<\/strong>.<br data-start=\"343\" data-end=\"346\" \/>Ce pack comprend le <strong data-start=\"366\" data-end=\"394\">MixKing Shaker\u00ae original<\/strong> et deux <strong data-start=\"403\" data-end=\"439\">piluliers de tailles diff\u00e9rentes<\/strong> pour une organisation parfaite de vos compl\u00e9ments, capsules et poudres.<\/p>\n<hr data-start=\"515\" data-end=\"518\" \/>\n<h3 data-start=\"520\" data-end=\"590\">\ud83e\udd64 <strong data-start=\"527\" data-end=\"590\">MixKing Shaker\u00ae \u2013 M\u00e9lange parfait, partout et \u00e0 tout moment<\/strong><\/h3>\n<p data-start=\"591\" data-end=\"743\">Le <strong data-start=\"594\" data-end=\"613\">MixKing Shaker\u00ae<\/strong> est l\u2019outil id\u00e9al pour pr\u00e9parer toutes vos boissons : <strong data-start=\"668\" data-end=\"740\">prot\u00e9ines, substituts de repas, boissons isotoniques ou \u00e9nerg\u00e9tiques<\/strong>.<\/p>\n<ul data-start=\"744\" data-end=\"1051\">\n<li data-start=\"744\" data-end=\"777\">\n<p data-start=\"746\" data-end=\"777\">Capacit\u00e9 : <strong data-start=\"757\" data-end=\"775\">600 ml \/ 20 Oz<\/strong><\/p>\n<\/li>\n<li data-start=\"778\" data-end=\"842\">\n<p data-start=\"780\" data-end=\"842\"><strong data-start=\"780\" data-end=\"801\">Double graduation<\/strong> (ml\/ccm et oz) pour des dosages pr\u00e9cis<\/p>\n<\/li>\n<li data-start=\"843\" data-end=\"905\">\n<p data-start=\"845\" data-end=\"905\"><strong data-start=\"845\" data-end=\"864\">Grille int\u00e9gr\u00e9e<\/strong> pour un m\u00e9lange homog\u00e8ne sans grumeaux<\/p>\n<\/li>\n<li data-start=\"906\" data-end=\"971\">\n<p data-start=\"908\" data-end=\"971\"><strong data-start=\"908\" data-end=\"930\">Compartiment viss\u00e9<\/strong> pour transporter poudre ou compl\u00e9ments<\/p>\n<\/li>\n<li data-start=\"972\" data-end=\"1051\">\n<p data-start=\"974\" data-end=\"1051\">R\u00e9sistant, <strong data-start=\"985\" data-end=\"1029\">micro-ondes et lave-vaisselle compatible<\/strong>, <strong data-start=\"1031\" data-end=\"1051\">100 % recyclable<\/strong><\/p>\n<\/li>\n<\/ul>\n<p data-start=\"1053\" data-end=\"1159\">Fabriqu\u00e9 \u00e0 partir de <strong data-start=\"1074\" data-end=\"1113\">mati\u00e8res premi\u00e8res de haute qualit\u00e9<\/strong>, conformes aux normes de contact alimentaire.<\/p>\n<hr data-start=\"1161\" data-end=\"1164\" \/>\n<h3 data-start=\"1166\" data-end=\"1193\">\ud83d\udc8a <strong data-start=\"1173\" data-end=\"1193\">Piluliers inclus<\/strong><\/h3>\n<p data-start=\"1194\" data-end=\"1355\">Deux piluliers de tailles diff\u00e9rentes pour organiser facilement vos <strong data-start=\"1262\" data-end=\"1302\">compl\u00e9ments en tablettes et capsules<\/strong> \u2013 id\u00e9aux \u00e0 la maison, au bureau ou en d\u00e9placement.<\/p>","protected":false},"excerpt":{"rendered":"<h5>\u26a1 <strong data-start=\"1368\" data-end=\"1494\">SET VALUE PACK \u2013 Tout ce qu\u2019il vous faut pour m\u00e9langer, transporter et organiser vos compl\u00e9ments avec style et efficacit\u00e9.<\/strong><\/h5>","protected":false},"featured_media":362,"template":"","meta":{"_acf_changed":false},"product_brand":[],"product_cat":[51],"product_tag":[],"class_list":{"0":"post-328","1":"product","2":"type-product","3":"status-publish","4":"has-post-thumbnail","6":"product_cat-accessoires","8":"first","9":"instock","10":"taxable","11":"shipping-taxable","12":"purchasable","13":"product-type-simple"},"acf":[],"_links":{"self":[{"href":"https:\/\/californiafitnessproducts.com\/en\/wp-json\/wp\/v2\/product\/328","targetHints":{"allow":["GET"]}}],"collection":[{"href":"https:\/\/californiafitnessproducts.com\/en\/wp-json\/wp\/v2\/product"}],"about":[{"href":"https:\/\/californiafitnessproducts.com\/en\/wp-json\/wp\/v2\/types\/product"}],"version-history":[{"count":1,"href":"https:\/\/californiafitnessproducts.com\/en\/wp-json\/wp\/v2\/product\/328\/revisions"}],"predecessor-version":[{"id":23213,"href":"https:\/\/californiafitnessproducts.com\/en\/wp-json\/wp\/v2\/product\/328\/revisions\/23213"}],"wp:featuredmedia":[{"embeddable":true,"href":"https:\/\/californiafitnessproducts.com\/en\/wp-json\/wp\/v2\/media\/362"}],"wp:attachment":[{"href":"https:\/\/californiafitnessproducts.com\/en\/wp-json\/wp\/v2\/media?parent=328"}],"wp:term":[{"taxonomy":"product_brand","embeddable":true,"href":"https:\/\/californiafitnessproducts.com\/en\/wp-json\/wp\/v2\/product_brand?post=328"},{"taxonomy":"product_cat","embeddable":true,"href":"https:\/\/californiafitnessproducts.com\/en\/wp-json\/wp\/v2\/product_cat?post=328"},{"taxonomy":"product_tag","embeddable":true,"href":"https:\/\/californiafitnessproducts.com\/en\/wp-json\/wp\/v2\/product_tag?post=328"}],"curies":[{"name":"wp","href":"https:\/\/api.w.org\/{rel}","templated":true}]}}