{"id":309,"date":"2024-12-17T10:31:36","date_gmt":"2024-12-17T10:31:36","guid":{"rendered":"https:\/\/americanpremiernutritions.com\/?post_type=product&#038;p=309"},"modified":"2025-10-17T10:02:39","modified_gmt":"2025-10-17T10:02:39","slug":"creatine-monohydrate-creapure-caps","status":"publish","type":"product","link":"https:\/\/californiafitnessproducts.com\/en\/product\/creatine-monohydrate-creapure-caps\/","title":{"rendered":"CREATINE MONOHYDRATE CREAPURE\u00ae CAPS"},"content":{"rendered":"<h2 data-start=\"141\" data-end=\"206\">\ud83d\udca5 <strong data-start=\"147\" data-end=\"204\">Cr\u00e9atine Monohydrate Creapure\u00ae Micronis\u00e9e en Capsules<\/strong><\/h2>\n<h3 data-start=\"207\" data-end=\"271\">La cr\u00e9atine premium pour des r\u00e9sultats visibles et rapides<\/h3>\n<p data-start=\"273\" data-end=\"584\">\ud83d\udd2c <strong data-start=\"276\" data-end=\"295\">Made in Germany<\/strong>, la cr\u00e9atine Creapure\u00ae est <strong data-start=\"323\" data-end=\"348\">reconnue mondialement<\/strong> comme la cr\u00e9atine monohydrate la plus pure (<strong data-start=\"393\" data-end=\"404\">99,95 %<\/strong>), sans impuret\u00e9s et 100 % s\u00fbre.<br data-start=\"436\" data-end=\"439\" \/>Sous forme de <strong data-start=\"453\" data-end=\"496\">capsules v\u00e9g\u00e9tariennes faciles \u00e0 avaler<\/strong>, elle offre une <strong data-start=\"513\" data-end=\"536\">absorption optimale<\/strong> et un dosage pratique pour vos entra\u00eenements.<\/p>\n<h3 data-start=\"586\" data-end=\"640\">\ud83d\ude80 <strong data-start=\"593\" data-end=\"638\">Pourquoi choisir APN Cr\u00e9atine Creapure\u00ae ?<\/strong><\/h3>\n<p data-start=\"641\" data-end=\"1042\">\u2705 <strong data-start=\"643\" data-end=\"682\">Am\u00e9liore les performances physiques<\/strong> lors d\u2019exercices courts et intenses<br data-start=\"718\" data-end=\"721\" \/>\u2705 <strong data-start=\"723\" data-end=\"771\">Augmente la force et la puissance musculaire<\/strong><br data-start=\"771\" data-end=\"774\" \/>\u2705 <strong data-start=\"776\" data-end=\"825\">Favorise un gain de volume musculaire visible<\/strong> d\u00e8s les premi\u00e8res semaines<br data-start=\"852\" data-end=\"855\" \/>\u2705 <strong data-start=\"857\" data-end=\"898\">Optimise les r\u00e9serves d\u2019\u00e9nergie (ATP)<\/strong> pour aller plus loin dans l\u2019effort<br data-start=\"933\" data-end=\"936\" \/>\u2705 <strong data-start=\"938\" data-end=\"988\">Retarde la fatigue et acc\u00e9l\u00e8re la r\u00e9cup\u00e9ration<\/strong><br data-start=\"988\" data-end=\"991\" \/>\u2705 <strong data-start=\"993\" data-end=\"1040\">Sans go\u00fbt, inodore et se dissout rapidement<\/strong><\/p>\n<h3 data-start=\"1044\" data-end=\"1069\">\ud83d\udcaa <strong data-start=\"1051\" data-end=\"1067\">Id\u00e9al pour :<\/strong><\/h3>\n<ul data-start=\"1070\" data-end=\"1269\">\n<li data-start=\"1070\" data-end=\"1129\">\n<p data-start=\"1072\" data-end=\"1129\">Les pratiquants de musculation, crossfit, halt\u00e9rophilie<\/p>\n<\/li>\n<li data-start=\"1130\" data-end=\"1210\">\n<p data-start=\"1132\" data-end=\"1210\">Les athl\u00e8tes cherchant \u00e0 d\u00e9velopper <strong data-start=\"1168\" data-end=\"1208\">force, puissance et masse musculaire<\/strong><\/p>\n<\/li>\n<li data-start=\"1211\" data-end=\"1269\">\n<p data-start=\"1213\" data-end=\"1269\">Ceux qui veulent <strong data-start=\"1230\" data-end=\"1267\">des r\u00e9sultats rapides et durables<\/strong><\/p>\n<\/li>\n<\/ul>\n<p data-start=\"1271\" data-end=\"1382\">\ud83d\udd25 <strong data-start=\"1274\" data-end=\"1331\">Boosteur de performance \u00e9prouv\u00e9 depuis plus de 20 ans<\/strong>, soutenu par de nombreuses \u00e9tudes scientifiques.<\/p>\n<p><strong><em>Utilisation: 4 capsules par jour avec un peu de liquide vous procurent 3 g de cr\u00e9atine.<\/em> Lire les avertissements et suivre le mode d&rsquo;utilisation d\u00e9taill\u00e9 sur l&rsquo;\u00e9tiquette. <\/strong>BOITE DE 120 CAPSULES VEGETARIENNES<\/p>\n<hr \/>\n<h4><strong>NUTRITIONAL INFORMATION<\/strong><\/h4>\n<p>Analyse moyenne. <strong style=\"color: #666666; font-size: 14px;\">Compl\u00e9ment alimentaire d\u2019apport en Cr\u00e9atine<\/strong><span style=\"color: #666666; font-size: 14px;\">.\u00a0<\/span><strong style=\"color: #666666; font-size: 14px;\">Ingr\u00e9dients\u00a0:\u00a0<\/strong><span style=\"color: #666666; font-size: 14px;\">Cr\u00e9atine monohydrate (100% Creapure\u00ae),\u00a0capsule (hydroxypropylmethylcellulose), anti-agglom\u00e9rant (sels de magnesium d\u2019acides gras).\u00a0<\/span><strong style=\"color: #666666; font-size: 14px;\">Conseils d\u2019utilisation :<\/strong><span style=\"color: #666666; font-size: 14px;\">\u00a0pendant 4 semaines, prendre 4 capsules par jour avec un grand verre d\u2019eau. Puis arr\u00eater la prise pendant 4 semaines. La cr\u00e9atine am\u00e9liore les capacit\u00e9s physiques chez l\u2019adulte lors de s\u00e9ries successives d\u2019efforts de haute intensit\u00e9 de courte dur\u00e9e. L\u2019effet b\u00e9n\u00e9fique est obtenu pour 3 g de cr\u00e9atine par jour (4 capsules). <\/span><strong style=\"color: #666666; font-size: 14px;\">Pr\u00e9cautions d\u2019emploi :<\/strong><span style=\"color: #666666; font-size: 14px;\">\u00a0la cr\u00e9atine est d\u00e9conseill\u00e9e en utilisation permanente, aux enfants et adolescents, ainsi qu\u2019aux personnes souffrant d\u2019insuffisance r\u00e9nale. Une consommation r\u00e9guli\u00e8re peut entra\u00eener une prise de poids. Ne pas d\u00e9passer la dose journali\u00e8re recommand\u00e9e. Produit r\u00e9serv\u00e9 aux adultes effectuant des exercices physiques intenses. Tenir hors de port\u00e9e des enfants. Ce produit ne peut se substituer \u00e0 une alimentation vari\u00e9e et un mode de vie sain. D\u00e9conseill\u00e9 \u00e0 la femme enceinte ou allaitante.<\/span><\/p>\n<p><img fetchpriority=\"high\" decoding=\"async\" class=\"alignnone size-full wp-image-22682\" src=\"https:\/\/californiafitnessproducts.com\/wp-content\/uploads\/2024\/12\/100_-Creatine-Monohydrate_120caps_250ml_18-01-scaled.jpg\" alt=\"\" width=\"2560\" height=\"849\" srcset=\"https:\/\/californiafitnessproducts.com\/wp-content\/uploads\/2024\/12\/100_-Creatine-Monohydrate_120caps_250ml_18-01-scaled.jpg 2560w, https:\/\/californiafitnessproducts.com\/wp-content\/uploads\/2024\/12\/100_-Creatine-Monohydrate_120caps_250ml_18-01-scaled-650x216.jpg 650w, https:\/\/californiafitnessproducts.com\/wp-content\/uploads\/2024\/12\/100_-Creatine-Monohydrate_120caps_250ml_18-01-300x100.jpg 300w, https:\/\/californiafitnessproducts.com\/wp-content\/uploads\/2024\/12\/100_-Creatine-Monohydrate_120caps_250ml_18-01-1024x340.jpg 1024w, https:\/\/californiafitnessproducts.com\/wp-content\/uploads\/2024\/12\/100_-Creatine-Monohydrate_120caps_250ml_18-01-768x255.jpg 768w, https:\/\/californiafitnessproducts.com\/wp-content\/uploads\/2024\/12\/100_-Creatine-Monohydrate_120caps_250ml_18-01-1536x510.jpg 1536w, https:\/\/californiafitnessproducts.com\/wp-content\/uploads\/2024\/12\/100_-Creatine-Monohydrate_120caps_250ml_18-01-2048x679.jpg 2048w, https:\/\/californiafitnessproducts.com\/wp-content\/uploads\/2024\/12\/100_-Creatine-Monohydrate_120caps_250ml_18-01-18x6.jpg 18w\" sizes=\"(max-width: 2560px) 100vw, 2560px\" \/><\/p>\n<p>&nbsp;<\/p>","protected":false},"excerpt":{"rendered":"<p><strong>\u26a1 APN Cr\u00e9atine Monohydrate Creapure\u00ae<br data-start=\"117\" data-end=\"120\" \/><\/strong>Boostez vos performances sur les entra\u00eenements les plus intenses !<br data-start=\"186\" data-end=\"189\" \/>\ud83d\udcaa Id\u00e9ale pour la force, l\u2019\u00e9nergie et les sports de musculation.<br data-start=\"253\" data-end=\"256\" \/>\u2705 Sans go\u00fbt, inodore.<\/p>","protected":false},"featured_media":356,"template":"","meta":{"_acf_changed":false},"product_brand":[],"product_cat":[46,72],"product_tag":[66],"class_list":{"0":"post-309","1":"product","2":"type-product","3":"status-publish","4":"has-post-thumbnail","6":"product_cat-energie-et-vitalite","7":"product_cat-masse-musculaire","8":"product_tag-complements","10":"first","11":"instock","12":"taxable","13":"shipping-taxable","14":"purchasable","15":"product-type-variable","16":"has-default-attributes"},"acf":[],"_links":{"self":[{"href":"https:\/\/californiafitnessproducts.com\/en\/wp-json\/wp\/v2\/product\/309","targetHints":{"allow":["GET"]}}],"collection":[{"href":"https:\/\/californiafitnessproducts.com\/en\/wp-json\/wp\/v2\/product"}],"about":[{"href":"https:\/\/californiafitnessproducts.com\/en\/wp-json\/wp\/v2\/types\/product"}],"version-history":[{"count":2,"href":"https:\/\/californiafitnessproducts.com\/en\/wp-json\/wp\/v2\/product\/309\/revisions"}],"predecessor-version":[{"id":23356,"href":"https:\/\/californiafitnessproducts.com\/en\/wp-json\/wp\/v2\/product\/309\/revisions\/23356"}],"wp:featuredmedia":[{"embeddable":true,"href":"https:\/\/californiafitnessproducts.com\/en\/wp-json\/wp\/v2\/media\/356"}],"wp:attachment":[{"href":"https:\/\/californiafitnessproducts.com\/en\/wp-json\/wp\/v2\/media?parent=309"}],"wp:term":[{"taxonomy":"product_brand","embeddable":true,"href":"https:\/\/californiafitnessproducts.com\/en\/wp-json\/wp\/v2\/product_brand?post=309"},{"taxonomy":"product_cat","embeddable":true,"href":"https:\/\/californiafitnessproducts.com\/en\/wp-json\/wp\/v2\/product_cat?post=309"},{"taxonomy":"product_tag","embeddable":true,"href":"https:\/\/californiafitnessproducts.com\/en\/wp-json\/wp\/v2\/product_tag?post=309"}],"curies":[{"name":"wp","href":"https:\/\/api.w.org\/{rel}","templated":true}]}}