{"id":734,"date":"2024-12-17T10:33:46","date_gmt":"2024-12-17T10:33:46","guid":{"rendered":"https:\/\/americanpremiernutritions.com\/?post_type=product&#038;p=734"},"modified":"2025-12-02T01:22:31","modified_gmt":"2025-12-02T01:22:31","slug":"lifting-straps-apn","status":"publish","type":"product","link":"https:\/\/californiafitnessproducts.com\/de\/product\/lifting-straps-apn\/","title":{"rendered":"LIFTING STRAPS APN"},"content":{"rendered":"<p>Courroies de poignet pour halt\u00e9rophilie en coton et nylon, avec pi\u00e8ce n\u00e9opr\u00e8ne pour plus de confort.<\/p>\n<p>Pour hommes et femmes (paire de taille unique). Longueur totale 58 cm.<\/p>\n<p>Couleur : bleu<\/p>","protected":false},"excerpt":{"rendered":"<p>Courroies de poignet pour halt\u00e9rophilie en coton et nylon, avec pi\u00e8ce n\u00e9opr\u00e8ne pour plus de confort. Longueur totale 58 cm<\/p>","protected":false},"featured_media":742,"template":"","meta":{"_acf_changed":false},"product_brand":[],"product_cat":[51],"product_tag":[],"class_list":{"0":"post-734","1":"product","2":"type-product","3":"status-publish","4":"has-post-thumbnail","6":"product_cat-accessoires","8":"first","9":"instock","10":"taxable","11":"shipping-taxable","12":"purchasable","13":"product-type-simple"},"acf":[],"_links":{"self":[{"href":"https:\/\/californiafitnessproducts.com\/de\/wp-json\/wp\/v2\/product\/734","targetHints":{"allow":["GET"]}}],"collection":[{"href":"https:\/\/californiafitnessproducts.com\/de\/wp-json\/wp\/v2\/product"}],"about":[{"href":"https:\/\/californiafitnessproducts.com\/de\/wp-json\/wp\/v2\/types\/product"}],"version-history":[{"count":0,"href":"https:\/\/californiafitnessproducts.com\/de\/wp-json\/wp\/v2\/product\/734\/revisions"}],"wp:featuredmedia":[{"embeddable":true,"href":"https:\/\/californiafitnessproducts.com\/de\/wp-json\/wp\/v2\/media\/742"}],"wp:attachment":[{"href":"https:\/\/californiafitnessproducts.com\/de\/wp-json\/wp\/v2\/media?parent=734"}],"wp:term":[{"taxonomy":"product_brand","embeddable":true,"href":"https:\/\/californiafitnessproducts.com\/de\/wp-json\/wp\/v2\/product_brand?post=734"},{"taxonomy":"product_cat","embeddable":true,"href":"https:\/\/californiafitnessproducts.com\/de\/wp-json\/wp\/v2\/product_cat?post=734"},{"taxonomy":"product_tag","embeddable":true,"href":"https:\/\/californiafitnessproducts.com\/de\/wp-json\/wp\/v2\/product_tag?post=734"}],"curies":[{"name":"wp","href":"https:\/\/api.w.org\/{rel}","templated":true}]}}