{"id":662,"date":"2024-12-17T10:33:17","date_gmt":"2024-12-17T10:33:17","guid":{"rendered":"https:\/\/americanpremiernutritions.com\/?post_type=product&#038;p=662"},"modified":"2025-12-01T01:21:39","modified_gmt":"2025-12-01T01:21:39","slug":"perfect-line-burner-1-hair-skin-nails-gratis-offre-juin","status":"publish","type":"product","link":"https:\/\/californiafitnessproducts.com\/de\/product\/perfect-line-burner-1-hair-skin-nails-gratis-offre-juin\/","title":{"rendered":"PERFECT LINE BURNER + 1 Hair, Skin, Nails GRATIS"},"content":{"rendered":"<h2 data-start=\"180\" data-end=\"211\">\ud83d\udd25 <strong data-start=\"186\" data-end=\"209\">PERFECT LINE BURNER<\/strong><\/h2>\n<h3 data-start=\"212\" data-end=\"286\">Votre alli\u00e9 multi-actions pour une silhouette redessin\u00e9e<\/h3>\n<p data-start=\"288\" data-end=\"462\"><strong data-start=\"288\" data-end=\"311\">PERFECT LINE BURNER<\/strong> est une formule avanc\u00e9e de <strong data-start=\"339\" data-end=\"359\">gestion du poids<\/strong> con\u00e7ue pour booster vos <strong data-start=\"384\" data-end=\"400\">performances<\/strong>, votre <strong data-start=\"408\" data-end=\"425\">concentration<\/strong> et votre <strong data-start=\"435\" data-end=\"446\">\u00e9nergie<\/strong> au quotidien.<\/p>\n<p data-start=\"464\" data-end=\"737\">Gr\u00e2ce \u00e0 son complexe exclusif alliant <strong data-start=\"502\" data-end=\"515\">Vitamine<\/strong>, <strong data-start=\"517\" data-end=\"529\">Mineralien<\/strong>, <strong data-start=\"531\" data-end=\"538\">CLA<\/strong>, <strong data-start=\"540\" data-end=\"555\">L-Carnitine<\/strong>, <strong data-start=\"557\" data-end=\"573\">antioxydants<\/strong> et <strong data-start=\"577\" data-end=\"622\">extraits naturels de fruits et de plantes<\/strong>, cette formule favorise le <strong data-start=\"650\" data-end=\"677\">processus thermog\u00e9nique<\/strong> tout en soutenant votre <strong data-start=\"702\" data-end=\"711\">tonus<\/strong> et votre <strong data-start=\"721\" data-end=\"736\">m\u00e9tabolisme<\/strong>.<\/p>\n<p data-start=\"464\" data-end=\"737\"><strong>En offre avec votre commande d&rsquo;un Perfect Line Burner : 1 bo\u00eete Hair, Skin &amp; Nails vous sera remise gratuitement.<\/strong><\/p>\n<p>Utilisation recommand\u00e9e: 3 capsules par jour. Avertissement: les compl\u00e9ments alimentaires ne se substituent pas \u00e0 une alimentation vari\u00e9e et \u00e9quilibr\u00e9e. Ne pas d\u00e9passer le dosage recommand\u00e9e. Tenir hors de port\u00e9e des enfants.<\/p>","protected":false},"excerpt":{"rendered":"<p><strong data-start=\"168\" data-end=\"237\">Contr\u00f4lez votre poids. Restez concentr\u00e9. Ressentez la diff\u00e9rence.<\/strong><br data-start=\"237\" data-end=\"240\" \/>\ud83d\udc49 <strong data-start=\"243\" data-end=\"274\">1 Hair, Skin &amp; Nails OFFERT<\/strong> (valeur CHF 19.00) \u2013 pour une beaut\u00e9 et une vitalit\u00e9 totales !<\/p>","protected":false},"featured_media":23436,"template":"","meta":{"_acf_changed":false},"product_brand":[62,63],"product_cat":[53,46,58,57],"product_tag":[66,65,64],"class_list":{"0":"post-662","1":"product","2":"type-product","3":"status-publish","4":"has-post-thumbnail","6":"product_brand-american-premier-nutrition","7":"product_brand-california-fitness-products","8":"product_cat-controle-de-poids","9":"product_cat-energie-et-vitalite","10":"product_cat-mineraux","11":"product_cat-vitamines","12":"product_tag-complements","13":"product_tag-controle-silhouette","14":"product_tag-performance","16":"first","17":"instock","18":"taxable","19":"shipping-taxable","20":"purchasable","21":"product-type-simple"},"acf":[],"_links":{"self":[{"href":"https:\/\/californiafitnessproducts.com\/de\/wp-json\/wp\/v2\/product\/662","targetHints":{"allow":["GET"]}}],"collection":[{"href":"https:\/\/californiafitnessproducts.com\/de\/wp-json\/wp\/v2\/product"}],"about":[{"href":"https:\/\/californiafitnessproducts.com\/de\/wp-json\/wp\/v2\/types\/product"}],"version-history":[{"count":1,"href":"https:\/\/californiafitnessproducts.com\/de\/wp-json\/wp\/v2\/product\/662\/revisions"}],"predecessor-version":[{"id":23179,"href":"https:\/\/californiafitnessproducts.com\/de\/wp-json\/wp\/v2\/product\/662\/revisions\/23179"}],"wp:featuredmedia":[{"embeddable":true,"href":"https:\/\/californiafitnessproducts.com\/de\/wp-json\/wp\/v2\/media\/23436"}],"wp:attachment":[{"href":"https:\/\/californiafitnessproducts.com\/de\/wp-json\/wp\/v2\/media?parent=662"}],"wp:term":[{"taxonomy":"product_brand","embeddable":true,"href":"https:\/\/californiafitnessproducts.com\/de\/wp-json\/wp\/v2\/product_brand?post=662"},{"taxonomy":"product_cat","embeddable":true,"href":"https:\/\/californiafitnessproducts.com\/de\/wp-json\/wp\/v2\/product_cat?post=662"},{"taxonomy":"product_tag","embeddable":true,"href":"https:\/\/californiafitnessproducts.com\/de\/wp-json\/wp\/v2\/product_tag?post=662"}],"curies":[{"name":"wp","href":"https:\/\/api.w.org\/{rel}","templated":true}]}}