{"id":479,"date":"2024-12-17T10:40:21","date_gmt":"2024-12-17T10:40:21","guid":{"rendered":"https:\/\/americanpremiernutritions.com\/?post_type=product&#038;p=479"},"modified":"2026-02-18T15:26:02","modified_gmt":"2026-02-18T15:26:02","slug":"magnesium-375-mg-duo-pack","status":"publish","type":"product","link":"https:\/\/californiafitnessproducts.com\/de\/product\/magnesium-375-mg-duo-pack\/","title":{"rendered":"MAGNESIUM 375 MG &#8211; DUO PACK"},"content":{"rendered":"<p>Le <strong>MAGNESIUM<\/strong> est un min\u00e9ral contribuant au maintien d\u2019une <strong>fonction musculaire saine<\/strong>. Il intervient dans le\u00a0<strong>bon fonctionnement des muscles<\/strong>. Mais les bienfaits de ce nutriment ne s\u2019arr\u00eatent pas l\u00e0. Une prise r\u00e9guli\u00e8re de magn\u00e9sium permet de <strong>r\u00e9duire la fatigue<\/strong>\u00a0ou la\u00a0<strong>stress<\/strong>.<\/p>\n<p><strong>2 BO\u00ceTES DE 60 CAPSULES<\/strong><\/p>\n<p><em>Utilisation: 1 capsule par jour avec un peu d&rsquo;eau. <strong>Warnhinweis:\u00a0<\/strong>Nahrungserg\u00e4nzungsmittel sollten nicht als Ersatz f\u00fcr eine abwechslungsreiche und ausgewogene Ern\u00e4hrung und eine gesunde Lebensweise verwendet werden. Die empfohlene Tagesdosis nicht \u00fcberschreiten und au\u00dferhalb der Reichweite von Kindern aufbewahren.<\/em><\/p>","protected":false},"excerpt":{"rendered":"<p><strong data-start=\"64\" data-end=\"113\">Magn\u00e9sium : l\u2019essentiel pour votre \u00e9quilibre.<\/strong><br data-start=\"113\" data-end=\"116\" \/>Pr\u00e9sent avec le potassium, le sodium et le calcium parmi les min\u00e9raux les plus abondants du corps, le magn\u00e9sium est indispensable \u00e0 votre bien-\u00eatre. Comme l\u2019organisme ne peut ni le produire ni le stocker, un apport quotidien est crucial. Il soutient des centaines de r\u00e9actions m\u00e9taboliques et fonctions vitales pour garder votre corps en pleine forme.<\/p>","protected":false},"featured_media":23407,"template":"","meta":{"_acf_changed":false},"product_brand":[63],"product_cat":[56,46,58,55,57],"product_tag":[66,64],"class_list":{"0":"post-479","1":"product","2":"type-product","3":"status-publish","4":"has-post-thumbnail","6":"product_brand-california-fitness-products","7":"product_cat-bien-etre","8":"product_cat-energie-et-vitalite","9":"product_cat-mineraux","10":"product_cat-nouveaute","11":"product_cat-vitamines","12":"product_tag-complements","13":"product_tag-performance","15":"first","16":"instock","17":"sale","18":"taxable","19":"shipping-taxable","20":"purchasable","21":"product-type-simple"},"acf":[],"_links":{"self":[{"href":"https:\/\/californiafitnessproducts.com\/de\/wp-json\/wp\/v2\/product\/479","targetHints":{"allow":["GET"]}}],"collection":[{"href":"https:\/\/californiafitnessproducts.com\/de\/wp-json\/wp\/v2\/product"}],"about":[{"href":"https:\/\/californiafitnessproducts.com\/de\/wp-json\/wp\/v2\/types\/product"}],"version-history":[{"count":2,"href":"https:\/\/californiafitnessproducts.com\/de\/wp-json\/wp\/v2\/product\/479\/revisions"}],"predecessor-version":[{"id":35573,"href":"https:\/\/californiafitnessproducts.com\/de\/wp-json\/wp\/v2\/product\/479\/revisions\/35573"}],"wp:featuredmedia":[{"embeddable":true,"href":"https:\/\/californiafitnessproducts.com\/de\/wp-json\/wp\/v2\/media\/23407"}],"wp:attachment":[{"href":"https:\/\/californiafitnessproducts.com\/de\/wp-json\/wp\/v2\/media?parent=479"}],"wp:term":[{"taxonomy":"product_brand","embeddable":true,"href":"https:\/\/californiafitnessproducts.com\/de\/wp-json\/wp\/v2\/product_brand?post=479"},{"taxonomy":"product_cat","embeddable":true,"href":"https:\/\/californiafitnessproducts.com\/de\/wp-json\/wp\/v2\/product_cat?post=479"},{"taxonomy":"product_tag","embeddable":true,"href":"https:\/\/californiafitnessproducts.com\/de\/wp-json\/wp\/v2\/product_tag?post=479"}],"curies":[{"name":"wp","href":"https:\/\/api.w.org\/{rel}","templated":true}]}}