{"id":427,"date":"2024-12-17T10:32:01","date_gmt":"2024-12-17T10:32:01","guid":{"rendered":"https:\/\/americanpremiernutritions.com\/?post_type=product&#038;p=427"},"modified":"2026-03-18T10:26:48","modified_gmt":"2026-03-18T10:26:48","slug":"creatine-monohydrate-dymatize-creapure-500g","status":"publish","type":"product","link":"https:\/\/californiafitnessproducts.com\/de\/product\/creatine-monohydrate-dymatize-creapure-500g\/","title":{"rendered":"CREATINE MONOHYDRATE PURE\u00ae 500g"},"content":{"rendered":"<div id=\"short_description_block\">\n<div id=\"short_description_content\" class=\"rte align_justify\">\n<h2 data-start=\"118\" data-end=\"171\"><strong data-start=\"124\" data-end=\"169\">Creatine Monohydrate Micronis\u00e9e 250g<\/strong><\/h2>\n<h3 data-start=\"172\" data-end=\"246\">La cr\u00e9atine de r\u00e9f\u00e9rence mondiale \u2013 puret\u00e9 et performance garanties.<\/h3>\n<h3 data-start=\"455\" data-end=\"492\">\u2705 <strong data-start=\"461\" data-end=\"490\">Les atouts :<\/strong><\/h3>\n<ul data-start=\"493\" data-end=\"803\">\n<li data-start=\"493\" data-end=\"570\">\n<p data-start=\"495\" data-end=\"570\">\ud83d\udd39 <strong data-start=\"498\" data-end=\"524\">Particules ultra-fines<\/strong> \u2192 assimilation optimale et digestion facile<\/p>\n<\/li>\n<li data-start=\"571\" data-end=\"623\">\n<p data-start=\"573\" data-end=\"623\">\ud83d\udd39 <strong data-start=\"576\" data-end=\"621\">Boost de force et de puissance musculaire<\/strong><\/p>\n<\/li>\n<li data-start=\"624\" data-end=\"685\">\n<p data-start=\"626\" data-end=\"685\">\ud83d\udd39 <strong data-start=\"629\" data-end=\"683\">Favorise des gains musculaires rapides et visibles<\/strong><\/p>\n<\/li>\n<li data-start=\"686\" data-end=\"743\">\n<p data-start=\"688\" data-end=\"743\">\ud83d\udd39 <strong data-start=\"691\" data-end=\"719\">Am\u00e9liore la r\u00e9cup\u00e9ration<\/strong> et retarde la fatigue<\/p>\n<\/li>\n<li data-start=\"744\" data-end=\"803\">\n<p data-start=\"746\" data-end=\"803\">\ud83d\udd39 <strong data-start=\"749\" data-end=\"768\">Puret\u00e9 garantie<\/strong> \u2013 z\u00e9ro impuret\u00e9s, z\u00e9ro compromis<\/p>\n<\/li>\n<\/ul>\n<p data-start=\"805\" data-end=\"896\">\ud83d\udcaa <strong data-start=\"808\" data-end=\"822\">R\u00e9sultat :<\/strong> plus de puissance, plus de volume, plus de performance \u00e0 chaque s\u00e9ance.<\/p>\n<p>Utilisation: Phase de charge 7 jours: verser 1 cuill\u00e8re \u00e0 caf\u00e9 de cr\u00e9atine monohydrate dans 3-5dl d\u2019eau, de jus de raisin ou de jus de fruits non acide et consommer 4 fois dans la journ\u00e9e, l\u2019estomac vide. Doses de maintien (phase de maintenance), 8 \u00e0 12 semaines: une cuill\u00e8re \u00e0 caf\u00e9 de cr\u00e9atine monohydrate par jour avec du jus de raisin.<\/p>\n<\/div>\n<\/div>\n<p><strong>Ingr\u00e9dients :<\/strong> cr\u00e9atine monohydrate<\/p>\n<p><strong>Pr\u00e9cautions d\u2019emploi:<\/strong>\u00a0Kreatin wird bei dauerhafter Anwendung, f\u00fcr Kinder und Jugendliche sowie f\u00fcr Personen mit Niereninsuffizienz nicht empfohlen. Eine regelm\u00e4\u00dfige Einnahme kann zu einer Gewichtszunahme f\u00fchren. Die empfohlene Tagesdosis darf nicht \u00fcberschritten werden. Produkt nur f\u00fcr Erwachsene, die intensive k\u00f6rperliche \u00dcbungen durchf\u00fchren. Au\u00dferhalb der Reichweite von Kindern aufbewahren. Dieses Produkt ist kein Ersatz f\u00fcr eine abwechslungsreiche Ern\u00e4hrung und einen gesunden Lebensstil. Nicht f\u00fcr schwangere oder stillende Frauen empfohlen.<\/p>\n<p><strong>Bo\u00eete de 250g<\/strong><\/p>","protected":false},"excerpt":{"rendered":"<p>La <strong data-start=\"3\" data-end=\"38\">Cr\u00e9atine Monohydrate Micronis\u00e9e<\/strong> am\u00e9liore la force, la puissance et la r\u00e9cup\u00e9ration musculaire.<br data-start=\"121\" data-end=\"124\" \/>Pure, non aromatis\u00e9e et facilement assimilable, elle est id\u00e9ale pour optimiser vos performances et favoriser la croissance musculaire maigre.<\/p>","protected":false},"featured_media":23363,"template":"","meta":{"_acf_changed":false},"product_brand":[73],"product_cat":[46,72],"product_tag":[66],"class_list":{"0":"post-427","1":"product","2":"type-product","3":"status-publish","4":"has-post-thumbnail","6":"product_brand-applied-nutrition","7":"product_cat-energie-et-vitalite","8":"product_cat-masse-musculaire","9":"product_tag-complements","11":"first","12":"instock","13":"taxable","14":"shipping-taxable","15":"purchasable","16":"product-type-simple"},"acf":[],"_links":{"self":[{"href":"https:\/\/californiafitnessproducts.com\/de\/wp-json\/wp\/v2\/product\/427","targetHints":{"allow":["GET"]}}],"collection":[{"href":"https:\/\/californiafitnessproducts.com\/de\/wp-json\/wp\/v2\/product"}],"about":[{"href":"https:\/\/californiafitnessproducts.com\/de\/wp-json\/wp\/v2\/types\/product"}],"version-history":[{"count":3,"href":"https:\/\/californiafitnessproducts.com\/de\/wp-json\/wp\/v2\/product\/427\/revisions"}],"predecessor-version":[{"id":37975,"href":"https:\/\/californiafitnessproducts.com\/de\/wp-json\/wp\/v2\/product\/427\/revisions\/37975"}],"wp:featuredmedia":[{"embeddable":true,"href":"https:\/\/californiafitnessproducts.com\/de\/wp-json\/wp\/v2\/media\/23363"}],"wp:attachment":[{"href":"https:\/\/californiafitnessproducts.com\/de\/wp-json\/wp\/v2\/media?parent=427"}],"wp:term":[{"taxonomy":"product_brand","embeddable":true,"href":"https:\/\/californiafitnessproducts.com\/de\/wp-json\/wp\/v2\/product_brand?post=427"},{"taxonomy":"product_cat","embeddable":true,"href":"https:\/\/californiafitnessproducts.com\/de\/wp-json\/wp\/v2\/product_cat?post=427"},{"taxonomy":"product_tag","embeddable":true,"href":"https:\/\/californiafitnessproducts.com\/de\/wp-json\/wp\/v2\/product_tag?post=427"}],"curies":[{"name":"wp","href":"https:\/\/api.w.org\/{rel}","templated":true}]}}