{"id":426,"date":"2024-12-17T10:32:01","date_gmt":"2024-12-17T10:32:01","guid":{"rendered":"https:\/\/americanpremiernutritions.com\/?post_type=product&#038;p=426"},"modified":"2025-11-26T11:22:52","modified_gmt":"2025-11-26T11:22:52","slug":"bcaa-3000-mg","status":"publish","type":"product","link":"https:\/\/californiafitnessproducts.com\/de\/product\/bcaa-3000-mg\/","title":{"rendered":"BCAA 3000 MG"},"content":{"rendered":"<h3 data-start=\"110\" data-end=\"159\"><strong data-start=\"117\" data-end=\"157\">BCAA \u2013 L\u2019Essentiel de la Performance<\/strong><\/h3>\n<p data-start=\"160\" data-end=\"227\"><strong data-start=\"160\" data-end=\"225\">Acc\u00e9l\u00e9rez votre croissance musculaire et prot\u00e9gez vos gains !<\/strong><\/p>\n<p data-start=\"229\" data-end=\"464\">Les <strong data-start=\"233\" data-end=\"241\">BCAA<\/strong> (acides amin\u00e9s \u00e0 cha\u00eene ramifi\u00e9e) sont vos alli\u00e9s avant, pendant et apr\u00e8s l\u2019entra\u00eenement.<br data-start=\"331\" data-end=\"334\" \/>\u2705 <strong data-start=\"336\" data-end=\"372\">Stimulation de la prise de masse<\/strong><br data-start=\"372\" data-end=\"375\" \/>\u2705 <strong data-start=\"377\" data-end=\"406\">Pr\u00e9vention du catabolisme<\/strong> (prot\u00e9gez vos muscles)<br data-start=\"429\" data-end=\"432\" \/>\u2705 <strong data-start=\"434\" data-end=\"462\">R\u00e9cup\u00e9ration plus rapide<\/strong><\/p>\n<p data-start=\"466\" data-end=\"623\">\ud83d\udcaa <strong data-start=\"469\" data-end=\"483\">Pour qui ?<\/strong><br data-start=\"483\" data-end=\"486\" \/>Id\u00e9al pour les athl\u00e8tes, bodybuilders et amateurs de fitness qui veulent optimiser leur progression et pr\u00e9server leur masse musculaire.<\/p>\n<p data-start=\"625\" data-end=\"734\">\ud83d\ude80 <strong data-start=\"628\" data-end=\"653\">Conseil d\u2019utilisation<\/strong> : Prenez vos BCAA avant et apr\u00e8s l\u2019entra\u00eenement pour des r\u00e9sultats maximis\u00e9s !<\/p>\n<p><em>L\u2019apport journalier recommand\u00e9 indiqu\u00e9 ne doit pas \u00eatre d\u00e9pass\u00e9. Les compl\u00e9ments alimentaires ne <\/em><em>remplacent pas une alimentation vari\u00e9e et \u00e9quilibr\u00e9e et un mode de vie sain. Tenir hors de port\u00e9e des enfants. Stocker dans un endroit frais, sec et \u00e0 l\u2019abri de la lumi\u00e8re.<\/em><\/p>\n<p>BOITE 120 TABLETTES<\/p>\n<p><img fetchpriority=\"high\" decoding=\"async\" class=\"wp-image-23172\" src=\"https:\/\/californiafitnessproducts.com\/wp-content\/uploads\/2024\/12\/BCAA-1000MG-120S-10642-VLI432-120-JC.jpg\" alt=\"\" width=\"581\" height=\"300\" srcset=\"https:\/\/californiafitnessproducts.com\/wp-content\/uploads\/2024\/12\/BCAA-1000MG-120S-10642-VLI432-120-JC.jpg 2477w, https:\/\/californiafitnessproducts.com\/wp-content\/uploads\/2024\/12\/BCAA-1000MG-120S-10642-VLI432-120-JC-650x336.jpg 650w, https:\/\/californiafitnessproducts.com\/wp-content\/uploads\/2024\/12\/BCAA-1000MG-120S-10642-VLI432-120-JC-300x155.jpg 300w, https:\/\/californiafitnessproducts.com\/wp-content\/uploads\/2024\/12\/BCAA-1000MG-120S-10642-VLI432-120-JC-1024x529.jpg 1024w, https:\/\/californiafitnessproducts.com\/wp-content\/uploads\/2024\/12\/BCAA-1000MG-120S-10642-VLI432-120-JC-768x397.jpg 768w, https:\/\/californiafitnessproducts.com\/wp-content\/uploads\/2024\/12\/BCAA-1000MG-120S-10642-VLI432-120-JC-1536x793.jpg 1536w, https:\/\/californiafitnessproducts.com\/wp-content\/uploads\/2024\/12\/BCAA-1000MG-120S-10642-VLI432-120-JC-2048x1057.jpg 2048w, https:\/\/californiafitnessproducts.com\/wp-content\/uploads\/2024\/12\/BCAA-1000MG-120S-10642-VLI432-120-JC-18x9.jpg 18w\" sizes=\"(max-width: 581px) 100vw, 581px\" \/><\/p>","protected":false},"excerpt":{"rendered":"<p><strong data-start=\"31\" data-end=\"70\">BCAA \u2013 L\u2019indispensable du sportif :<\/strong><br data-start=\"70\" data-end=\"73\" \/>\ud83d\udcaa <strong data-start=\"76\" data-end=\"112\" data-is-only-node=\"\">Plus de muscle, moins de casse !<\/strong><br data-start=\"112\" data-end=\"115\" \/>Pris avant et apr\u00e8s l\u2019entra\u00eenement, les BCAA stimulent la prise de masse et prot\u00e8gent vos fibres musculaires du catabolisme.<\/p>","protected":false},"featured_media":438,"template":"","meta":{"_acf_changed":false},"product_brand":[63],"product_cat":[52,46],"product_tag":[66,64],"class_list":{"0":"post-426","1":"product","2":"type-product","3":"status-publish","4":"has-post-thumbnail","6":"product_brand-california-fitness-products","7":"product_cat-acides-amines","8":"product_cat-energie-et-vitalite","9":"product_tag-complements","10":"product_tag-performance","12":"first","13":"instock","14":"sale","15":"taxable","16":"shipping-taxable","17":"purchasable","18":"product-type-simple"},"acf":[],"_links":{"self":[{"href":"https:\/\/californiafitnessproducts.com\/de\/wp-json\/wp\/v2\/product\/426","targetHints":{"allow":["GET"]}}],"collection":[{"href":"https:\/\/californiafitnessproducts.com\/de\/wp-json\/wp\/v2\/product"}],"about":[{"href":"https:\/\/californiafitnessproducts.com\/de\/wp-json\/wp\/v2\/types\/product"}],"version-history":[{"count":2,"href":"https:\/\/californiafitnessproducts.com\/de\/wp-json\/wp\/v2\/product\/426\/revisions"}],"predecessor-version":[{"id":23325,"href":"https:\/\/californiafitnessproducts.com\/de\/wp-json\/wp\/v2\/product\/426\/revisions\/23325"}],"wp:featuredmedia":[{"embeddable":true,"href":"https:\/\/californiafitnessproducts.com\/de\/wp-json\/wp\/v2\/media\/438"}],"wp:attachment":[{"href":"https:\/\/californiafitnessproducts.com\/de\/wp-json\/wp\/v2\/media?parent=426"}],"wp:term":[{"taxonomy":"product_brand","embeddable":true,"href":"https:\/\/californiafitnessproducts.com\/de\/wp-json\/wp\/v2\/product_brand?post=426"},{"taxonomy":"product_cat","embeddable":true,"href":"https:\/\/californiafitnessproducts.com\/de\/wp-json\/wp\/v2\/product_cat?post=426"},{"taxonomy":"product_tag","embeddable":true,"href":"https:\/\/californiafitnessproducts.com\/de\/wp-json\/wp\/v2\/product_tag?post=426"}],"curies":[{"name":"wp","href":"https:\/\/api.w.org\/{rel}","templated":true}]}}