{"id":384,"date":"2024-12-17T10:31:51","date_gmt":"2024-12-17T10:31:51","guid":{"rendered":"https:\/\/americanpremiernutritions.com\/?post_type=product&#038;p=384"},"modified":"2025-04-01T11:06:23","modified_gmt":"2025-04-01T11:06:23","slug":"collagen-lifting-drink","status":"publish","type":"product","link":"https:\/\/californiafitnessproducts.com\/de\/product\/collagen-lifting-drink\/","title":{"rendered":"COLLAGEN LIFTING DRINK"},"content":{"rendered":"<h5>BESCHREIBUNG<\/h5>\n<p>Compl\u00e9ment alimentaire avec hydrolysat de collag\u00e8ne, vitamines, extrait de p\u00e9pins de raisin, gel\u00e9e royale, coenzyme Q10 et zinc.<\/p>\n<p>Notre boisson revitalisante au collag\u00e8ne est une boisson prot\u00e9in\u00e9e en poudre, particuli\u00e8rement int\u00e9ressante pour les femmes en raison de sa composition unique en prot\u00e9ines de collag\u00e8ne avec extrait de p\u00e9pins de raisin, gel\u00e9e royale, coenzyme Q10, zinc et d&rsquo;importantes vitamines.<\/p>\n<p>Par l&rsquo;apport de l&rsquo;int\u00e9rieur, les pr\u00e9cieux nutriments arrivent directement dans les cellules par la circulation sanguine, qui sont responsables du renouvellement de la peau et des appendices cutan\u00e9s (cheveux, ongles) et peuvent les stimuler et les construire de l&rsquo;int\u00e9rieur vers l&rsquo;ext\u00e9rieur.\u00a0D\u00e9licieux \u00e0 boire, c&rsquo;est un compl\u00e9ment fantastique pour lutter contre les effets du temps sur le corps et plus particuli\u00e8rement sur l&rsquo;\u00e9piderme, les cheveux, les ongles et les articulations.<\/p>\n<p><strong>BOITE DE 500G \/ GO\u00dbT CASSIS<\/strong><\/p>\n<hr \/>\n<h5>ERN\u00c4HRUNGSINFOS<\/h5>\n<div id=\"cc-m-4968316062\" class=\"j-module n j-text\">\n<p><strong>Ingr\u00e9dients:\u00a0<\/strong>Hydrolysat de collag\u00e8ne (62,0 g), fructose, poudre de fruit de Cassis, ar\u00f4me, acidifiant: acide citrique, poudre de jus de betterave rouge, m\u00e9lange de vitamines (acide ascorbique, Vit. E-Acetate,\u00a0<span class=\"b2\">acide<\/span><span class=\"b3\">\u00a0nicotinique<\/span>, Calcium-D-Pantothenate, Vit. B6-Hydrochloride, Vit. B2, Vit.-B1-Nitrate, acide folique, Vit, B12), Gel\u00e9e Royale (260 mg), gluconate de zinc (223 mg), extrait de p\u00e9pins de raisin (200 mg), Co enzyme Q10 (60 mg).<\/p>\n<p><strong>Analysedaten\/valeurs nutritionnelles:<\/strong><\/p>\n<\/div>\n<div id=\"cc-m-4973327462\" class=\"j-module n j-table\">\n<table border=\"0\">\n<tbody>\n<tr>\n<td>(Mittelwerte\/analyse moyenne)<\/p>\n<p>&nbsp;<\/td>\n<td>pro Tag = 25 g<\/td>\n<td><\/td>\n<td>RDA*<\/p>\n<p>&nbsp;<\/td>\n<\/tr>\n<tr>\n<td>physiologischer Brennwert<\/p>\n<p>valeur \u00e9nerg\u00e9tique<\/td>\n<td colspan=\"3\">403 kJ\/ 95 kcal<\/td>\n<\/tr>\n<tr>\n<td>Eiwei\u00df\/prot\u00e9ine<\/td>\n<td>15 g<\/td>\n<td><\/td>\n<td><\/td>\n<\/tr>\n<tr>\n<td>Kohlenhydrate\/glucides<\/td>\n<td>8,5 g<\/td>\n<td><\/td>\n<td><\/td>\n<\/tr>\n<tr>\n<td>Fett\/lipides<\/td>\n<td>&lt;0,1 g<\/td>\n<td><\/td>\n<td><\/td>\n<\/tr>\n<tr>\n<td valign=\"bottom\" width=\"166\"><strong>Vitamine und Mineralstoffe<\/strong><\/p>\n<p><strong>Vitamines &amp; Min\u00e9raux:<\/strong><\/td>\n<td valign=\"bottom\" width=\"22\"><\/td>\n<td valign=\"bottom\" width=\"45\"><\/td>\n<td valign=\"bottom\" width=\"45\"><\/td>\n<\/tr>\n<tr>\n<td valign=\"bottom\" width=\"166\">Traubenkernextrakt\/extrait de<\/p>\n<p>p\u00e9pins de raisin<\/td>\n<td valign=\"top\" width=\"22\">50,00\u00a0mg<\/td>\n<td valign=\"bottom\" width=\"45\"><\/td>\n<td valign=\"bottom\" width=\"45\"><\/td>\n<\/tr>\n<tr>\n<td valign=\"bottom\" width=\"166\">Gelee Royal\/gel\u00e9e royale<\/td>\n<td valign=\"top\" width=\"22\">65,00\u00a0mg<\/td>\n<td valign=\"bottom\" width=\"45\"><\/td>\n<td valign=\"bottom\" width=\"45\"><\/td>\n<\/tr>\n<tr>\n<td valign=\"bottom\" width=\"166\">Coenzym Q10\/CoEnzyme Q10<\/td>\n<td valign=\"top\" width=\"22\">15,00\u00a0mg<\/td>\n<td valign=\"bottom\" width=\"45\"><\/td>\n<td valign=\"bottom\" width=\"45\"><\/td>\n<\/tr>\n<tr>\n<td valign=\"bottom\" width=\"166\">Zink\/zinc<\/td>\n<td valign=\"top\" width=\"22\">7,53\u00a0mg<\/td>\n<td valign=\"bottom\" width=\"45\"><\/td>\n<td valign=\"bottom\" width=\"45\">75%<\/td>\n<\/tr>\n<tr>\n<td valign=\"bottom\" width=\"166\"><\/td>\n<td valign=\"bottom\" width=\"22\"><\/td>\n<td valign=\"bottom\" width=\"45\"><\/td>\n<td valign=\"bottom\" width=\"45\"><\/td>\n<\/tr>\n<tr>\n<td valign=\"bottom\" width=\"166\"><strong>Vitamine\/vitamines:<\/strong><\/td>\n<td valign=\"bottom\" width=\"22\">\u00a0<strong>\u00a0<\/strong><\/td>\n<td valign=\"bottom\" width=\"45\"><\/td>\n<td valign=\"bottom\" width=\"45\">\u00a0<strong>\u00a0<\/strong><\/td>\n<\/tr>\n<tr>\n<td valign=\"bottom\" width=\"166\">Vit. C<\/td>\n<td valign=\"bottom\" width=\"22\">49,50\u00a0mg<\/td>\n<td valign=\"bottom\" width=\"45\"><\/td>\n<td valign=\"bottom\" width=\"45\">62%<\/td>\n<\/tr>\n<tr>\n<td valign=\"bottom\" width=\"166\">Vit E<\/td>\n<td valign=\"bottom\" width=\"22\">9,50\u00a0mg<\/td>\n<td valign=\"bottom\" width=\"45\"><\/td>\n<td valign=\"bottom\" width=\"45\">79%<\/td>\n<\/tr>\n<tr>\n<td valign=\"bottom\" width=\"166\">Niacin<\/td>\n<td valign=\"bottom\" width=\"22\">8,63\u00a0mg<\/td>\n<td valign=\"bottom\" width=\"45\"><\/td>\n<td valign=\"bottom\" width=\"45\">54%<\/td>\n<\/tr>\n<tr>\n<td valign=\"bottom\" width=\"166\">Pantothens\u00e4ure<\/td>\n<td valign=\"bottom\" width=\"22\">3,76\u00a0mg<\/td>\n<td valign=\"bottom\" width=\"45\"><\/td>\n<td valign=\"bottom\" width=\"45\">63%<\/td>\n<\/tr>\n<tr>\n<td valign=\"bottom\" width=\"166\">Vit B2<\/td>\n<td valign=\"bottom\" width=\"22\">1,22\u00a0mg<\/td>\n<td valign=\"bottom\" width=\"45\"><\/td>\n<td valign=\"bottom\" width=\"45\">87%<\/td>\n<\/tr>\n<tr>\n<td valign=\"bottom\" width=\"166\">Vit B6<\/td>\n<td valign=\"bottom\" width=\"22\">1,07\u00a0mg<\/td>\n<td valign=\"bottom\" width=\"45\"><\/td>\n<td valign=\"bottom\" width=\"45\">76%<\/td>\n<\/tr>\n<tr>\n<td valign=\"bottom\" width=\"166\">Vit B1<\/td>\n<td valign=\"bottom\" width=\"22\">0,77\u00a0mg<\/td>\n<td valign=\"bottom\" width=\"45\"><\/td>\n<td valign=\"bottom\" width=\"45\">70%<\/td>\n<\/tr>\n<tr>\n<td valign=\"bottom\" width=\"166\">Fols\u00e4ure\/acide folique<\/td>\n<td valign=\"bottom\" width=\"22\">0,32\u00a0mg<\/td>\n<td valign=\"bottom\" width=\"45\"><\/td>\n<td valign=\"bottom\" width=\"45\">160%<\/td>\n<\/tr>\n<tr>\n<td valign=\"bottom\" width=\"166\">Vit.B12<\/td>\n<td valign=\"bottom\" width=\"22\">2,00\u00a0mg<\/td>\n<td valign=\"bottom\" width=\"45\"><\/td>\n<td valign=\"bottom\" width=\"45\">80%<\/td>\n<\/tr>\n<\/tbody>\n<\/table>\n<p>* empfohlene Tagesdosis\/Dose journali\u00e8re recommand\u00e9e<\/p>\n<\/div>","protected":false},"excerpt":{"rendered":"<div id=\"short_description_block\">\n<div id=\"short_description_content\" class=\"rte align_justify\">\n<p><strong>Votre suppl\u00e9ment beaut\u00e9 et anti-\u00e2ge! Avec:<\/strong><\/p>\n<ul>\n<li>Hydrolysat de collag\u00e8ne<\/li>\n<li>Vitamines<\/li>\n<li>Extraits de p\u00e9pins de raisin<\/li>\n<li>Gel\u00e9e Royale<\/li>\n<li>Coenzyme Q10<\/li>\n<li>Zink<\/li>\n<\/ul>\n<p>&nbsp;<\/p>\n<\/div>\n<\/div>","protected":false},"featured_media":410,"template":"","meta":{"_acf_changed":false},"product_brand":[],"product_cat":[56,46,54,57],"product_tag":[66,64],"class_list":{"0":"post-384","1":"product","2":"type-product","3":"status-publish","4":"has-post-thumbnail","6":"product_cat-bien-etre","7":"product_cat-energie-et-vitalite","8":"product_cat-vitalite-masculine","9":"product_cat-vitamines","10":"product_tag-complements","11":"product_tag-performance","13":"first","14":"instock","15":"taxable","16":"shipping-taxable","17":"purchasable","18":"product-type-simple"},"acf":[],"_links":{"self":[{"href":"https:\/\/californiafitnessproducts.com\/de\/wp-json\/wp\/v2\/product\/384","targetHints":{"allow":["GET"]}}],"collection":[{"href":"https:\/\/californiafitnessproducts.com\/de\/wp-json\/wp\/v2\/product"}],"about":[{"href":"https:\/\/californiafitnessproducts.com\/de\/wp-json\/wp\/v2\/types\/product"}],"version-history":[{"count":0,"href":"https:\/\/californiafitnessproducts.com\/de\/wp-json\/wp\/v2\/product\/384\/revisions"}],"wp:featuredmedia":[{"embeddable":true,"href":"https:\/\/californiafitnessproducts.com\/de\/wp-json\/wp\/v2\/media\/410"}],"wp:attachment":[{"href":"https:\/\/californiafitnessproducts.com\/de\/wp-json\/wp\/v2\/media?parent=384"}],"wp:term":[{"taxonomy":"product_brand","embeddable":true,"href":"https:\/\/californiafitnessproducts.com\/de\/wp-json\/wp\/v2\/product_brand?post=384"},{"taxonomy":"product_cat","embeddable":true,"href":"https:\/\/californiafitnessproducts.com\/de\/wp-json\/wp\/v2\/product_cat?post=384"},{"taxonomy":"product_tag","embeddable":true,"href":"https:\/\/californiafitnessproducts.com\/de\/wp-json\/wp\/v2\/product_tag?post=384"}],"curies":[{"name":"wp","href":"https:\/\/api.w.org\/{rel}","templated":true}]}}