{"id":320,"date":"2024-12-17T10:31:36","date_gmt":"2024-12-17T10:31:36","guid":{"rendered":"https:\/\/americanpremiernutritions.com\/?post_type=product&#038;p=320"},"modified":"2024-12-17T10:31:49","modified_gmt":"2024-12-17T10:31:49","slug":"bon-cadeau","status":"publish","type":"product","link":"https:\/\/californiafitnessproducts.com\/de\/product\/bon-cadeau\/","title":{"rendered":"BON CADEAU"},"content":{"rendered":"<p>Un Bon Cadeau est un excellent choix de pr\u00e9sent !<\/p>\n<p>Vous serez s\u00fbr(e) de faire plaisir \u00e0 ceux que vous aimez.<\/p>\n<p>Choisissez le montant qui vous convient dans les options. Pas de remboursement.<\/p>","protected":false},"excerpt":{"rendered":"<p>Le bon peut \u00eatre \u00e9chang\u00e9 online ou dans l&rsquo;un des shops suivants:<\/p>\n<address>\u00a0<\/address>\n<address>CALIFORNIA FITNESS\u00a0 PRODUCTS &#8211; SHOP<\/address>\n<address>Route Cantonale 9 &#8211; 1964 CONTHEY<\/address>\n<address>\u00a0<\/address>\n<address>CALIFORNIA FITNESS SHOP\u00a0<\/address>\n<address>AVENUE DE FRONTENEX 14 &#8211; 1207 GENEVE<\/address>\n<address>Pas de remboursement.<\/address>","protected":false},"featured_media":358,"template":"","meta":{"_acf_changed":false},"product_brand":[],"product_cat":[50],"product_tag":[],"class_list":{"0":"post-320","1":"product","2":"type-product","3":"status-publish","4":"has-post-thumbnail","6":"product_cat-bon-cadeau","8":"first","9":"instock","10":"taxable","11":"shipping-taxable","12":"purchasable","13":"product-type-variable","14":"has-default-attributes"},"acf":[],"_links":{"self":[{"href":"https:\/\/californiafitnessproducts.com\/de\/wp-json\/wp\/v2\/product\/320","targetHints":{"allow":["GET"]}}],"collection":[{"href":"https:\/\/californiafitnessproducts.com\/de\/wp-json\/wp\/v2\/product"}],"about":[{"href":"https:\/\/californiafitnessproducts.com\/de\/wp-json\/wp\/v2\/types\/product"}],"version-history":[{"count":0,"href":"https:\/\/californiafitnessproducts.com\/de\/wp-json\/wp\/v2\/product\/320\/revisions"}],"wp:featuredmedia":[{"embeddable":true,"href":"https:\/\/californiafitnessproducts.com\/de\/wp-json\/wp\/v2\/media\/358"}],"wp:attachment":[{"href":"https:\/\/californiafitnessproducts.com\/de\/wp-json\/wp\/v2\/media?parent=320"}],"wp:term":[{"taxonomy":"product_brand","embeddable":true,"href":"https:\/\/californiafitnessproducts.com\/de\/wp-json\/wp\/v2\/product_brand?post=320"},{"taxonomy":"product_cat","embeddable":true,"href":"https:\/\/californiafitnessproducts.com\/de\/wp-json\/wp\/v2\/product_cat?post=320"},{"taxonomy":"product_tag","embeddable":true,"href":"https:\/\/californiafitnessproducts.com\/de\/wp-json\/wp\/v2\/product_tag?post=320"}],"curies":[{"name":"wp","href":"https:\/\/api.w.org\/{rel}","templated":true}]}}