{"id":317,"date":"2024-12-17T10:31:36","date_gmt":"2024-12-17T10:31:36","guid":{"rendered":"https:\/\/americanpremiernutritions.com\/?post_type=product&#038;p=317"},"modified":"2026-01-20T11:07:19","modified_gmt":"2026-01-20T11:07:19","slug":"whey-protein-100","status":"publish","type":"product","link":"https:\/\/californiafitnessproducts.com\/de\/product\/whey-protein-100\/","title":{"rendered":"WHEY PROTEIN 100%"},"content":{"rendered":"<h2 data-start=\"194\" data-end=\"262\"><strong data-start=\"200\" data-end=\"262\">Prot\u00e9ine de lactos\u00e9rum pure et performante<\/strong><\/h2>\n<p data-start=\"264\" data-end=\"424\"><strong data-start=\"264\" data-end=\"281\">100% WHEY PRO<\/strong> est la <strong data-start=\"289\" data-end=\"347\">source id\u00e9ale de prot\u00e9ines rapides et de haute qualit\u00e9<\/strong> pour soutenir la croissance, la r\u00e9cup\u00e9ration et la performance musculaire.<\/p>\n<p data-start=\"426\" data-end=\"774\">Formul\u00e9e \u00e0 partir d\u2019un <strong data-start=\"449\" data-end=\"506\">m\u00e9lange exclusif de lactalbumine concentr\u00e9e et isol\u00e9e<\/strong>, cette prot\u00e9ine de petit-lait \u00e0 <strong data-start=\"539\" data-end=\"567\">valeur biologique \u00e9lev\u00e9e<\/strong> offre un profil complet d\u2019acides amin\u00e9s essentiels.<br data-start=\"619\" data-end=\"622\" \/>American Premier Nutrition utilise uniquement des <strong data-start=\"672\" data-end=\"723\">mati\u00e8res premi\u00e8res europ\u00e9ennes de haute qualit\u00e9<\/strong> pour garantir puret\u00e9, digestibilit\u00e9 et efficacit\u00e9.<\/p>\n<hr data-start=\"776\" data-end=\"779\" \/>\n<h3 data-start=\"781\" data-end=\"825\">\ud83e\uddec <strong data-start=\"788\" data-end=\"825\">Composition de qualit\u00e9 sup\u00e9rieure<\/strong><\/h3>\n<p data-start=\"826\" data-end=\"890\"><strong data-start=\"826\" data-end=\"843\">100% WHEY PRO<\/strong> se distingue par une richesse naturelle en :<\/p>\n<ul data-start=\"891\" data-end=\"1092\">\n<li data-start=\"891\" data-end=\"944\">\n<p data-start=\"893\" data-end=\"944\"><strong data-start=\"893\" data-end=\"915\">Alpha-lactalbumine<\/strong> et <strong data-start=\"919\" data-end=\"942\">B\u00eata-lactoglobuline<\/strong><\/p>\n<\/li>\n<li data-start=\"945\" data-end=\"1092\">\n<p data-start=\"947\" data-end=\"1092\"><strong data-start=\"947\" data-end=\"969\">Glycomacropeptides<\/strong> et <strong data-start=\"973\" data-end=\"993\">Immunoglobulines<\/strong><br data-start=\"993\" data-end=\"996\" \/>\ud83d\udc49 Pour une <strong data-start=\"1008\" data-end=\"1031\">assimilation rapide<\/strong> et un <strong data-start=\"1038\" data-end=\"1057\">soutien optimal<\/strong> de la reconstruction musculaire.<\/p>\n<\/li>\n<\/ul>\n<hr data-start=\"1094\" data-end=\"1097\" \/>\n<h3 data-start=\"1099\" data-end=\"1122\">\u26a1 <strong data-start=\"1105\" data-end=\"1122\">Mode d\u2019emploi<\/strong><\/h3>\n<p data-start=\"1123\" data-end=\"1294\">M\u00e9langez <strong data-start=\"1132\" data-end=\"1145\">2 mesures<\/strong> de 100% WHEY PRO dans <strong data-start=\"1168\" data-end=\"1199\">200\u2013300 ml d\u2019eau ou de lait<\/strong>,<br data-start=\"1200\" data-end=\"1203\" \/><strong data-start=\"1203\" data-end=\"1226\">2 \u00e0 3 fois par jour<\/strong>, de pr\u00e9f\u00e9rence <strong data-start=\"1242\" data-end=\"1263\">au petit-d\u00e9jeuner<\/strong> et <strong data-start=\"1267\" data-end=\"1291\">apr\u00e8s l\u2019entra\u00eenement<\/strong>.<\/p>\n<hr data-start=\"1296\" data-end=\"1299\" \/>\n<h3 data-start=\"1301\" data-end=\"1344\">\ud83d\udd25 <strong data-start=\"1308\" data-end=\"1344\">Pourquoi choisir 100% WHEY PRO ?<\/strong><\/h3>\n<ul data-start=\"1345\" data-end=\"1560\">\n<li data-start=\"1345\" data-end=\"1395\">\n<p data-start=\"1347\" data-end=\"1395\">Prot\u00e9ine \u00e0 <strong data-start=\"1358\" data-end=\"1393\">assimilation rapide et compl\u00e8te<\/strong><\/p>\n<\/li>\n<li data-start=\"1396\" data-end=\"1462\">\n<p data-start=\"1398\" data-end=\"1462\">Soutient la <strong data-start=\"1410\" data-end=\"1437\">construction musculaire<\/strong> et la <strong data-start=\"1444\" data-end=\"1460\">r\u00e9cup\u00e9ration<\/strong><\/p>\n<\/li>\n<li data-start=\"1463\" data-end=\"1508\">\n<p data-start=\"1465\" data-end=\"1508\">Texture <strong data-start=\"1473\" data-end=\"1486\">onctueuse<\/strong>, m\u00e9lange instantan\u00e9<\/p>\n<\/li>\n<li data-start=\"1509\" data-end=\"1560\">\n<p data-start=\"1511\" data-end=\"1560\"><strong data-start=\"1511\" data-end=\"1558\">Ingr\u00e9dients europ\u00e9ens hautement qualitatifs<\/strong><\/p>\n<\/li>\n<\/ul>\n<hr data-start=\"1562\" data-end=\"1565\" \/>\n<p data-start=\"1567\" data-end=\"1750\">\u26a0\ufe0f <strong data-start=\"1570\" data-end=\"1587\">Avertissement<\/strong> :<br data-start=\"1589\" data-end=\"1592\" \/>Les compl\u00e9ments alimentaires ne remplacent pas une alimentation vari\u00e9e et \u00e9quilibr\u00e9e.<br data-start=\"1677\" data-end=\"1680\" \/>Ne pas d\u00e9passer la dose recommand\u00e9e. Tenir hors de port\u00e9e des enfants.<\/p>\n<hr \/>\n<h5>ERN\u00c4HRUNGSINFOS<\/h5>\n<table>\n<tbody>\n<tr>\n<td class=\"big\">supplement facts \/ infos nutritionnelles moyennes \/ durchschnittliche n\u00e4hrwerte<\/td>\n<td>100g<\/td>\n<td>\n<div>1Portion\/Serving<\/div>\n<div>30 g<\/div>\n<div>+ 30 cl water\/eau\/wasser<\/div>\n<\/td>\n<\/tr>\n<tr>\n<td>Caloric Value \/ Valeur \u00e9nerg\u00e9tique\/Brennwert<\/td>\n<td>1771 kJ\/422 kcal<\/td>\n<td>531 kJ\/127 kcal<\/td>\n<\/tr>\n<tr>\n<td>Fat \/ Lipides \/ Fett<\/td>\n<td>7,8 g<\/td>\n<td>2,3 g<\/td>\n<\/tr>\n<tr>\n<td>&#8211; of which saturates \/ dont satur\u00e9s \/ davon ges\u00e4ttigte Fetts\u00e4uren<\/td>\n<td>5,9 g<\/td>\n<td>1,8 g<\/td>\n<\/tr>\n<tr>\n<td>Carbohydrates \/ Glucides \/ Kohlenhydrate<\/td>\n<td>9,1 g<\/td>\n<td>2,7 g<\/td>\n<\/tr>\n<tr>\n<td>&#8211; of which sugars \/ dont sucres \/ davon Zucker<\/td>\n<td>7,4 g<\/td>\n<td>2,2 g<\/td>\n<\/tr>\n<tr>\n<td>&#8211; of which lactose \/ dont lactose \/ davon Laktose<\/td>\n<td>2,9 g<\/td>\n<td>0,9 g<\/td>\n<\/tr>\n<tr>\n<td>Protein \/ Prot\u00e9ines \/ Eiweiss<\/td>\n<td>78,3 g<\/td>\n<td>23,5 g<\/td>\n<\/tr>\n<tr>\n<td>Salt \/ Sel \/ Salz<\/td>\n<td>0,51 g<\/td>\n<td>0,15 g<\/td>\n<\/tr>\n<\/tbody>\n<\/table>\n<h5>Profil moyen des acides amin\u00e9s\/ Aminos\u00e4urenzusammensetzung des Proteins (Durchschnittswerte)<\/h5>\n<h4>Pour 100g de prot\u00e9ine \/ F\u00fcr 100g Protein<\/h4>\n<table>\n<tbody>\n<tr>\n<td>Alanine \/Alanin<\/td>\n<td>4,4 g<\/td>\n<td>Histidine \/Histidin<\/td>\n<td>1,3 g<\/td>\n<td>Proline \/ Prolin<\/td>\n<td>5,2 g<\/td>\n<\/tr>\n<tr>\n<td>Arginine\/Arginin<\/td>\n<td>1,8 g<\/td>\n<td>Isoleucine\/ Isoleucin<\/td>\n<td>5,2 g<\/td>\n<td>S\u00e9rine \/ Serin<\/td>\n<td>4,4 g<\/td>\n<\/tr>\n<tr>\n<td>Asparagine \/ Asparagins\u00e4ure<\/td>\n<td>9,5 g<\/td>\n<td>Leucine \/ Leucin<\/td>\n<td>8,7 g<\/td>\n<td>Thr\u00e9onine \/ Threonin<\/td>\n<td>6,2 g<\/td>\n<\/tr>\n<tr>\n<td>Cyst\u00e9ine \/ Cyste in<\/td>\n<td>1,9 g<\/td>\n<td>Lysine \/ Lysin<\/td>\n<td>8,5 g<\/td>\n<td>Tryptophane \/ Tryptophan<\/td>\n<td>1,5 g<\/td>\n<\/tr>\n<tr>\n<td>Glutamine \/ Glutamins\u00e4ure<\/td>\n<td>14,9 g<\/td>\n<td>M\u00e9thionine\/Methionin<\/td>\n<td>1,8 g<\/td>\n<td>Tyrosine \/ Tyrosin<\/td>\n<td>1,9 g<\/td>\n<\/tr>\n<tr>\n<td>Glycine \/ Glycin<\/td>\n<td>1,5 g<\/td>\n<td>Ph\u00e9nylalanine \/ Phenylalanin<\/td>\n<td>2,4 g<\/td>\n<td>Valine \/ Valin<\/td>\n<td>4,6 g<\/td>\n<\/tr>\n<\/tbody>\n<\/table>\n<p><strong>Ingr\u00e9dients<\/strong><\/p>\n<p>Banane: prot\u00e9ine de\u00a0<strong><em>lactos\u00e9rum\u00a0<\/em><\/strong>concentr\u00e9e, isolat de prot\u00e9ine de\u00a0<strong><em>lactos\u00e9rum<\/em><\/strong>\u00a0(contient \u00e9mulsifiant:<strong><em>\u00a0l\u00e9cithine de soja<\/em><\/strong>), poudre de\u00a0<strong><em>cr\u00e8me<\/em><\/strong>, ar\u00f4me; acidifiant: acide citrique, \u00e9dulcorant: sucralose.<\/p>\n<p>Cappuccino: prot\u00e9ine de\u00a0<strong><em>lactos\u00e9rum<\/em><\/strong>\u00a0concentr\u00e9e, isolat de prot\u00e9ine de\u00a0<strong><em>lactos\u00e9rum<\/em><\/strong>\u00a0(contient \u00e9mulsifiant:<strong><em>\u00a0l\u00e9cithine de soja<\/em><\/strong>), caf\u00e9 instantan\u00e9, cacao (fortement d\u00e9graiss\u00e9), poudre de\u00a0<strong><em>cr\u00e8me<\/em><\/strong>, ar\u00f4me, \u00e9dulcorant: sucralose.<\/p>\n<p>Cookie &amp; Cream: prot\u00e9ine de<strong><em>\u00a0lactos\u00e9rum<\/em><\/strong>\u00a0concentr\u00e9e, isolat de prot\u00e9ine de\u00a0<strong><em>lactos\u00e9rum<\/em><\/strong>\u00a0(contient \u00e9mulsifiant:\u00a0<strong><em>l\u00e9cithine de soja<\/em><\/strong>), cacao fortement d\u00e9graiss\u00e9, poudre de<strong><em>\u00a0cr\u00e8me<\/em><\/strong>,ar\u00f4me,\u00e9dulcorant: sucralose.<\/p>\n<p>Vanille: prot\u00e9ine de<strong><em>\u00a0lactos\u00e9rum\u00a0<\/em><\/strong>concentr\u00e9e, isolat de prot\u00e9ine de\u00a0<strong><em>lactos\u00e9rum\u00a0<\/em><\/strong>(contient \u00e9mulsifiant:\u00a0<strong><em>l\u00e9cithine de soja<\/em><\/strong>), ar\u00f4me, poudre de\u00a0<strong><em>cr\u00e8me<\/em><\/strong>, \u00e9dulcorant: sucralose.<\/p>\n<p>Chocolat: prot\u00e9ine de\u00a0<strong><em>lactos\u00e9rum<\/em><\/strong>\u00a0concentr\u00e9e, isolat de prot\u00e9ine de<strong><em>\u00a0lactos\u00e9rum<\/em><\/strong>\u00a0(contient \u00e9mulsifiant:<strong><em>\u00a0l\u00e9cithine de soja<\/em><\/strong>), cacao (fortement d\u00e9graiss\u00e9), poudre de<strong><em>\u00a0cr\u00e8me<\/em><\/strong>, \u00e9dulcorant: sucralose.<\/p>\n<p>Fruits des Bois: prot\u00e9ine de<strong><em>\u00a0lactos\u00e9rum<\/em><\/strong>\u00a0concentr\u00e9e, isolat de prot\u00e9ine de\u00a0<strong><em>lactos\u00e9rum\u00a0<\/em><\/strong>(contient \u00e9mulsifiant:\u00a0<strong><em>l\u00e9cithine de soja<\/em><\/strong>), poudre de\u00a0<strong><em>cr\u00e8me,\u00a0<\/em><\/strong>ar\u00f4me, colorant alimentaire betterave rouge, \u00e9dulcorant: sucralose, acidifiant : acide citrique.<\/p>\n<hr \/>","protected":false},"excerpt":{"rendered":"<ul data-start=\"154\" data-end=\"387\">\n<li data-start=\"154\" data-end=\"206\">\n<p data-start=\"156\" data-end=\"206\"><strong data-start=\"156\" data-end=\"204\">Alimentez vos muscles, d\u00e9passez vos limites.<\/strong><\/p>\n<\/li>\n<li data-start=\"207\" data-end=\"257\">\n<p data-start=\"209\" data-end=\"257\"><strong data-start=\"209\" data-end=\"255\">La prot\u00e9ine qui propulse vos performances.<\/strong><\/p>\n<\/li>\n<li data-start=\"258\" data-end=\"321\">\n<p data-start=\"260\" data-end=\"321\"><strong data-start=\"260\" data-end=\"319\">Plus de force, plus de r\u00e9cup\u00e9ration, plus de r\u00e9sultats.<\/strong><\/p>\n<\/li>\n<li data-start=\"322\" data-end=\"387\">\n<p data-start=\"324\" data-end=\"387\"><strong data-start=\"324\" data-end=\"385\">Construisez du muscle de qualit\u00e9, plus vite et plus fort.<\/strong><\/p>\n<\/li>\n<\/ul>","protected":false},"featured_media":365,"template":"","meta":{"_acf_changed":false},"product_brand":[62],"product_cat":[72,48],"product_tag":[66],"class_list":{"0":"post-317","1":"product","2":"type-product","3":"status-publish","4":"has-post-thumbnail","6":"product_brand-american-premier-nutrition","7":"product_cat-masse-musculaire","8":"product_cat-proteines","9":"product_tag-complements","11":"first","12":"instock","13":"taxable","14":"shipping-taxable","15":"purchasable","16":"product-type-variable","17":"has-default-attributes"},"acf":[],"_links":{"self":[{"href":"https:\/\/californiafitnessproducts.com\/de\/wp-json\/wp\/v2\/product\/317","targetHints":{"allow":["GET"]}}],"collection":[{"href":"https:\/\/californiafitnessproducts.com\/de\/wp-json\/wp\/v2\/product"}],"about":[{"href":"https:\/\/californiafitnessproducts.com\/de\/wp-json\/wp\/v2\/types\/product"}],"version-history":[{"count":1,"href":"https:\/\/californiafitnessproducts.com\/de\/wp-json\/wp\/v2\/product\/317\/revisions"}],"predecessor-version":[{"id":23218,"href":"https:\/\/californiafitnessproducts.com\/de\/wp-json\/wp\/v2\/product\/317\/revisions\/23218"}],"wp:featuredmedia":[{"embeddable":true,"href":"https:\/\/californiafitnessproducts.com\/de\/wp-json\/wp\/v2\/media\/365"}],"wp:attachment":[{"href":"https:\/\/californiafitnessproducts.com\/de\/wp-json\/wp\/v2\/media?parent=317"}],"wp:term":[{"taxonomy":"product_brand","embeddable":true,"href":"https:\/\/californiafitnessproducts.com\/de\/wp-json\/wp\/v2\/product_brand?post=317"},{"taxonomy":"product_cat","embeddable":true,"href":"https:\/\/californiafitnessproducts.com\/de\/wp-json\/wp\/v2\/product_cat?post=317"},{"taxonomy":"product_tag","embeddable":true,"href":"https:\/\/californiafitnessproducts.com\/de\/wp-json\/wp\/v2\/product_tag?post=317"}],"curies":[{"name":"wp","href":"https:\/\/api.w.org\/{rel}","templated":true}]}}