{"id":276,"date":"2022-09-06T14:31:44","date_gmt":"2022-09-06T14:31:44","guid":{"rendered":"https:\/\/themegenix.net\/wp\/suxnix\/?page_id=3"},"modified":"2025-09-16T11:55:56","modified_gmt":"2025-09-16T11:55:56","slug":"privacy","status":"publish","type":"page","link":"https:\/\/californiafitnessproducts.com\/de\/privacy\/","title":{"rendered":"POLITIQUE DE CONFIDENTIALIT\u00c9"},"content":{"rendered":"<p>Introduction<br \/>\nLa pr\u00e9sente Politique de confidentialit\u00e9 d\u00e9crit les pratiques de CALIFORNIA FITNESS PRODUCTS SA\u00a0concernant les informations collect\u00e9es aupr\u00e8s des utilisateurs qui acc\u00e8dent \u00e0 notre site web \u00e0 l&rsquo;adresse https:\/\/www.californiafitnessproducts.com (\u00a0\u00bb Site \u00ab\u00a0) ou qui partagent des informations personnelles avec nous (conjointement : \u00a0\u00bb les Utilisateurs \u00ab\u00a0).<\/p>\n<p>Raisons de la collecte de donn\u00e9es<br \/>\nLe traitement de vos informations personnelles (c&rsquo;est-a-dire toute information qui pourrait potentiellement permettre votre identification par des moyens raisonnables ; ci-apr\u00e8s \u00a0\u00bb Informations personnelles \u00ab\u00a0) est n\u00e9cessaire pour l&rsquo;ex\u00e9cution de nos obligations contractuelles envers vous et pour vous fournir nos services, prot\u00e9ger nos int\u00e9r\u00eats l\u00e9gitimes et respecter les obligations r\u00e9glementaires (l\u00e9gales et financi\u00e8res) auxquelles nous sommes soumis.<\/p>\n<p>Lorsque vous utilisez le Site, vous acceptez la collecte, le stockage, l&rsquo;utilisation, la divulgation et d&rsquo;autres utilisations de vos Informations personnelles comme pr\u00e9vu dans la pr\u00e9sente Politique de confidentialit\u00e9.<\/p>\n<p>Nous encourageons nos Utilisateurs \u00e0 lire attentivement la Politique de confidentialit\u00e9 et \u00e0 l&rsquo;utiliser pour prendre des d\u00e9cisions \u00e9clair\u00e9es.<\/p>\n<p>Quelles informations recueillons-nous ?<br \/>\nNous recueillons deux types de donn\u00e9es et d&rsquo;informations concernant nos Utilisateurs.<\/p>\n<p>Le premier type regroupe les informations non-identifi\u00e9es et ne permettant pas d&rsquo;identification qui concernent un ou plusieurs Utilisateurs, et qui peuvent \u00eatre mises \u00e0 notre disposition ou collect\u00e9es du fait de leur utilisation du Site (\u00a0\u00bb Informations non personnelles \u00ab\u00a0). Nous ne connaissons pas l&rsquo;identit\u00e9 des Utilisateurs aupr\u00e8s desquels ces informations non personnelles ont \u00e9t\u00e9 collect\u00e9es. Les informations non personnelles qui sont collect\u00e9es peuvent inclure vos informations d&rsquo;utilisation agr\u00e9g\u00e9es et des informations techniques transmises par votre appareil, notamment certaines informations relatives aux logiciels et aux mat\u00e9riels informatiques (par ex. : le type de navigateur et de syst\u00e8me d&rsquo;exploitation que votre appareil utilise, les param\u00e8tres de langue, l&rsquo;heure d&rsquo;acc\u00e8s, etc.) afin d&rsquo;am\u00e9liorer la fonctionnalit\u00e9 de notre Site. Nous pouvons \u00e9galement recueillir des informations concernant votre activit\u00e9 sur le Site (par ex. : les pages consult\u00e9es, la navigation en ligne, les clics, les actions, etc.).<\/p>\n<p>Le second type regroupe les Informations personnelles , c&rsquo;est \u00e0 dire des informations d&rsquo;identification individuelle, qui identifient un individu ou qui sont susceptibles, par des moyens raisonnables, de permettre l&rsquo;identification d&rsquo;un individu. Ces informations incluent :<\/p>\n<p>Les informations sur l&rsquo;appareil : nous collectons des Informations personnelles sur votre appareil qui incluent les donn\u00e9es de g\u00e9olocalisation, l&rsquo;adresse IP, les identifiants uniques (par ex. : adresse MAC et UUID) et d&rsquo;autres informations relatives \u00e0 votre activit\u00e9 sur le Site.<\/p>\n<p>Les informations d&rsquo;inscription : lorsque vous vous inscrivez sur notre Site, nous vous demanderons de fournir certains renseignements, \u00e0 savoir : vos nom et pr\u00e9nom, votre adresse e-mail ou postale, ainsi que d&rsquo;autres informations.<\/p>\n<p>Comment recevons-nous les informations vous concernant ?<br \/>\nVos Informations personnelles sont collect\u00e9es de plusieurs fa\u00e7ons :<\/p>\n<p>Lorsque vous fournissez volontairement vos donn\u00e9es personnelles en vous inscrivant sur notre Site ;<\/p>\n<p>Lorsque vous utilisez notre Site ou y acc\u00e9dez en rapport avec votre utilisation de nos services ;<\/p>\n<p>\u00c0 partir de fournisseurs, de services et de registres publics tiers (par exemple : des fournisseurs d&rsquo;analyse du trafic).<\/p>\n<p>Quelles informations recueillons-nous ?<br \/>\nNous ne louons pas, ne vendons pas ni ne partageons les informations des Utilisateurs avec des tiers, sauf tel que d\u00e9crit dans la pr\u00e9sente Politique de confidentialit\u00e9.<\/p>\n<p>Nous pouvons utiliser les informations pour les raisons suivantes :<\/p>\n<p>Communiquer avec vous : en vous envoyant des messages concernant nos services, en vous fournissant des informations techniques et en r\u00e9pondant \u00e0 toute question relative au service client que vous pouvez poser ;<\/p>\n<p>Communiquer avec vous et vous informer des derni\u00e8res mises \u00e0 jour et des nouveaux services.<\/p>\n<p>Mener des enqu\u00eates statistiques et analytiques afin d&rsquo;am\u00e9liorer le Site.<\/p>\n<p>Outre les diff\u00e9rentes utilisations mentionn\u00e9es ci-dessus, nous pouvons transf\u00e9rer ou divulguer les Informations personnelles \u00e0 nos filiales, soci\u00e9t\u00e9s affili\u00e9es et sous-traitants.<\/p>\n<p>Outre les raisons mentionn\u00e9es dans la pr\u00e9sente Politique de confidentialit\u00e9, nous pouvons partager les Informations personnelles avec des fournisseurs tiers de confiance (qui peuvent d\u00e9pendre de diff\u00e9rentes juridictions dans le monde), pour les raisons suivantes :<\/p>\n<p>H\u00e9berger et exploiter notre Site ;<\/p>\n<p>Vous fournir nos services, notamment un affichage personnalis\u00e9 de notre Site ;<\/p>\n<p>Stocker et traiter lesdites informations en notre nom ;<\/p>\n<p>Vous pr\u00e9senter des publicit\u00e9s et nous aider \u00e0 \u00e9valuer la r\u00e9ussite de nos campagnes publicitaires pour nous permettre de recibler nos utilisateurs (le cas \u00e9ch\u00e9ant) ;<\/p>\n<p>Vous proposer des offres marketing et du contenu promotionnel relatifs \u00e0 notre Site et nos services ;<\/p>\n<p>R\u00e9aliser des recherches, des diagnostics techniques ou analytiques ;<\/p>\n<p>Nous pouvons \u00e9galement divulguer les informations si nous croyons de bonne foi que la divulgation de ces informations est utile ou raisonnablement n\u00e9cessaire pour : (i) respecter la loi, le r\u00e8glement, la proc\u00e9dure judiciaire en vigueur ou une requ\u00eate du gouvernement ; (ii) faire appliquer nos politiques (y compris notre politique de confidentialit\u00e9), notamment les enqu\u00eates sur des violations potentielles de celles-ci ; (iii) rechercher, d\u00e9tecter, emp\u00eacher ou prendre des mesures contre des cas de fraude pr\u00e9sum\u00e9s ou les probl\u00e8mes de s\u00e9curit\u00e9 ; (iv) \u00e9tablir ou exercer nos droits \u00e0 nous d\u00e9fendre contre toute r\u00e9clamation l\u00e9gale ; (v) emp\u00eacher l&rsquo;atteinte aux droits, \u00e0 la propri\u00e9t\u00e9 ou \u00e0 la s\u00e9curit\u00e9 de notre entreprise, de nos utilisateurs, de vous-m\u00eames ou de toute partie tierce ; ou (vi) aux fins de collaborer avec les forces de l&rsquo;ordre, et\/ou dans le cas o\u00f9 nous estimons que c&rsquo;est n\u00e9cessaire, afin d&rsquo;exercer la propri\u00e9t\u00e9 intellectuelle ou d&rsquo;autres droits juridiques.<\/p>\n<p>Droits des utilisateurs<br \/>\nVous pouvez demander \u00e0 :<\/p>\n<p>Recevoir une confirmation du traitement des informations personnelles vous concernant (ou un avis de non-traitement de vos informations personnelles, le cas \u00e9ch\u00e9ant) et acc\u00e9der \u00e0 vos informations personnelles stock\u00e9es, ainsi qu&rsquo;\u00e0 des informations suppl\u00e9mentaires.<br \/>\nRecevoir une copie des informations personnelles que vous nous avez fournies volontairement dans un format structur\u00e9, couramment utilis\u00e9 et lisible par un ordinateur.<br \/>\nDemander la rectification de vos informations personnelles que nous stockons.<br \/>\nDemander la suppression de vos informations personnelles.<br \/>\nRefuser le traitement de vos informations personnelles.<br \/>\nDemander que nous limitions le traitement de vos informations personnelles.<br \/>\nD\u00e9poser une plainte aupr\u00e8s d&rsquo;une autorit\u00e9 de surveillance.<\/p>\n<p>Veuillez noter cependant que ces droits ne sont pas absolus et peuvent \u00eatre soumis \u00e0 nos propres int\u00e9r\u00eats l\u00e9gitimes et exigences r\u00e9glementaires.<\/p>\n<p>Si vous souhaitez exercer l&rsquo;un des droits susmentionn\u00e9s ou recevoir plus d&rsquo;informations, veuillez contacter notre d\u00e9l\u00e9gu\u00e9 \u00e0 la protection des donn\u00e9es par e-mail \u00e0 info@californiafitnessproducts.com<\/p>\n<p>Conservation<br \/>\nNous conserverons vos informations personnelles aussi longtemps que n\u00e9cessaire pour fournir nos services, et si n\u00e9cessaire pour respecter nos obligations l\u00e9gales, r\u00e9soudre des litiges et faire appliquer nos politiques. Les dur\u00e9es de conservation seront d\u00e9termin\u00e9es selon le type d&rsquo;informations collect\u00e9es et l&rsquo;objectif de leur collecte, compte tenu des exigences applicables \u00e0 la situation et le besoin de d\u00e9truire des informations obsol\u00e8tes et non utilis\u00e9es dans les meilleurs d\u00e9lais. En vertu des lois et des r\u00e8glements en vigueur, nous conserverons des archives contenant les renseignements personnels du client, les documents d&rsquo;ouverture du compte, les communications et toute autre information requise.<\/p>\n<p>Nous pouvons rectifier, compl\u00e9ter ou supprimer des informations incompl\u00e8tes ou incorrectes, \u00e0 tout moment et \u00e0 notre seule discr\u00e9tion.<\/p>\n<p>Cookies<br \/>\nNos partenaires de confiance et nous-m\u00eames utilisons des cookies et d&rsquo;autres technologies dans nos services connexes, y compris lorsque vous visitez notre Site ou acc\u00e9dez \u00e0 nos services.<\/p>\n<p>Un \u00ab\u00a0cookie\u00a0\u00bb est un petit fragment d&rsquo;information qu&rsquo;un site web attribue \u00e0 votre appareil lors de votre consultation du site. Les cookies sont tr\u00e8s utiles et leur utilisation peut avoir diff\u00e9rents objectifs, notamment de vous permettre de naviguer efficacement d&rsquo;une page \u00e0 l&rsquo;autre, d&rsquo;autoriser l&rsquo;activation automatique de certaines fonctionnalit\u00e9s, de m\u00e9moriser vos pr\u00e9f\u00e9rences et de vous permettre d&rsquo;interagir avec nos Services plus rapidement et plus simplement. Les cookies sont \u00e9galement utilis\u00e9s pour faire en sorte que les publicit\u00e9s que vous voyez correspondent \u00e0 vos int\u00e9r\u00eats et soient personnalis\u00e9es en cons\u00e9quence, ainsi que pour compiler des donn\u00e9es statistiques sur votre utilisation de nos Services.<\/p>\n<p>Le Site utilise les types de cookies suivants :<\/p>\n<p>a. Les \u00ab cookies de session \u00bb qui sont conserv\u00e9s uniquement de fa\u00e7on temporaire lors de votre session de navigation afin de permettre une utilisation normale du syst\u00e8me, et sont supprim\u00e9s de votre appareil lorsque vous fermez le navigateur ;<\/p>\n<p>b. Les \u00ab cookies persistants \u00bb qui ne sont lus que par le Site, qui sont enregistr\u00e9s sur votre ordinateur pour une dur\u00e9e d\u00e9termin\u00e9e et ne sont pas supprim\u00e9s lorsque le navigateur est ferm\u00e9. Ces cookies sont utilis\u00e9s lorsque nous devons vous reconnaitre lors de visites r\u00e9p\u00e9t\u00e9es, par exemple, pour nous permettre de conserver vos pr\u00e9f\u00e9rences lors de votre prochaine connexion ;<\/p>\n<p>c. Les \u00ab cookies tiers \u00bb qui sont mis en place par d&rsquo;autres services en ligne qui g\u00e8rent du contenu sur la page que vous consultez, par exemple, par les soci\u00e9t\u00e9s d&rsquo;analyse tierces qui surveillent et analysent notre acc\u00e8s web.<\/p>\n<p>Les cookies ne contiennent aucune information permettant de vous identifier personnellement, mais nous pouvons associer les Informations personnelles vous concernant que nous stockons aux informations stock\u00e9es et obtenues par les cookies. Vous pouvez supprimer les cookies en suivant les instructions dans les pr\u00e9f\u00e9rences de votre appareil. Sachez toutefois que si vous choisissez de d\u00e9sactiver les cookies, certaines fonctionnalit\u00e9s de notre Site pourront ne pas fonctionner correctement et votre exp\u00e9rience en ligne pourrait \u00eatre limit\u00e9e.<\/p>\n<p>Nous utilisons \u00e9galement un outil nomm\u00e9 \u00ab Google Analytics \u00bb pour recueillir des informations sur votre utilisation du Site. Google Analytics recueille des informations telles que la fr\u00e9quence d&rsquo;acc\u00e8s des utilisateurs au Site, les pages qu&rsquo;ils consultent, etc. Nous utilisons les informations recueillies par Google Analytics uniquement pour am\u00e9liorer le Site et ses services. Google Analytics collecte l&rsquo;adresse IP qui vous est attribu\u00e9e le jour de votre visite des sites, plut\u00f4t que votre nom ou toute information d&rsquo;identification. Nous ne combinons pas les informations recueillies par Google Analytics aux informations qui permettent de vous identifier personnellement. La capacit\u00e9 de Google d&rsquo;utiliser et de partager les informations recueillies par Google Analytics concernant vos visites de ce Site est limit\u00e9e par les Conditions d&rsquo;utilisation et la Politique de confidentialit\u00e9 de Google .<\/p>\n<p>Collecte d&rsquo;informations par des tiers<br \/>\nNotre politique concerne uniquement l&rsquo;utilisation et la divulgation des informations que nous collectons aupr\u00e8s de vous. Dans la mesure o\u00f9 vous divulguez vos informations \u00e0 d&rsquo;autres parties ou sites sur Internet, des r\u00e8gles diff\u00e9rentes peuvent s&rsquo;appliquer \u00e0 leur utilisation ou \u00e0 leur divulgation. Par cons\u00e9quent, nous vous encourageons \u00e0 lire les conditions d&rsquo;utilisation et la politique de confidentialit\u00e9 de chaque partie tierce \u00e0 laquelle vous divulguez volontairement vos informations.<\/p>\n<p>La pr\u00e9sente Politique de confidentialit\u00e9 ne s&rsquo;applique pas aux pratiques des soci\u00e9t\u00e9s dont nous ne sommes pas propri\u00e9taires et que nous ne contr\u00f4lons pas, ni aux individus que nous n&#8217;employons pas ni ne g\u00e9rons, notamment toute partie tierce \u00e0 laquelle nous pouvons divulguer vos informations comme indiqu\u00e9 par la pr\u00e9sente Politique de confidentialit\u00e9.<\/p>\n<p>Google Adwords<br \/>\nNotre site web utilise l\u2019outil \u00abConversion tracking\u00bb de Google. La soci\u00e9t\u00e9 d\u2019exploitation des services de Google AdWords est Google LLC, 1600 Amphitheatre Parkway, Mountain View, CA 94043, USA. Si vous visitez notre site via une annonce publi\u00e9e par Google, Google AdWords place un cookie dans votre ordinateur. Le cookie \u00abConversion tracking\u00bb est plac\u00e9 lorsqu\u2019un utilisateur clique sur une annonce publi\u00e9e par Google.<\/p>\n<p>Ce service de Google utilise notamment des cookies, et des donn\u00e9es peuvent \u00eatre transmises \u00e0 Google aux \u00c9tats-Unis. Nous partons cependant du principe qu\u2019aucun suivi personnel n\u2019a lieu dans le cadre de la seule utilisation de notre site web. Google s\u2019est engag\u00e9 \u00e0 garantir une protection des donn\u00e9es ad\u00e9quate aux termes du bouclier de protection des donn\u00e9es UE-\u00c9tats-Unis et Suisse-\u00c9tats-Unis Privacy Shield. Vous trouverez de plus amples informations \u00e0 ce sujet dans les R\u00e8gles de confidentialit\u00e9 de Google.<\/p>\n<p>Comment prot\u00e9geons-nous vos informations ?<br \/>\nNous accordons une grande attention \u00e0 la mise en \u0153uvre et au maintien de la s\u00e9curit\u00e9 du Site et de vos informations. Nous utilisons des proc\u00e9dures standard du secteur pour garantir la s\u00e9curit\u00e9 des informations que nous collectons et stockons, et pour emp\u00eacher l&rsquo;utilisation non autoris\u00e9e de celles-ci. Nous exigeons que les tiers respectent des exigences de s\u00e9curit\u00e9 similaires, conform\u00e9ment \u00e0 la pr\u00e9sente Politique de confidentialit\u00e9. Bien que nous mettions en \u0153uvre des mesures raisonnables pour prot\u00e9ger les informations, nous ne pouvons pas \u00eatre tenus responsables des actes de personnes qui obtiennent un acc\u00e8s non autoris\u00e9 ou abusent de notre Site, et nous n&rsquo;offrons aucune garantie formelle, implicite ou autre, d&#8217;emp\u00eacher un tel acc\u00e8s.<\/p>\n<p>Transfert des donn\u00e9es en dehors de l&rsquo;EEE<br \/>\nVeuillez noter que certains destinataires de donn\u00e9es peuvent se trouver en dehors de l&rsquo;Espace \u00e9conomique europ\u00e9en (EEE). Dans de tels cas, nous transf\u00e9rerons vos donn\u00e9es auxdits pays uniquement tel qu&rsquo;approuv\u00e9 par la Commission europ\u00e9enne en fournissant le niveau ad\u00e9quat de protection des donn\u00e9es, ou nous \u00e9tablirons des accords juridiques garantissant un niveau ad\u00e9quat de protection des donn\u00e9es.<\/p>\n<p>Publicit\u00e9s<br \/>\nNous pouvons utiliser une technologie publicitaire tierce pour diffuser des publicit\u00e9s lorsque vous acc\u00e9dez au Site. Cette technologie utilise les informations relatives \u00e0 votre utilisation des Services pour diffuser des publicit\u00e9s qui vous sont destin\u00e9es (par exemple, en pla\u00e7ant des cookies tiers sur votre navigateur web).<\/p>\n<p>Vous pouvez vous d\u00e9sabonner de nombreux r\u00e9seaux publicitaires tiers, y compris ceux exploit\u00e9s par les membres de Network Advertising Initiative (\u00ab\u00a0NAI\u00a0\u00bb) et de Digital Advertising Alliance (\u00ab\u00a0DAA\u00a0\u00bb). Pour obtenir plus d&rsquo;informations aupr\u00e8s des membres de NAI et de DAA sur cette pratique et sur vos choix concernant l&rsquo;utilisation de ces informations par ces soci\u00e9t\u00e9s, notamment comment se d\u00e9sabonner des r\u00e9seaux publicitaires tiers exploit\u00e9s par les membres de NAI et de DAA, veuillez consulter leurs sites web respectifs : http:\/\/optout.networkadvertising.org\/#!\/ et http:\/\/optout.aboutads.info\/#!\/ .<\/p>\n<p>Marketing<br \/>\nNous pouvons utiliser vos Informations personnelles, notamment votre nom, votre adresse e-mail, votre num\u00e9ro de t\u00e9l\u00e9phone, etc., nous-m\u00eames ou par le biais de sous-traitants afin de vous fournir du contenu promotionnel concernant les services qui, selon nous, pourraient vous int\u00e9resser.<\/p>\n<p>Par respect pour votre droit \u00e0 la vie priv\u00e9e, nous incluons dans ce contenu promotionnel les moyens de refuser de recevoir de nouvelles offres promotionnelles de notre part. Si vous vous d\u00e9sabonnez, nous supprimerons votre adresse e-mail ou votre num\u00e9ro de t\u00e9l\u00e9phone de nos listes de distribution marketing.<\/p>\n<p>Veuillez noter que m\u00eame si vous vous d\u00e9sabonnez afin de ne plus recevoir d&rsquo;e-mails marketing de notre part, nous pouvons vous envoyer d&rsquo;autres types de communications importantes par e-mail sans vous donner la possibilit\u00e9 de vous d\u00e9sabonner. Celles-ci peuvent inclure des messages du service client ou des notifications administratives.<\/p>\n<p>Transaction d&rsquo;entreprise<br \/>\nNous pouvons partager des informations dans le cas d&rsquo;une transaction commerciale (par ex. : la vente d&rsquo;une partie importante de notre entreprise, la fusion, la consolidation ou la vente d&rsquo;actifs). Dans les cas mentionn\u00e9s pr\u00e9c\u00e9demment, le b\u00e9n\u00e9ficiaire ou la soci\u00e9t\u00e9 acqu\u00e9rante assumera les droits et obligations tels que d\u00e9crits dans la pr\u00e9sente Politique de confidentialit\u00e9<\/p>\n<p>Mineurs<br \/>\nNous comprenons l&rsquo;importance de la protection des renseignements personnels des enfants, en particulier dans un environnement en ligne. Le Site n&rsquo;a pas \u00e9t\u00e9 con\u00e7u pour \u00eatre utilis\u00e9 par des enfants. En aucun cas nous n&rsquo;autorisons l&rsquo;utilisation de nos services par des mineurs sans le consentement ou l&rsquo;autorisation pr\u00e9alable d&rsquo;un parent ou d&rsquo;un tuteur l\u00e9gal. Nous ne collectons pas sciemment d&rsquo;Informations personnelles aupr\u00e8s de mineurs. Si un parent s&rsquo;aper\u00e7oit que son enfant nous a fourni des Informations personnelles sans son consentement (ou si un tuteur se rend compte que l&rsquo;enfant dont il a la responsabilit\u00e9 nous a fourni des informations personnelles sans son consentement), il ou elle doit nous contacter \u00e0 l&rsquo;adresse : info@californiafitnessproducts.com.<\/p>\n<p>Mises \u00e0 jour ou modifications de la pr\u00e9sente Politique de confidentialit\u00e9<br \/>\nNous nous r\u00e9servons le droit de modifier ou de r\u00e9viser p\u00e9riodiquement la politique de confidentialit\u00e9 ; les changements mat\u00e9riels entreront en vigueur d\u00e8s l&rsquo;affichage de la politique de confidentialit\u00e9 r\u00e9vis\u00e9e. La derni\u00e8re r\u00e9vision sera disponible dans la section \u00ab\u00a0Derni\u00e8re modification\u00a0\u00bb. Votre utilisation continue de la Plateforme, suite \u00e0 la notification de ces modifications sur notre site web, constitue votre reconnaissance et votre acceptation desdites modifications et votre consentement \u00e0 les respecter.<\/p>\n<p>Nous contacter<br \/>\nSi vous avez des questions g\u00e9n\u00e9rales concernant le Site ou notre collecte et notre utilisation des informations vous concernant, veuillez nous contacter \u00e0 l&rsquo;adresse : info@californiafitnessproducts.com.<\/p>","protected":false},"excerpt":{"rendered":"<p>Introduction La pr\u00e9sente Politique de confidentialit\u00e9 d\u00e9crit les pratiques de CALIFORNIA FITNESS PRODUCTS SA\u00a0concernant les informations collect\u00e9es aupr\u00e8s des utilisateurs qui acc\u00e8dent \u00e0 notre site web \u00e0 l&rsquo;adresse https:\/\/www.californiafitnessproducts.com (\u00a0\u00bb Site \u00ab\u00a0) ou qui partagent des informations personnelles avec nous (conjointement : \u00a0\u00bb les Utilisateurs \u00ab\u00a0). Raisons de la collecte de donn\u00e9es Le traitement de [&hellip;]<\/p>\n","protected":false},"author":1,"featured_media":0,"parent":0,"menu_order":0,"comment_status":"closed","ping_status":"open","template":"","meta":{"_acf_changed":false,"footnotes":""},"class_list":["post-276","page","type-page","status-publish","hentry"],"acf":[],"_links":{"self":[{"href":"https:\/\/californiafitnessproducts.com\/de\/wp-json\/wp\/v2\/pages\/276","targetHints":{"allow":["GET"]}}],"collection":[{"href":"https:\/\/californiafitnessproducts.com\/de\/wp-json\/wp\/v2\/pages"}],"about":[{"href":"https:\/\/californiafitnessproducts.com\/de\/wp-json\/wp\/v2\/types\/page"}],"author":[{"embeddable":true,"href":"https:\/\/californiafitnessproducts.com\/de\/wp-json\/wp\/v2\/users\/1"}],"replies":[{"embeddable":true,"href":"https:\/\/californiafitnessproducts.com\/de\/wp-json\/wp\/v2\/comments?post=276"}],"version-history":[{"count":4,"href":"https:\/\/californiafitnessproducts.com\/de\/wp-json\/wp\/v2\/pages\/276\/revisions"}],"predecessor-version":[{"id":19981,"href":"https:\/\/californiafitnessproducts.com\/de\/wp-json\/wp\/v2\/pages\/276\/revisions\/19981"}],"wp:attachment":[{"href":"https:\/\/californiafitnessproducts.com\/de\/wp-json\/wp\/v2\/media?parent=276"}],"curies":[{"name":"wp","href":"https:\/\/api.w.org\/{rel}","templated":true}]}}